{"id":561,"date":"2024-08-27T03:36:43","date_gmt":"2024-08-27T03:36:43","guid":{"rendered":"https:\/\/slats.easiwin.com\/?post_type=product&#038;p=561"},"modified":"2024-10-28T03:26:43","modified_gmt":"2024-10-28T03:26:43","slug":"custom-curved-bed-slats-manufacturer","status":"publish","type":"product","link":"https:\/\/yuantuowood.com\/de\/produkt\/custom-curved-bed-slats-manufacturer\/","title":{"rendered":"Gebogene Lattenroste"},"content":{"rendered":"<p data-immersive-translate-paragraph=\"1\" data-immersive-translate-walked=\"4ec3e8cb-c4a5-4ec8-9ecf-ed82a1888c4a\">Auf der Suche nach einem wirklich erholsamen und verj\u00fcngenden Schlaferlebnis ist jedes Element Ihres Schlafsystems wichtig. W\u00e4hrend die Matratze oft im Mittelpunkt steht, spielt der oft \u00fcbersehene Lattenrost eine entscheidende Rolle bei der richtigen Unterst\u00fctzung und der Verbesserung des Komforts. Gebogen <a href=\"https:\/\/en.wikipedia.org\/wiki\/Bed_base\" target=\"_blank\" rel=\"noopener\">Lattenrost<\/a>Mit ihrem ergonomischen Design und ihrer F\u00e4higkeit, sich den nat\u00fcrlichen Kurven des K\u00f6rpers anzupassen, haben sich die YuanTuo Wood Lattenroste zu einer \u00fcberlegenen Wahl f\u00fcr anspruchsvolle Schl\u00e4fer entwickelt, die den ultimativen Komfort und eine optimale Ausrichtung der Wirbels\u00e4ule suchen. Dieser umfassende Leitfaden taucht in die Welt der gebogenen Lattenroste ein, erforscht ihre Vorteile und Anwendungen und erkl\u00e4rt, warum YuanTuo Wood als f\u00fchrender Anbieter dieser innovativen Schlafl\u00f6sungen hervorsticht.<\/p>\n<h3 data-immersive-translate-walked=\"4ec3e8cb-c4a5-4ec8-9ecf-ed82a1888c4a\"><strong data-immersive-translate-walked=\"4ec3e8cb-c4a5-4ec8-9ecf-ed82a1888c4a\" data-immersive-translate-paragraph=\"1\">Was sind gebogene Lattenroste?<\/strong><\/h3>\n<p data-immersive-translate-walked=\"4ec3e8cb-c4a5-4ec8-9ecf-ed82a1888c4a\" data-immersive-translate-paragraph=\"1\">Stellen Sie sich eine Reihe sorgf\u00e4ltig gefertigter Holzlatten vor, die sanft gebogen sind, um die nat\u00fcrlichen Konturen Ihrer Wirbels\u00e4ule zu imitieren. Im Gegensatz zu herk\u00f6mmlichen flachen Latten bieten gebogene Latten ein dynamischeres und reaktionsfreudigeres St\u00fctzsystem. Dank dieses einzigartigen Designs passen sich die Latten dem Gewicht und den Bewegungen Ihres K\u00f6rpers w\u00e4hrend der Nacht an und sorgen so f\u00fcr eine gezielte Druckentlastung und die richtige Ausrichtung der Wirbels\u00e4ule. Das Ergebnis ist ein Schlaferlebnis, das sowohl \u00e4u\u00dferst bequem ist als auch einen gesunden R\u00fccken und eine gesunde Wirbels\u00e4ule f\u00f6rdert.<\/p>\n<h3 data-immersive-translate-walked=\"4ec3e8cb-c4a5-4ec8-9ecf-ed82a1888c4a\"><strong data-immersive-translate-walked=\"4ec3e8cb-c4a5-4ec8-9ecf-ed82a1888c4a\" data-immersive-translate-paragraph=\"1\">Gebogene Lattenroste verstehen: Die wichtigsten Merkmale<\/strong><\/h3>\n<div style=\"overflow-x: auto;\">\n<table>\n<tbody>\n<tr>\n<td><strong>Merkmal<\/strong><\/td>\n<td><strong>Beschreibung<\/strong><\/td>\n<\/tr>\n<tr>\n<td>Holzarten<\/td>\n<td>\n<div>\n<div>Birke\/Pappel\/Eukalyptus<\/div>\n<\/div>\n<\/td>\n<\/tr>\n<tr>\n<td>Eigenschaften<\/td>\n<td>\n<div>\n<div>Stark, leicht, flexibel, langlebig, resistent gegen Verziehen und Rissbildung, nachhaltig (aus verantwortungsvoll bewirtschafteten W\u00e4ldern), sto\u00dfd\u00e4mpfend, hervorragende Gewichtsverteilung, f\u00f6rdert die Luftzirkulation &#8211; Diese kombinierten Eigenschaften machen gebogene Lattenroste zu einer hervorragenden Wahl f\u00fcr eine Vielzahl von Anwendungen.<\/div>\n<\/div>\n<\/td>\n<\/tr>\n<tr>\n<td>Oberfl\u00e4che<\/td>\n<td>\n<div>\n<div>Naturbelassen \/ Mit Dekorationspapier<\/div>\n<\/div>\n<\/td>\n<\/tr>\n<tr>\n<td>Typ<\/td>\n<td>R4000\/R8000<\/td>\n<\/tr>\n<tr>\n<td>Abmessungen<\/td>\n<td>\n<div>\n<div>L\u00e4nge:550-1750mm<br \/>\nBreite:25-170mm<br \/>\nDicke:6-20mm<\/div>\n<\/div>\n<\/td>\n<\/tr>\n<tr>\n<td>Leimgehalt<\/td>\n<td>E0, E1<\/td>\n<\/tr>\n<tr>\n<td>Feuchtigkeitsgehalt<\/td>\n<td>8-14%<\/td>\n<\/tr>\n<tr>\n<td>Zertifikat<\/td>\n<td>\n<div>\n<div>FSC\/ CARB P2\/ EPA<\/div>\n<\/div>\n<\/td>\n<\/tr>\n<\/tbody>\n<\/table>\n<\/div>\n<h3 data-immersive-translate-walked=\"4ec3e8cb-c4a5-4ec8-9ecf-ed82a1888c4a\"><strong data-immersive-translate-walked=\"4ec3e8cb-c4a5-4ec8-9ecf-ed82a1888c4a\" data-immersive-translate-paragraph=\"1\">Anwendungen von gebogenen Lattenrosten: Verbesserung des Komforts in verschiedenen Branchen<\/strong><\/h3>\n<p data-immersive-translate-walked=\"4ec3e8cb-c4a5-4ec8-9ecf-ed82a1888c4a\" data-immersive-translate-paragraph=\"1\">Die einzigartigen Vorteile von gebogenen Lattenrosten haben dazu gef\u00fchrt, dass sie in verschiedenen Branchen weit verbreitet sind und nicht nur in der traditionellen Wohnungseinrichtung zum Einsatz kommen:<\/p>\n<ul data-immersive-translate-walked=\"4ec3e8cb-c4a5-4ec8-9ecf-ed82a1888c4a\">\n<li data-immersive-translate-walked=\"4ec3e8cb-c4a5-4ec8-9ecf-ed82a1888c4a\" data-immersive-translate-paragraph=\"1\"><strong data-immersive-translate-walked=\"4ec3e8cb-c4a5-4ec8-9ecf-ed82a1888c4a\">Einrichtungsgegenst\u00e4nde:<\/strong>\u00a0Von minimalistischen Studios bis hin zu luxuri\u00f6sen Master-Suiten - gebogene Lattenroste erh\u00f6hen den Komfort und die Unterst\u00fctzung von Betten in Wohnungen aller Stilrichtungen. Ihre Anpassungsf\u00e4higkeit an verschiedene Bettrahmenkonstruktionen und -abmessungen macht sie zu einer begehrten Wahl f\u00fcr alle, die ein hervorragendes Schlaferlebnis suchen.<\/li>\n<li data-immersive-translate-walked=\"4ec3e8cb-c4a5-4ec8-9ecf-ed82a1888c4a\" data-immersive-translate-paragraph=\"1\"><strong data-immersive-translate-walked=\"4ec3e8cb-c4a5-4ec8-9ecf-ed82a1888c4a\">Hotels und Gastgewerbe:<\/strong>\u00a0Das Gastgewerbe lebt davon, seinen G\u00e4sten au\u00dfergew\u00f6hnlichen Komfort und unvergessliche Erlebnisse zu bieten. Gebogene Lattenroste mit ihrer F\u00e4higkeit, die Schlafqualit\u00e4t zu verbessern und die Entspannung zu f\u00f6rdern, werden in Hotels, Resorts und Boutique-Unterk\u00fcnften immer beliebter, erh\u00f6hen die Zufriedenheit der G\u00e4ste und f\u00f6rdern positive Bewertungen.<\/li>\n<li data-immersive-translate-paragraph=\"1\" data-immersive-translate-walked=\"4ec3e8cb-c4a5-4ec8-9ecf-ed82a1888c4a\"><strong data-immersive-translate-walked=\"4ec3e8cb-c4a5-4ec8-9ecf-ed82a1888c4a\">Gesundheitswesen und Rehabilitation:<\/strong>\u00a0In Einrichtungen des Gesundheitswesens, in denen der Komfort und das Wohlbefinden der Patienten an erster Stelle stehen, bieten gebogene Lattenroste eine Reihe von Vorteilen. Ihr ergonomisches Design kann dazu beitragen, Druckstellen zu lindern, die richtige K\u00f6rperhaltung zu f\u00f6rdern und die Blutzirkulation zu verbessern, wodurch sie sich f\u00fcr Krankenhausbetten, Rehabilitationszentren und Einrichtungen f\u00fcr betreutes Wohnen eignen.<\/li>\n<li data-immersive-translate-paragraph=\"1\" data-immersive-translate-walked=\"4ec3e8cb-c4a5-4ec8-9ecf-ed82a1888c4a\"><strong data-immersive-translate-walked=\"4ec3e8cb-c4a5-4ec8-9ecf-ed82a1888c4a\">Spezialisierte Matratzenauflage:<\/strong>\u00a0Gebogene Lattenroste eignen sich besonders gut f\u00fcr Spezialmatratzen, wie z. B. solche mit zonierten St\u00fctzsystemen oder solche, die f\u00fcr verstellbare Bettrahmen konzipiert sind. Ihre F\u00e4higkeit, sich den Konturen dieser Matratzen anzupassen, gew\u00e4hrleistet eine optimale Leistung und maximiert die Vorteile dieser speziellen Schlafsysteme.<\/li>\n<\/ul>\n<h3 data-immersive-translate-walked=\"4ec3e8cb-c4a5-4ec8-9ecf-ed82a1888c4a\"><strong data-immersive-translate-walked=\"4ec3e8cb-c4a5-4ec8-9ecf-ed82a1888c4a\" data-immersive-translate-paragraph=\"1\">Vorteile der Wahl von gebogenen Lattenrosten: Ein hervorragendes Schlaferlebnis<\/strong><\/h3>\n<p data-immersive-translate-walked=\"4ec3e8cb-c4a5-4ec8-9ecf-ed82a1888c4a\" data-immersive-translate-paragraph=\"1\">Gebogene Lattenroste bieten eine \u00fcberzeugende Kombination von Vorteilen, die sie von herk\u00f6mmlichen flachen Lattenrosten unterscheiden und sie zu einer hervorragenden Wahl f\u00fcr anspruchsvolle Schl\u00e4fer machen:<\/p>\n<ul data-immersive-translate-walked=\"4ec3e8cb-c4a5-4ec8-9ecf-ed82a1888c4a\">\n<li data-immersive-translate-walked=\"4ec3e8cb-c4a5-4ec8-9ecf-ed82a1888c4a\" data-immersive-translate-paragraph=\"1\"><strong data-immersive-translate-walked=\"4ec3e8cb-c4a5-4ec8-9ecf-ed82a1888c4a\">Ergonomische Unterst\u00fctzung f\u00fcr die Ausrichtung der Wirbels\u00e4ule:<\/strong>\u00a0Die Besonderheit der gebogenen Lattenroste liegt darin, dass sie sich der nat\u00fcrlichen Kr\u00fcmmung der Wirbels\u00e4ule anpassen. Dieses ergonomische Design f\u00f6rdert die richtige Ausrichtung der Wirbels\u00e4ule und reduziert die Belastung der R\u00fcckenmuskulatur und der Bandscheiben. Indem sie die nat\u00fcrlichen Kurven des K\u00f6rpers unterst\u00fctzen, helfen gebogene Lattenroste, R\u00fcckenschmerzen zu lindern, Steifheit zu reduzieren und eine erholsamere Schlafposition zu f\u00f6rdern.<\/li>\n<li data-immersive-translate-paragraph=\"1\" data-immersive-translate-walked=\"4ec3e8cb-c4a5-4ec8-9ecf-ed82a1888c4a\"><strong data-immersive-translate-walked=\"4ec3e8cb-c4a5-4ec8-9ecf-ed82a1888c4a\">Verbesserte Druckentlastung f\u00fcr tieferen Schlaf:<\/strong>\u00a0Die sanfte Biegung und Konturierung der gebogenen Lattenroste sorgt f\u00fcr eine gezielte Druckentlastung, insbesondere im Lendenbereich und an Druckstellen wie H\u00fcfte und Schultern. Durch die gleichm\u00e4\u00dfigere Verteilung des K\u00f6rpergewichts auf der Matratzenoberfl\u00e4che minimieren gebogene Lattenroste Druckpunkte, die zu Hin- und Herw\u00e4lzen f\u00fchren k\u00f6nnen, und f\u00f6rdern einen tieferen, erholsameren Schlaf.<\/li>\n<li data-immersive-translate-paragraph=\"1\" data-immersive-translate-walked=\"4ec3e8cb-c4a5-4ec8-9ecf-ed82a1888c4a\"><strong data-immersive-translate-walked=\"4ec3e8cb-c4a5-4ec8-9ecf-ed82a1888c4a\">Verbesserte Blutzirkulation f\u00fcr allgemeines Wohlbefinden:<\/strong>\u00a0Die dynamische Beschaffenheit von gebogenen Lattenrosten, die leicht nachgeben und auf Bewegungen reagieren, kann auch zu einer besseren Blutzirkulation beitragen. Durch die Verringerung des Drucks auf die Blutgef\u00e4\u00dfe f\u00f6rdern gebogene Lattenroste einen gesunden Blutfluss, was sich positiv auf die allgemeine Gesundheit und das Wohlbefinden auswirken kann.<\/li>\n<li data-immersive-translate-paragraph=\"1\" data-immersive-translate-walked=\"4ec3e8cb-c4a5-4ec8-9ecf-ed82a1888c4a\"><strong data-immersive-translate-walked=\"4ec3e8cb-c4a5-4ec8-9ecf-ed82a1888c4a\">Verbesserte Lebensdauer und Leistung der Matratze:<\/strong>\u00a0Gew\u00f6lbte Lattenroste k\u00f6nnen durch ihre F\u00e4higkeit, das Gewicht gleichm\u00e4\u00dfiger zu verteilen und Druckstellen zu minimieren, auch dazu beitragen, die Lebensdauer Ihrer Matratze zu verl\u00e4ngern. Indem sie die Abnutzung an bestimmten Stellen der Matratze verringern, tragen gebogene Lattenroste dazu bei, dass die Matratze ihre Form und Unterst\u00fctzung im Laufe der Zeit beibeh\u00e4lt und Sie das Beste aus Ihrer Investition herausholen k\u00f6nnen.<\/li>\n<\/ul>\n<h3 data-immersive-translate-walked=\"4ec3e8cb-c4a5-4ec8-9ecf-ed82a1888c4a\"><strong data-immersive-translate-walked=\"4ec3e8cb-c4a5-4ec8-9ecf-ed82a1888c4a\" data-immersive-translate-paragraph=\"1\">Gebogene Lattenroste im Vergleich zu anderen Materialien: Ein klarer Vorteil<\/strong><\/h3>\n<p data-immersive-translate-walked=\"4ec3e8cb-c4a5-4ec8-9ecf-ed82a1888c4a\" data-immersive-translate-paragraph=\"1\">W\u00e4hrend f\u00fcr Lattenroste verschiedene Materialien verwendet werden, bieten gebogene Lattenroste, die in der Regel aus Harth\u00f6lzern gefertigt werden, einen deutlichen Vorteil gegen\u00fcber anderen Optionen:<\/p>\n<ul data-immersive-translate-walked=\"4ec3e8cb-c4a5-4ec8-9ecf-ed82a1888c4a\">\n<li data-immersive-translate-walked=\"4ec3e8cb-c4a5-4ec8-9ecf-ed82a1888c4a\" data-immersive-translate-paragraph=\"1\"><strong data-immersive-translate-walked=\"4ec3e8cb-c4a5-4ec8-9ecf-ed82a1888c4a\">Gebogene Laubh\u00f6lzer vs. flache Latten:<\/strong>\u00a0Das gebogene Design ist flachen Lattenrosten in Bezug auf ergonomische Unterst\u00fctzung und Druckentlastung von Natur aus \u00fcberlegen. Flache Latten bieten zwar ein grundlegendes Ma\u00df an Unterst\u00fctzung, k\u00f6nnen aber nicht mit der dynamischen Konturierung und der gezielten Druckverteilung von gebogenen Latten mithalten.<\/li>\n<li data-immersive-translate-paragraph=\"1\" data-immersive-translate-walked=\"4ec3e8cb-c4a5-4ec8-9ecf-ed82a1888c4a\"><strong data-immersive-translate-walked=\"4ec3e8cb-c4a5-4ec8-9ecf-ed82a1888c4a\">Gebogene Harth\u00f6lzer vs. Metall-Lamellen:<\/strong>\u00a0Lamellen aus Metall m\u00f6gen zwar erschwinglich sein, sind aber in puncto Komfort, Ger\u00e4uschentwicklung und Haltbarkeit oft unzureichend. Metall kann sich kalt und unnachgiebig anf\u00fchlen und neigt zu Quietsch- oder Knarrger\u00e4uschen. Gebogene Hartholzlatten hingegen bieten ein w\u00e4rmeres, leiseres und komfortableres Schlaferlebnis.<\/li>\n<li data-immersive-translate-walked=\"4ec3e8cb-c4a5-4ec8-9ecf-ed82a1888c4a\" data-immersive-translate-paragraph=\"1\"><strong data-immersive-translate-walked=\"4ec3e8cb-c4a5-4ec8-9ecf-ed82a1888c4a\">Gebogene Harth\u00f6lzer vs. Sperrholzlatten:<\/strong>\u00a0Sperrholz ist zwar preiswerter als massives Hartholz, hat aber nicht die f\u00fcr gebogene Lattenroste erforderliche Festigkeit, Haltbarkeit und Elastizit\u00e4t. Sperrholz neigt zum Verziehen, Durchh\u00e4ngen und Delaminieren, insbesondere bei wiederholter Beanspruchung durch Biegen. Gebogene Lattenroste aus Hartholz sind aufgrund ihrer h\u00f6heren Festigkeit und Verformungsbest\u00e4ndigkeit langlebig und behalten ihre Form \u00fcber lange Zeit.<\/li>\n<\/ul>\n<h3 data-immersive-translate-walked=\"4ec3e8cb-c4a5-4ec8-9ecf-ed82a1888c4a\"><strong data-immersive-translate-walked=\"4ec3e8cb-c4a5-4ec8-9ecf-ed82a1888c4a\" data-immersive-translate-paragraph=\"1\">Warum sollten Sie Yuantuo Holz f\u00fcr Ihre gebogenen Lattenroste w\u00e4hlen?<\/strong><\/h3>\n<p data-immersive-translate-walked=\"4ec3e8cb-c4a5-4ec8-9ecf-ed82a1888c4a\" data-immersive-translate-paragraph=\"1\">Bei YuanTuo Wood haben wir uns der Herstellung der Grundlage f\u00fcr ein wirklich au\u00dfergew\u00f6hnliches Schlaferlebnis verschrieben. Unsere gebogenen Lattenroste verk\u00f6rpern unser Engagement f\u00fcr Qualit\u00e4t, Handwerkskunst und Kundenzufriedenheit. Hier&#8217;s, warum anspruchsvolle Kunden w\u00e4hlen <a href=\"https:\/\/yuantuowood.com\/de\/about-us\/\">Yuantuo Wood<\/a>:<\/p>\n<ul data-immersive-translate-walked=\"4ec3e8cb-c4a5-4ec8-9ecf-ed82a1888c4a\">\n<li data-immersive-translate-walked=\"4ec3e8cb-c4a5-4ec8-9ecf-ed82a1888c4a\" data-immersive-translate-paragraph=\"1\"><strong data-immersive-translate-walked=\"4ec3e8cb-c4a5-4ec8-9ecf-ed82a1888c4a\">Kompromisslose Qualit\u00e4t und Pr\u00e4zisionstechnik:<\/strong>\u00a0Wir beziehen nur die besten Harth\u00f6lzer aus nachhaltig bewirtschafteten W\u00e4ldern und setzen modernste Fertigungstechniken ein, um sicherzustellen, dass jede gebogene Latte den h\u00f6chsten Anforderungen an Pr\u00e4zision und Haltbarkeit entspricht. Unsere strengen Qualit\u00e4tskontrollverfahren garantieren, dass Sie ein Produkt von au\u00dfergew\u00f6hnlicher Qualit\u00e4t und Langlebigkeit erhalten.<\/li>\n<li data-immersive-translate-paragraph=\"1\" data-immersive-translate-walked=\"4ec3e8cb-c4a5-4ec8-9ecf-ed82a1888c4a\"><strong data-immersive-translate-walked=\"4ec3e8cb-c4a5-4ec8-9ecf-ed82a1888c4a\">Fachwissen zur Anpassung f\u00fcr ma\u00dfgeschneiderte L\u00f6sungen:<\/strong>\u00a0Wir wissen, dass jeder Schl\u00e4fer einzigartig ist, und so sind auch seine Unterst\u00fctzungsbed\u00fcrfnisse. Deshalb bieten wir eine breite Palette von Anpassungsm\u00f6glichkeiten, einschlie\u00dflich Lattenabmessungen, Kurvenradien, Holzarten und Oberfl\u00e4chenbehandlungen. Unser erfahrenes Team kann mit Ihnen zusammenarbeiten, um ma\u00dfgeschneiderte L\u00f6sungen zu entwickeln, die auf Ihre spezifischen Anforderungen zugeschnitten sind und eine perfekte Passform und optimale Leistung f\u00fcr Ihre Anwendung gew\u00e4hrleisten.<\/li>\n<li data-immersive-translate-paragraph=\"1\" data-immersive-translate-walked=\"4ec3e8cb-c4a5-4ec8-9ecf-ed82a1888c4a\"><strong data-immersive-translate-walked=\"4ec3e8cb-c4a5-4ec8-9ecf-ed82a1888c4a\">Nachhaltige Beschaffung und Umweltverantwortung:<\/strong>\u00a0Wir haben uns zu einer verantwortungsvollen Forstwirtschaft verpflichtet und verf\u00fcgen \u00fcber Zertifizierungen wie FSC (Forest Stewardship Council) und PEFC (Programme for the Endorsement of Forest Certification), die sicherstellen, dass unsere Holzprodukte aus gut bewirtschafteten W\u00e4ldern stammen. Wenn Sie sich f\u00fcr YuanTuo Wood entscheiden, entscheiden Sie sich f\u00fcr ein Unternehmen, das der \u00f6kologischen Nachhaltigkeit Priorit\u00e4t einr\u00e4umt und seinen \u00f6kologischen Fu\u00dfabdruck minimiert.<\/li>\n<li data-immersive-translate-paragraph=\"1\" data-immersive-translate-walked=\"4ec3e8cb-c4a5-4ec8-9ecf-ed82a1888c4a\"><strong data-immersive-translate-walked=\"4ec3e8cb-c4a5-4ec8-9ecf-ed82a1888c4a\">Globale Reichweite, lokale Kompetenz und au\u00dfergew\u00f6hnlicher Service:<\/strong>\u00a0Mit einer globalen Pr\u00e4senz und einem tiefen Verst\u00e4ndnis f\u00fcr die unterschiedlichen Marktbed\u00fcrfnisse ist YuanTuo Wood Ihr zuverl\u00e4ssiger Partner f\u00fcr gebogene Lattenroste. Unser umfangreiches Vertriebsnetz erm\u00f6glicht es uns, unsere Produkte effizient an Kunden weltweit zu liefern. Unser engagiertes Kundenserviceteam steht Ihnen jederzeit zur Verf\u00fcgung, um Ihnen pers\u00f6nliche Unterst\u00fctzung und technisches Fachwissen zu bieten und Ihre volle Zufriedenheit zu gew\u00e4hrleisten.<\/li>\n<\/ul>\n<h3 data-immersive-translate-walked=\"4ec3e8cb-c4a5-4ec8-9ecf-ed82a1888c4a\"><strong data-immersive-translate-walked=\"4ec3e8cb-c4a5-4ec8-9ecf-ed82a1888c4a\" data-immersive-translate-paragraph=\"1\">H\u00e4ufig gestellte Fragen (FAQ)<\/strong><\/h3>\n<p data-immersive-translate-walked=\"4ec3e8cb-c4a5-4ec8-9ecf-ed82a1888c4a\"><strong data-immersive-translate-walked=\"4ec3e8cb-c4a5-4ec8-9ecf-ed82a1888c4a\" data-immersive-translate-paragraph=\"1\">1. Welche Art von Matratze eignet sich am besten f\u00fcr gebogene Lattenroste?<\/strong><\/p>\n<p data-immersive-translate-paragraph=\"1\" data-immersive-translate-walked=\"4ec3e8cb-c4a5-4ec8-9ecf-ed82a1888c4a\">Gebogene Lattenroste sind mit einer Vielzahl von Matratzentypen kompatibel, darunter Memory Foam, Latex, Federkern- und Hybridmatratzen. Sie sind besonders vorteilhaft f\u00fcr Matratzen mit zonierten St\u00fctzsystemen, bei denen die Flexibilit\u00e4t der Latten die gezielten St\u00fctzzonen der Matratze erg\u00e4nzt, oder f\u00fcr verstellbare Bettrahmen, da sich die Latten auf verschiedene Positionen einstellen lassen. Es ist jedoch immer ratsam, die Richtlinien des Matratzenherstellers f\u00fcr die empfohlenen Lattenabst\u00e4nde und die Unterst\u00fctzung zu konsultieren, um eine optimale Leistung zu gew\u00e4hrleisten und Garantieprobleme zu vermeiden.<\/p>\n<p data-immersive-translate-walked=\"4ec3e8cb-c4a5-4ec8-9ecf-ed82a1888c4a\"><strong data-immersive-translate-walked=\"4ec3e8cb-c4a5-4ec8-9ecf-ed82a1888c4a\" data-immersive-translate-paragraph=\"1\">2. Wie wirken sich gebogene Lattenroste auf die Ausrichtung der Wirbels\u00e4ule aus?<\/strong><\/p>\n<p data-immersive-translate-walked=\"4ec3e8cb-c4a5-4ec8-9ecf-ed82a1888c4a\" data-immersive-translate-paragraph=\"1\">Im Gegensatz zu flachen Latten, die eine gleichm\u00e4\u00dfige, aber weniger anpassungsf\u00e4hige Unterst\u00fctzung bieten, wirken diese Latten dank ihrer gebogenen Form wie eine Reihe miteinander verbundener Federn, die sich sanft an die nat\u00fcrliche Kr\u00fcmmung Ihrer Wirbels\u00e4ule anpassen. Dieses ergonomische Design f\u00f6rdert die korrekte Ausrichtung der Wirbels\u00e4ule, unabh\u00e4ngig von Ihrer Schlafposition, indem es die Belastung der R\u00fcckenmuskulatur und der Bandscheiben, die besonders anf\u00e4llig f\u00fcr Stress und Druck sind, reduziert. Indem sie die nat\u00fcrlichen Kurven des K\u00f6rpers unterst\u00fctzen, helfen die gebogenen Lamellen, R\u00fcckenschmerzen zu lindern, Steifheit zu reduzieren und eine erholsamere Schlafhaltung zu f\u00f6rdern.<\/p>\n<p data-immersive-translate-walked=\"4ec3e8cb-c4a5-4ec8-9ecf-ed82a1888c4a\"><strong data-immersive-translate-walked=\"4ec3e8cb-c4a5-4ec8-9ecf-ed82a1888c4a\" data-immersive-translate-paragraph=\"1\">3. Sind gebogene Lattenroste f\u00fcr Menschen mit R\u00fcckenproblemen geeignet?<\/strong><\/p>\n<p data-immersive-translate-walked=\"4ec3e8cb-c4a5-4ec8-9ecf-ed82a1888c4a\" data-immersive-translate-paragraph=\"1\">Obwohl viele Nutzer der Meinung sind, dass das ergonomische Design von gebogenen Lattenrosten zu einem komfortableren und st\u00fctzenden Schlaferlebnis beitragen und m\u00f6glicherweise einige R\u00fcckenbeschwerden lindern kann, ist es wichtig, einen Arzt oder einen zertifizierten Schlafspezialisten zu konsultieren, um eine individuelle Beratung f\u00fcr spezifische R\u00fcckenbeschwerden zu erhalten. Sie k\u00f6nnen Ihre individuellen Bed\u00fcrfnisse unter Ber\u00fccksichtigung von Faktoren wie Gewicht, Schlafposition und Krankengeschichte beurteilen, um ma\u00dfgeschneiderte Empfehlungen zu geben und festzustellen, ob gebogene Lattenroste f\u00fcr Ihre Situation geeignet sind.<\/p>\n<p data-immersive-translate-walked=\"4ec3e8cb-c4a5-4ec8-9ecf-ed82a1888c4a\"><strong data-immersive-translate-walked=\"4ec3e8cb-c4a5-4ec8-9ecf-ed82a1888c4a\" data-immersive-translate-paragraph=\"1\">4. Wie montiere ich gebogene Lattenroste?<\/strong><\/p>\n<p data-immersive-translate-paragraph=\"1\" data-immersive-translate-walked=\"4ec3e8cb-c4a5-4ec8-9ecf-ed82a1888c4a\">Der Einbau kann je nach Bettrahmenmodell und Lattenrostausf\u00fchrung leicht variieren. In der Regel m\u00fcssen die Latten jedoch in den St\u00fctzschienen des Bettrahmens positioniert werden. Dabei ist sicherzustellen, dass sie gleichm\u00e4\u00dfig verteilt sind, um eine gleichm\u00e4\u00dfige Unterst\u00fctzung der Matratze zu gew\u00e4hrleisten, und dass sie sicher befestigt sind, um Bewegungen oder Ger\u00e4usche zu vermeiden. F\u00fcr einige Bettrahmen sind spezielle Beschl\u00e4ge oder Befestigungen wie Lattenhalter oder Kappen f\u00fcr die Lattenmontage erforderlich. Beziehen Sie sich immer auf die Anweisungen des Herstellers des Bettrahmens, um detaillierte Anweisungen zu erhalten und eine ordnungsgem\u00e4\u00dfe und sichere Installation zu gew\u00e4hrleisten.<\/p>\n<p data-immersive-translate-walked=\"4ec3e8cb-c4a5-4ec8-9ecf-ed82a1888c4a\"><strong data-immersive-translate-walked=\"4ec3e8cb-c4a5-4ec8-9ecf-ed82a1888c4a\" data-immersive-translate-paragraph=\"1\">5. Wie reinige und pflege ich meine gebogenen Bettlatten, um ihre Langlebigkeit zu gew\u00e4hrleisten?<\/strong><\/p>\n<p data-immersive-translate-paragraph=\"1\" data-immersive-translate-walked=\"4ec3e8cb-c4a5-4ec8-9ecf-ed82a1888c4a\">Regelm\u00e4\u00dfige Pflege ist der Schl\u00fcssel zur Erhaltung der Qualit\u00e4t und Verl\u00e4ngerung der Lebensdauer Ihrer gebogenen Lattenroste. Regelm\u00e4\u00dfiges Abstauben mit einem weichen, trockenen Tuch reicht in der Regel aus, um Staub und Ablagerungen zu entfernen, die sich mit der Zeit ansammeln k\u00f6nnen. F\u00fcr eine gr\u00fcndlichere Reinigung k\u00f6nnen Sie ein weiches Tuch mit einem milden Holzreiniger anfeuchten und das \u00fcbersch\u00fcssige Wasser auswringen. Vermeiden Sie die Verwendung von scharfen Chemikalien, Scheuermitteln oder \u00fcberm\u00e4\u00dfigem Wasser, da diese die Holzoberfl\u00e4che angreifen und die Lamellen schw\u00e4chen oder zu Verf\u00e4rbungen f\u00fchren k\u00f6nnen. \u00dcberpr\u00fcfen Sie Ihre Latten regelm\u00e4\u00dfig auf Anzeichen von Verschlei\u00df, wie Risse oder Absplitterungen, und ersetzen Sie sie bei Bedarf, um eine sichere und st\u00fctzende Liegefl\u00e4che zu erhalten.<\/p>","protected":false},"excerpt":{"rendered":"<p>Die aus hochwertigem Hartholz gefertigten, gebogenen Lattenroste von YuanTuo Wood\u2019 bieten eine unvergleichliche ergonomische Unterst\u00fctzung, indem sie sich den nat\u00fcrlichen Kurven Ihres K\u00f6rpers anpassen. Sie bieten eine verbesserte Druckentlastung, f\u00f6rdern die Ausrichtung der Wirbels\u00e4ule und verbessern die Blutzirkulation und sorgen so f\u00fcr einen erholsamen Schlaf. Unsere individuell anpassbaren Lattenroste sind ideal f\u00fcr die Bereiche Heimtextilien, Gastgewerbe, Gesundheitswesen und Spezialmatratzen und garantieren Langlebigkeit und lang anhaltenden Komfort.<\/p>","protected":false},"featured_media":526,"template":"","meta":{"_kad_blocks_custom_css":"","_kad_blocks_head_custom_js":"","_kad_blocks_body_custom_js":"","_kad_blocks_footer_custom_js":"","_kad_post_transparent":"default","_kad_post_title":"","_kad_post_layout":"default","_kad_post_sidebar_id":"","_kad_post_content_style":"default","_kad_post_vertical_padding":"default","_kad_post_feature":"","_kad_post_feature_position":"","_kad_post_header":false,"_kad_post_footer":false,"_kad_post_classname":""},"product_brand":[],"product_cat":[19],"product_tag":[],"class_list":{"0":"post-561","1":"product","2":"type-product","3":"status-publish","4":"has-post-thumbnail","6":"product_cat-bed-slats","8":"first","9":"instock","10":"shipping-taxable","11":"product-type-simple","12":"entry","13":"content-bg","14":"loop-entry"},"taxonomy_info":{"product_cat":[{"value":19,"label":"Bed Slats"}]},"featured_image_src_large":["https:\/\/yuantuowood.com\/wp-content\/uploads\/2024\/08\/Curved-Bed-Slats-1024x683.jpg",1024,683,true],"author_info":[],"comment_info":"","_links":{"self":[{"href":"https:\/\/yuantuowood.com\/de\/wp-json\/wp\/v2\/product\/561","targetHints":{"allow":["GET"]}}],"collection":[{"href":"https:\/\/yuantuowood.com\/de\/wp-json\/wp\/v2\/product"}],"about":[{"href":"https:\/\/yuantuowood.com\/de\/wp-json\/wp\/v2\/types\/product"}],"wp:featuredmedia":[{"embeddable":true,"href":"https:\/\/yuantuowood.com\/de\/wp-json\/wp\/v2\/media\/526"}],"wp:attachment":[{"href":"https:\/\/yuantuowood.com\/de\/wp-json\/wp\/v2\/media?parent=561"}],"wp:term":[{"taxonomy":"product_brand","embeddable":true,"href":"https:\/\/yuantuowood.com\/de\/wp-json\/wp\/v2\/product_brand?post=561"},{"taxonomy":"product_cat","embeddable":true,"href":"https:\/\/yuantuowood.com\/de\/wp-json\/wp\/v2\/product_cat?post=561"},{"taxonomy":"product_tag","embeddable":true,"href":"https:\/\/yuantuowood.com\/de\/wp-json\/wp\/v2\/product_tag?post=561"}],"curies":[{"name":"wp","href":"https:\/\/api.w.org\/{rel}","templated":true}]}}