{"id":565,"date":"2024-08-27T05:35:51","date_gmt":"2024-08-27T05:35:51","guid":{"rendered":"https:\/\/slats.easiwin.com\/?post_type=product&#038;p=565"},"modified":"2024-10-28T03:27:55","modified_gmt":"2024-10-28T03:27:55","slug":"custom-strongest-flat-bed-slats-manufacturer","status":"publish","type":"product","link":"https:\/\/yuantuowood.com\/de\/product\/custom-strongest-flat-bed-slats-manufacturer\/","title":{"rendered":"Flachbett-Lattenrost"},"content":{"rendered":"<p data-immersive-translate-paragraph=\"1\" data-immersive-translate-walked=\"eadfd9ca-4be7-41a2-96ae-2b04d13aac54\">Eine gute Nachtruhe ist ein Orchester des Komforts, in dem jedes Element eine entscheidende Rolle spielt. W\u00e4hrend die Matratze oft im Mittelpunkt steht, sorgt der oft \u00fcbersehene Lattenrost f\u00fcr den reibungslosen Ablauf der gesamten Auff\u00fchrung. <a href=\"https:\/\/en.wikipedia.org\/wiki\/Flat\" target=\"_blank\" rel=\"noopener\">Wohnung<\/a> Mit ihrer schlichten Einfachheit, beeindruckenden Langlebigkeit und bemerkenswerten Vielseitigkeit bilden Lattenroste eine zuverl\u00e4ssige Grundlage f\u00fcr eine Vielzahl von Matratzen und Schlafvorlieben. Dieser umfassende Leitfaden taucht in die Welt der flachen Lattenroste ein, erforscht ihre oft unbesungenen Vorteile, ihre vielf\u00e4ltigen Anwendungsm\u00f6glichkeiten und erkl\u00e4rt, warum YuanTuo Wood ein f\u00fchrender Anbieter dieser wichtigen Schlafsystemkomponenten ist.<\/p>\n<h3 data-immersive-translate-walked=\"eadfd9ca-4be7-41a2-96ae-2b04d13aac54\" data-immersive-translate-paragraph=\"1\">Was sind Flachbettlatten?<\/h3>\n<p data-immersive-translate-paragraph=\"1\" data-immersive-translate-walked=\"eadfd9ca-4be7-41a2-96ae-2b04d13aac54\">Bei flachen Lattenrosten handelt es sich um starre, in der Regel h\u00f6lzerne Bretter, die strategisch \u00fcber die Breite eines Bettrahmens gelegt werden, um eine st\u00fctzende Basis f\u00fcr Ihre Matratze zu bilden. Im Gegensatz zu massiven Lattenrosten, die W\u00e4rme und Feuchtigkeit einschlie\u00dfen k\u00f6nnen, was zu unangenehmen Schlaftemperaturen und m\u00f6glicher Schimmelbildung f\u00fchrt, sind flache Lattenroste so konzipiert, dass sie eine optimale Luftzirkulation unter der Matratze f\u00f6rdern. Diese Atmungsaktivit\u00e4t hilft bei der Temperaturregulierung und schafft eine hygienischere und komfortablere Schlafumgebung, indem sie die Ansammlung von Allergenen, Schimmel und Mehltau verhindert. Neben der Bel\u00fcftung zeichnen sich flache Lattenroste auch durch eine gleichm\u00e4\u00dfige Gewichtsverteilung aus und sorgen daf\u00fcr, dass Ihre Matratze ihre Form beibeh\u00e4lt und w\u00e4hrend ihrer gesamten Lebensdauer eine gleichm\u00e4\u00dfige Unterst\u00fctzung bietet.<\/p>\n<h3 data-immersive-translate-walked=\"eadfd9ca-4be7-41a2-96ae-2b04d13aac54\" data-immersive-translate-paragraph=\"1\">Flachbett-Lattenroste verstehen: Die wichtigsten Merkmale<\/h3>\n<div style=\"overflow-x: auto;\">\n<table>\n<tbody>\n<tr>\n<td>Merkmal<\/td>\n<td>Beschreibung<\/td>\n<\/tr>\n<tr>\n<td>Holzarten<\/td>\n<td>\n<div>\n<div>Birke\/Pappel\/Eukalyptus<\/div>\n<\/div>\n<\/td>\n<\/tr>\n<tr>\n<td>Eigenschaften<\/td>\n<td>\n<div>\n<div>Stark, langlebig, widerstandsf\u00e4hig gegen Verformung und Rissbildung, atmungsaktiv, f\u00f6rdert die Luftzirkulation, einfach zu installieren und auszutauschen, leicht, kosteng\u00fcnstig, nachhaltig (aus verantwortungsvoll bewirtschafteten W\u00e4ldern) &#8211; Diese kombinierten Eigenschaften machen flache Lattenroste zu einer praktischen, zuverl\u00e4ssigen und umweltfreundlichen Wahl f\u00fcr eine breite Palette von Bettrahmen und Matratzenarten.<\/div>\n<\/div>\n<\/td>\n<\/tr>\n<tr>\n<td>Oberfl\u00e4che<\/td>\n<td>\n<div>\n<div>Naturbelassen \/ Mit Dekorationspapier<\/div>\n<\/div>\n<\/td>\n<\/tr>\n<tr>\n<td>Typ<\/td>\n<td>Wohnung<\/td>\n<\/tr>\n<tr>\n<td>Abmessungen<\/td>\n<td>\n<div>\n<div>L\u00e4nge:550-1750mm<br \/>\nBreite:25-170mm<br \/>\nDicke:6-20mm<\/div>\n<\/div>\n<\/td>\n<\/tr>\n<tr>\n<td>Leimgehalt<\/td>\n<td>E0, E1<\/td>\n<\/tr>\n<tr>\n<td>Feuchtigkeitsgehalt<\/td>\n<td>8-14%<\/td>\n<\/tr>\n<tr>\n<td>Zertifikat<\/td>\n<td>\n<div>\n<div>FSC\/ CARB P2\/ EPA<\/div>\n<\/div>\n<\/td>\n<\/tr>\n<\/tbody>\n<\/table>\n<\/div>\n<h3 data-immersive-translate-walked=\"eadfd9ca-4be7-41a2-96ae-2b04d13aac54\" data-immersive-translate-paragraph=\"1\">Anwendungen von Flachbettlatten: Zuverl\u00e4ssige Unterst\u00fctzung f\u00fcr alle Branchen<\/h3>\n<p data-immersive-translate-walked=\"eadfd9ca-4be7-41a2-96ae-2b04d13aac54\" data-immersive-translate-paragraph=\"1\">Die inh\u00e4rente Vielseitigkeit und Zweckm\u00e4\u00dfigkeit von Flachbettlatten hat dazu gef\u00fchrt, dass sie in verschiedenen Branchen weit verbreitet sind und weit \u00fcber die traditionelle Wohnungseinrichtung hinausgehen:<\/p>\n<ul data-immersive-translate-walked=\"eadfd9ca-4be7-41a2-96ae-2b04d13aac54\">\n<li data-immersive-translate-walked=\"eadfd9ca-4be7-41a2-96ae-2b04d13aac54\" data-immersive-translate-paragraph=\"1\"><strong data-immersive-translate-walked=\"eadfd9ca-4be7-41a2-96ae-2b04d13aac54\">Einrichtungsgegenst\u00e4nde:<\/strong>\u00a0Flache Lattenroste sind in Haushalten auf der ganzen Welt ein fester Bestandteil, der Matratzen in Schlafzimmern jeder Art und Gr\u00f6\u00dfe zuverl\u00e4ssig st\u00fctzt. Ihre Anpassungsf\u00e4higkeit an verschiedene Bettrahmenkonstruktionen, die einfache Installation und der g\u00fcnstige Preis machen sie zu einer beliebten Wahl f\u00fcr preisbewusste Verbraucher und diejenigen, die eine einfache, aber effektive Schlafl\u00f6sung suchen.<\/li>\n<li data-immersive-translate-paragraph=\"1\" data-immersive-translate-walked=\"eadfd9ca-4be7-41a2-96ae-2b04d13aac54\"><strong data-immersive-translate-walked=\"eadfd9ca-4be7-41a2-96ae-2b04d13aac54\">Hotels und Gastgewerbe:<\/strong>\u00a0Das Gastgewerbe lebt von langlebigen, pflegeleichten und \u00e4sthetisch ansprechenden Einrichtungsgegenst\u00e4nden. Flachbettlatten sind mit ihrer robusten Konstruktion, ihrem geradlinigen Design und ihrer nat\u00fcrlichen W\u00e4rme gut f\u00fcr Hotelzimmer, Schlafs\u00e4le und andere stark frequentierte Umgebungen geeignet, in denen Langlebigkeit, einfacher Austausch und visuelle Attraktivit\u00e4t an erster Stelle stehen.<\/li>\n<li data-immersive-translate-walked=\"eadfd9ca-4be7-41a2-96ae-2b04d13aac54\" data-immersive-translate-paragraph=\"1\"><strong data-immersive-translate-walked=\"eadfd9ca-4be7-41a2-96ae-2b04d13aac54\" data-immersive-translate-paragraph=\"1\">DIY-Projekte und individuelle Betten:<\/strong>\u00a0Flache Lattenroste sind bei Heimwerkern und all jenen beliebt, die sich einen individuellen Bettrahmen nach ihrem eigenen Stil und Platzbedarf bauen wollen. Ihre leicht erh\u00e4ltlichen Gr\u00f6\u00dfen, die einfache Schneide- und Anpassungsm\u00f6glichkeit und der g\u00fcnstige Preis machen sie zu einer idealen Wahl f\u00fcr die Gestaltung einzigartiger und individueller Bettdesigns, die den individuellen Geschmack und die Bed\u00fcrfnisse widerspiegeln.<\/li>\n<li data-immersive-translate-paragraph=\"1\" data-immersive-translate-walked=\"eadfd9ca-4be7-41a2-96ae-2b04d13aac54\"><strong data-immersive-translate-walked=\"eadfd9ca-4be7-41a2-96ae-2b04d13aac54\">Austausch der Matratzenbasis:<\/strong>\u00a0Im Laufe der Zeit k\u00f6nnen sich Matratzenunterlagen abnutzen, durchh\u00e4ngen oder besch\u00e4digt werden, was die Unterst\u00fctzung und den Komfort Ihrer Matratze beeintr\u00e4chtigt. Flache Lattenroste sind eine kosteng\u00fcnstige und praktische L\u00f6sung f\u00fcr den Ersatz verschlissener Lattenroste. Sie bieten eine neue, st\u00fctzende Unterlage f\u00fcr Ihre Matratze und verl\u00e4ngern deren Lebensdauer, was Ihnen letztendlich Geld spart und Ihre Schlafqualit\u00e4t verbessert.<\/li>\n<\/ul>\n<h3 data-immersive-translate-walked=\"eadfd9ca-4be7-41a2-96ae-2b04d13aac54\" data-immersive-translate-paragraph=\"1\">Vorteile der Wahl von Flachbettlatten: Einfachheit, Langlebigkeit und Vielseitigkeit<\/h3>\n<p data-immersive-translate-walked=\"eadfd9ca-4be7-41a2-96ae-2b04d13aac54\" data-immersive-translate-paragraph=\"1\">Flachbettlatten bieten eine \u00fcberzeugende Kombination von Vorteilen, die sie zu einer beliebten Wahl f\u00fcr eine breite Palette von Schl\u00e4fern, Bettrahmen und Anwendungen machen:<\/p>\n<ul data-immersive-translate-walked=\"eadfd9ca-4be7-41a2-96ae-2b04d13aac54\">\n<li data-immersive-translate-walked=\"eadfd9ca-4be7-41a2-96ae-2b04d13aac54\" data-immersive-translate-paragraph=\"1\"><strong data-immersive-translate-walked=\"eadfd9ca-4be7-41a2-96ae-2b04d13aac54\">Erschwinglich und zug\u00e4nglich:<\/strong>\u00a0Lattenroste sind in der Regel preiswerter als andere Bettunterst\u00fctzungssysteme wie Boxspringbetten oder Plattformbetten, was sie zu einer erschwinglichen Option f\u00fcr preisbewusste Verbraucher macht, die keine Kompromisse bei Unterst\u00fctzung und Komfort eingehen wollen.<\/li>\n<li data-immersive-translate-paragraph=\"1\" data-immersive-translate-walked=\"eadfd9ca-4be7-41a2-96ae-2b04d13aac54\"><strong data-immersive-translate-walked=\"eadfd9ca-4be7-41a2-96ae-2b04d13aac54\">Strapazierf\u00e4hig und langlebig:<\/strong>\u00a0Die Lattenroste werden aus robusten Harth\u00f6lzern gefertigt, die aufgrund ihrer Festigkeit und Widerstandsf\u00e4higkeit ausgew\u00e4hlt wurden, und sind so gebaut, dass sie auch den n\u00e4chtlichen Anforderungen des Schlafs standhalten. Ihre robuste Konstruktion sorgt daf\u00fcr, dass sie ein erhebliches Gewicht tragen k\u00f6nnen, ohne durchzusacken oder zu brechen, und bietet so eine zuverl\u00e4ssige Grundlage f\u00fcr Ihre Matratze f\u00fcr die kommenden Jahre.<\/li>\n<li data-immersive-translate-paragraph=\"1\" data-immersive-translate-walked=\"eadfd9ca-4be7-41a2-96ae-2b04d13aac54\"><strong data-immersive-translate-walked=\"eadfd9ca-4be7-41a2-96ae-2b04d13aac54\">Einfach zu installieren und auszutauschen:<\/strong>\u00a0Flachbett-Lattenroste sind unglaublich einfach zu montieren und erfordern in der Regel nur minimale Werkzeuge und einen geringen Aufwand, was sie zur idealen Wahl f\u00fcr Heimwerker und diejenigen macht, die einen problemlosen Aufbau w\u00fcnschen. Ihr einfaches Design macht es auch leicht, sie bei Bedarf auszutauschen, wodurch Ausfallzeiten und Unannehmlichkeiten minimiert werden, sollte eine Lamelle ersetzt werden m\u00fcssen.<\/li>\n<li data-immersive-translate-paragraph=\"1\" data-immersive-translate-walked=\"eadfd9ca-4be7-41a2-96ae-2b04d13aac54\"><strong data-immersive-translate-walked=\"eadfd9ca-4be7-41a2-96ae-2b04d13aac54\">F\u00f6rderung von Luftzirkulation und Hygiene:<\/strong>\u00a0Der strategisch konzipierte Abstand zwischen den Lattenrosten erm\u00f6glicht eine hervorragende Luftzirkulation unter der Matratze und tr\u00e4gt dazu bei, die Temperatur zu regulieren, Feuchtigkeit abzuleiten und die Ansammlung von Allergenen, Schimmel und Mehltau zu verhindern, was zu einer ges\u00fcnderen und hygienischeren Schlafumgebung f\u00fcr eine erfrischende und erholsame Nachtruhe beitr\u00e4gt.<\/li>\n<\/ul>\n<h3 data-immersive-translate-walked=\"eadfd9ca-4be7-41a2-96ae-2b04d13aac54\" data-immersive-translate-paragraph=\"1\">Flachbettlatten im Vergleich zu anderen Materialien: Eine praktische und kosteneffiziente Wahl<\/h3>\n<p data-immersive-translate-walked=\"eadfd9ca-4be7-41a2-96ae-2b04d13aac54\" data-immersive-translate-paragraph=\"1\">Es gibt zwar verschiedene Materialien und Designs f\u00fcr Bettauflagen, aber flache Lattenroste, insbesondere solche aus Hartholz, bieten eine \u00fcberzeugende Kombination aus Zweckm\u00e4\u00dfigkeit, Erschwinglichkeit und Langlebigkeit, die nur schwer zu \u00fcbertreffen ist:<\/p>\n<ul data-immersive-translate-walked=\"eadfd9ca-4be7-41a2-96ae-2b04d13aac54\">\n<li data-immersive-translate-walked=\"eadfd9ca-4be7-41a2-96ae-2b04d13aac54\" data-immersive-translate-paragraph=\"1\"><strong data-immersive-translate-walked=\"eadfd9ca-4be7-41a2-96ae-2b04d13aac54\">Flache Harth\u00f6lzer vs. Metall-Lamellen:<\/strong>\u00a0Metalllatten bieten zwar eine elegantere, modernere \u00c4sthetik, aber sie k\u00f6nnen quietschen, sich mit der Zeit verbiegen und kalte Temperaturen an die Matratze weitergeben, was den Schlaf st\u00f6ren kann. Flache Lattenroste aus Hartholz hingegen bieten eine leisere, w\u00e4rmere und stabilere Liegefl\u00e4che und sorgen f\u00fcr eine ruhige und komfortable Nachtruhe.<\/li>\n<li data-immersive-translate-paragraph=\"1\" data-immersive-translate-walked=\"eadfd9ca-4be7-41a2-96ae-2b04d13aac54\"><strong data-immersive-translate-walked=\"eadfd9ca-4be7-41a2-96ae-2b04d13aac54\">Flache Laubh\u00f6lzer vs. Sperrholzlatten:<\/strong>\u00a0Sperrholz ist zwar preiswerter als massives Hartholz, hat aber nicht die Festigkeit, Haltbarkeit und Best\u00e4ndigkeit gegen Verziehen und Durchh\u00e4ngen, die Hartholz bietet, was die Lebensdauer und den Halt Ihrer Matratze beeintr\u00e4chtigen kann. Flache Lattenroste aus Hartholz sind eine robustere und langlebigere Option zur Unterst\u00fctzung Ihrer Matratze und gew\u00e4hrleisten eine gleichbleibende Leistung und Langlebigkeit.<\/li>\n<li data-immersive-translate-paragraph=\"1\" data-immersive-translate-walked=\"eadfd9ca-4be7-41a2-96ae-2b04d13aac54\"><strong data-immersive-translate-walked=\"eadfd9ca-4be7-41a2-96ae-2b04d13aac54\">Flache Laubh\u00f6lzer vs. Boxsprings:<\/strong>\u00a0Boxspringbetten bieten zwar eine traditionelle L\u00f6sung zur Unterst\u00fctzung des Bettes, sind jedoch sperrig, schwer und neigen zur Ansammlung von Staubmilben, was Allergien verschlimmern und die Hygiene beeintr\u00e4chtigen kann. Flache Lattenroste aus Hartholz sind eine stromlinienf\u00f6rmige, leichte und hygienische Alternative, die die Luftzirkulation f\u00f6rdern und die Staubablagerung minimieren, um eine ges\u00fcndere und komfortablere Schlafumgebung zu schaffen.<\/li>\n<\/ul>\n<h3 data-immersive-translate-walked=\"eadfd9ca-4be7-41a2-96ae-2b04d13aac54\" data-immersive-translate-paragraph=\"1\">Warum sollten Sie Yuantuo Holz f\u00fcr Ihre Flachbettlatten w\u00e4hlen?<\/h3>\n<p data-immersive-translate-walked=\"eadfd9ca-4be7-41a2-96ae-2b04d13aac54\" data-immersive-translate-paragraph=\"1\">Unter<a href=\"https:\/\/yuantuowood.com\/de\/about-us\/\"> Yuantuo Wood<\/a>Wir wissen, dass eine gute Nachtruhe mit einer soliden, zuverl\u00e4ssigen und sorgf\u00e4ltig gefertigten Grundlage beginnt. Unsere Lattenroste werden mit Pr\u00e4zision und Sorgfalt hergestellt, wobei nur die besten Harth\u00f6lzer aus nachhaltig bewirtschafteten W\u00e4ldern verwendet werden, was unser Engagement f\u00fcr Qualit\u00e4t, Nachhaltigkeit und Kundenzufriedenheit widerspiegelt. Hier erfahren Sie, warum anspruchsvolle Kunden weltweit YuanTuo Wood f\u00fcr ihren Bedarf an Lattenrosten w\u00e4hlen:<\/p>\n<ul data-immersive-translate-walked=\"eadfd9ca-4be7-41a2-96ae-2b04d13aac54\">\n<li data-immersive-translate-paragraph=\"1\" data-immersive-translate-walked=\"eadfd9ca-4be7-41a2-96ae-2b04d13aac54\"><strong data-immersive-translate-walked=\"eadfd9ca-4be7-41a2-96ae-2b04d13aac54\">Unersch\u00fctterliches Engagement f\u00fcr Qualit\u00e4t:<\/strong>\u00a0Wir setzen modernste Fertigungstechniken ein und halten uns in jeder Phase des Produktionsprozesses an strenge Qualit\u00e4tskontrollma\u00dfnahmen, um sicherzustellen, dass jede Flachbettlatte, die den Namen YuanTuo Wood tr\u00e4gt, den h\u00f6chsten Anforderungen an Festigkeit, Haltbarkeit und Konsistenz entspricht. Unser unerm\u00fcdliches Engagement f\u00fcr Qualit\u00e4t garantiert Ihnen, dass Sie ein Produkt erhalten, das Sie \u00fcber Jahre hinweg zuverl\u00e4ssig unterst\u00fctzt, Ihre Erwartungen \u00fcbertrifft und Ihnen Sicherheit gibt.<\/li>\n<li data-immersive-translate-paragraph=\"1\" data-immersive-translate-walked=\"eadfd9ca-4be7-41a2-96ae-2b04d13aac54\"><strong data-immersive-translate-walked=\"eadfd9ca-4be7-41a2-96ae-2b04d13aac54\">Fachwissen zur Anpassung f\u00fcr ma\u00dfgeschneiderte L\u00f6sungen:<\/strong>\u00a0Wir wissen, dass die Abmessungen von Bettrahmen und Lattenrosten je nach individuellen Bed\u00fcrfnissen und Vorlieben sehr unterschiedlich sein k\u00f6nnen. Aus diesem Grund bieten wir eine breite Palette von Anpassungsm\u00f6glichkeiten, einschlie\u00dflich Lattenma\u00dfe, Holzarten und Oberfl\u00e4chen, die es Ihnen erm\u00f6glichen, die perfekte L\u00f6sung f\u00fcr Ihre spezifischen Anforderungen und Ihre Design\u00e4sthetik zu finden. Unser erfahrenes Team ist bestrebt, ma\u00dfgeschneiderte L\u00f6sungen anzubieten, die Ihren genauen Spezifikationen entsprechen und eine perfekte \u00dcbereinstimmung mit Ihrem Bettrahmen und Ihrer Matratze gew\u00e4hrleisten.<\/li>\n<li data-immersive-translate-paragraph=\"1\" data-immersive-translate-walked=\"eadfd9ca-4be7-41a2-96ae-2b04d13aac54\"><strong data-immersive-translate-walked=\"eadfd9ca-4be7-41a2-96ae-2b04d13aac54\">Nachhaltige Beschaffung und Umweltverantwortung:<\/strong>\u00a0Wir engagieren uns sehr f\u00fcr eine verantwortungsvolle Forstwirtschaft und verf\u00fcgen \u00fcber Zertifizierungen wie FSC (Forest Stewardship Council) und PEFC (Programme for the Endorsement of Forest Certification), die sicherstellen, dass unsere Holzprodukte aus gut bewirtschafteten W\u00e4ldern stammen, die sich zu nachhaltigen Praktiken verpflichtet haben. Wenn Sie sich f\u00fcr YuanTuo Wood entscheiden, entscheiden Sie sich f\u00fcr ein Unternehmen, das die \u00f6kologische Nachhaltigkeit in den Vordergrund stellt und seinen \u00f6kologischen Fu\u00dfabdruck minimiert. So k\u00f6nnen Sie ruhig schlafen, weil Sie wissen, dass Sie eine verantwortungsvolle Wahl getroffen haben.<\/li>\n<li data-immersive-translate-paragraph=\"1\" data-immersive-translate-walked=\"eadfd9ca-4be7-41a2-96ae-2b04d13aac54\"><strong data-immersive-translate-walked=\"eadfd9ca-4be7-41a2-96ae-2b04d13aac54\">Globale Reichweite, lokale Kompetenz und au\u00dfergew\u00f6hnlicher Service:<\/strong>\u00a0Mit einer globalen Pr\u00e4senz und einem tiefen Verst\u00e4ndnis f\u00fcr die unterschiedlichen Marktbed\u00fcrfnisse ist YuanTuo Wood Ihr zuverl\u00e4ssiger Partner f\u00fcr Flachbettlatten, ganz gleich, wo auf der Welt Sie sich befinden. Unser umfangreiches Vertriebsnetz erm\u00f6glicht es uns, unsere Produkte effizient an Kunden auf der ganzen Welt zu liefern und eine p\u00fcnktliche und zuverl\u00e4ssige Lieferung zu gew\u00e4hrleisten. Unser engagiertes Kundenserviceteam steht Ihnen jederzeit zur Verf\u00fcgung, um Sie pers\u00f6nlich zu beraten, Ihnen technisches Fachwissen zur Verf\u00fcgung zu stellen und Ihre volle Zufriedenheit mit YuanTuo Wood zu gew\u00e4hrleisten.<\/li>\n<\/ul>\n<h3 data-immersive-translate-walked=\"eadfd9ca-4be7-41a2-96ae-2b04d13aac54\" data-immersive-translate-paragraph=\"1\">H\u00e4ufig gestellte Fragen (FAQ)<\/h3>\n<p data-immersive-translate-walked=\"eadfd9ca-4be7-41a2-96ae-2b04d13aac54\"><strong data-immersive-translate-walked=\"eadfd9ca-4be7-41a2-96ae-2b04d13aac54\" data-immersive-translate-paragraph=\"1\">1. Wie bestimme ich den richtigen Lattenabstand f\u00fcr meinen Bettrahmen und meine Matratze?<\/strong><\/p>\n<p data-immersive-translate-paragraph=\"1\" data-immersive-translate-walked=\"eadfd9ca-4be7-41a2-96ae-2b04d13aac54\">Der ideale Lattenabstand f\u00fcr Ihren Bettrahmen und Ihre Matratze h\u00e4ngt von mehreren Faktoren ab, u. a. von den Abmessungen der Latten, dem Matratzentyp (Memory Foam, Latex, Federkern usw.) und dem gew\u00fcnschten Ma\u00df an Unterst\u00fctzung. Als allgemeine Richtlinie wird f\u00fcr die meisten Matratzen ein Abstand von 5 cm bis 8 cm zwischen den Latten empfohlen. Es ist jedoch immer am besten, die Richtlinien des Matratzenherstellers zu konsultieren, um spezifische Empfehlungen f\u00fcr den Lattenabstand zu erhalten, um eine optimale Unterst\u00fctzung zu gew\u00e4hrleisten, ein vorzeitiges Durchh\u00e4ngen zu verhindern und m\u00f6gliche Garantieprobleme zu vermeiden.<\/p>\n<p data-immersive-translate-walked=\"eadfd9ca-4be7-41a2-96ae-2b04d13aac54\"><strong data-immersive-translate-walked=\"eadfd9ca-4be7-41a2-96ae-2b04d13aac54\" data-immersive-translate-paragraph=\"1\">2. Kann ich flache Lattenroste mit jeder Art von Matratze verwenden?<\/strong><\/p>\n<p data-immersive-translate-paragraph=\"1\" data-immersive-translate-walked=\"eadfd9ca-4be7-41a2-96ae-2b04d13aac54\">Flachbettlatten sind mit einer Vielzahl von Matratzentypen kompatibel, darunter Memory Foam, Latex, Federkern- und Hybridmatratzen. Es ist jedoch wichtig, sicherzustellen, dass der Lattenabstand f\u00fcr Ihren Matratzentyp geeignet ist und dass die Latten \u00fcber die gesamte Oberfl\u00e4che der Matratze eine ausreichende Unterst\u00fctzung bieten, um ein Durchh\u00e4ngen zu verhindern und den Komfort zu erhalten. So k\u00f6nnen beispielsweise Memory Foam- und Latexmatratzen einen engeren Lattenabstand erfordern als Federkernmatratzen, um ein Durchh\u00e4ngen zu verhindern und eine angemessene Gewichtsverteilung zu gew\u00e4hrleisten.<\/p>\n<p data-immersive-translate-walked=\"eadfd9ca-4be7-41a2-96ae-2b04d13aac54\"><strong data-immersive-translate-walked=\"eadfd9ca-4be7-41a2-96ae-2b04d13aac54\" data-immersive-translate-paragraph=\"1\">3. Ben\u00f6tige ich spezielle Werkzeuge oder F\u00e4higkeiten, um Lattenroste zu installieren?<\/strong><\/p>\n<p data-immersive-translate-walked=\"eadfd9ca-4be7-41a2-96ae-2b04d13aac54\" data-immersive-translate-paragraph=\"1\">Die Montage von Lattenrosten ist in der Regel ein unkomplizierter Prozess, der nur minimale Werkzeuge und Fachkenntnisse erfordert und somit f\u00fcr die meisten Menschen leicht zu bew\u00e4ltigen ist. Die meisten Bettrahmen sind f\u00fcr eine einfache Lattenrostmontage ausgelegt, bei der die Latten einfach in die daf\u00fcr vorgesehenen St\u00fctzschienen oder Halterungen eingesetzt werden. Es ist jedoch immer ratsam, in der Anleitung des Herstellers Ihres Bettrahmens nachzulesen, wie Sie die Latten f\u00fcr Ihr spezielles Modell anbringen, um einen sicheren und korrekten Sitz zu gew\u00e4hrleisten.<\/p>\n<p data-immersive-translate-walked=\"eadfd9ca-4be7-41a2-96ae-2b04d13aac54\"><strong data-immersive-translate-walked=\"eadfd9ca-4be7-41a2-96ae-2b04d13aac54\" data-immersive-translate-paragraph=\"1\">4. Wie reinige und pflege ich meine Lattenroste, um ihre Langlebigkeit zu gew\u00e4hrleisten?<\/strong><\/p>\n<p data-immersive-translate-walked=\"eadfd9ca-4be7-41a2-96ae-2b04d13aac54\" data-immersive-translate-paragraph=\"1\">Regelm\u00e4\u00dfige Reinigung und Pflege k\u00f6nnen die Lebensdauer Ihrer Lattenroste erheblich verl\u00e4ngern und ihr Aussehen und ihre Leistungsf\u00e4higkeit \u00fcber Jahre hinweg bewahren. Regelm\u00e4\u00dfiges Abstauben mit einem weichen, trockenen Tuch reicht in der Regel aus, um Staub und Verschmutzungen zu entfernen. F\u00fcr eine gr\u00fcndlichere Reinigung k\u00f6nnen Sie ein weiches Tuch mit einem milden Holzreiniger anfeuchten und das \u00fcbersch\u00fcssige Wasser auswringen, bevor Sie die Lattenroste abwischen. Vermeiden Sie die Verwendung von scharfen Chemikalien, Scheuermitteln oder \u00fcberm\u00e4\u00dfigem Wasser, da diese die Holzoberfl\u00e4che besch\u00e4digen und die Lamellen m\u00f6glicherweise schw\u00e4chen und ihre strukturelle Integrit\u00e4t beeintr\u00e4chtigen k\u00f6nnen.<\/p>\n<p data-immersive-translate-walked=\"eadfd9ca-4be7-41a2-96ae-2b04d13aac54\"><strong data-immersive-translate-walked=\"eadfd9ca-4be7-41a2-96ae-2b04d13aac54\" data-immersive-translate-paragraph=\"1\">5. Kann ich flache Lattenroste so zuschneiden, dass sie in einen individuellen Bettrahmen passen?<\/strong><\/p>\n<p data-immersive-translate-walked=\"eadfd9ca-4be7-41a2-96ae-2b04d13aac54\" data-immersive-translate-paragraph=\"1\">Ja, Lattenroste f\u00fcr Flachbetten k\u00f6nnen so zugeschnitten werden, dass sie in individuelle Bettrahmen passen, was Flexibilit\u00e4t f\u00fcr einzigartige Bettdesigns und Heimwerkerprojekte bietet. Allerdings ist es wichtig, beim Schneiden der Latten geeignete Sicherheitsausr\u00fcstung wie Schutzbrille und Handschuhe zu tragen, um sich vor m\u00f6glichen Verletzungen zu sch\u00fctzen. Achten Sie au\u00dferdem darauf, dass die Schnittenden glatt und splitterfrei sind, um Sch\u00e4den an Ihrer Matratze zu vermeiden und eine sichere und bequeme Schlafunterlage zu gew\u00e4hrleisten. Wenn Sie sich nicht sicher sind, ob Sie die Latten selbst zuschneiden k\u00f6nnen oder nicht \u00fcber das n\u00f6tige Werkzeug verf\u00fcgen, wenden Sie sich am besten an einen Fachmann oder lassen Sie sich in einem Baumarkt helfen, damit die Arbeit korrekt und sicher ausgef\u00fchrt wird.<\/p>","protected":false},"excerpt":{"rendered":"<p>YuanTuo Holzlattenroste bieten eine dauerhafte und zuverl\u00e4ssige Matratzenunterst\u00fctzung. Hergestellt aus hochwertigen Harth\u00f6lzern wie Buche und Birke, f\u00f6rdern unsere Latten eine optimale Luftzirkulation und verhindern Schimmel und Mehltau. Die Lattenroste sind einfach zu montieren und mit verschiedenen Bettrahmen kompatibel. Sie eignen sich perfekt f\u00fcr Privathaushalte, Hotels und Heimwerkerprojekte. W\u00e4hlen Sie YuanTuo Wood f\u00fcr eine komfortable und nachhaltige Schlafl\u00f6sung.<\/p>","protected":false},"featured_media":532,"template":"","meta":{"_kad_blocks_custom_css":"","_kad_blocks_head_custom_js":"","_kad_blocks_body_custom_js":"","_kad_blocks_footer_custom_js":"","_kad_post_transparent":"default","_kad_post_title":"","_kad_post_layout":"default","_kad_post_sidebar_id":"","_kad_post_content_style":"default","_kad_post_vertical_padding":"default","_kad_post_feature":"","_kad_post_feature_position":"","_kad_post_header":false,"_kad_post_footer":false,"_kad_post_classname":""},"product_brand":[],"product_cat":[19],"product_tag":[],"class_list":{"0":"post-565","1":"product","2":"type-product","3":"status-publish","4":"has-post-thumbnail","6":"product_cat-bed-slats","8":"first","9":"instock","10":"shipping-taxable","11":"product-type-simple","12":"entry","13":"content-bg","14":"loop-entry"},"taxonomy_info":{"product_cat":[{"value":19,"label":"Bed Slats"}]},"featured_image_src_large":["https:\/\/yuantuowood.com\/wp-content\/uploads\/2024\/08\/Flat-Bed-Slats-1024x683.jpg",1024,683,true],"author_info":[],"comment_info":"","_links":{"self":[{"href":"https:\/\/yuantuowood.com\/de\/wp-json\/wp\/v2\/product\/565","targetHints":{"allow":["GET"]}}],"collection":[{"href":"https:\/\/yuantuowood.com\/de\/wp-json\/wp\/v2\/product"}],"about":[{"href":"https:\/\/yuantuowood.com\/de\/wp-json\/wp\/v2\/types\/product"}],"wp:featuredmedia":[{"embeddable":true,"href":"https:\/\/yuantuowood.com\/de\/wp-json\/wp\/v2\/media\/532"}],"wp:attachment":[{"href":"https:\/\/yuantuowood.com\/de\/wp-json\/wp\/v2\/media?parent=565"}],"wp:term":[{"taxonomy":"product_brand","embeddable":true,"href":"https:\/\/yuantuowood.com\/de\/wp-json\/wp\/v2\/product_brand?post=565"},{"taxonomy":"product_cat","embeddable":true,"href":"https:\/\/yuantuowood.com\/de\/wp-json\/wp\/v2\/product_cat?post=565"},{"taxonomy":"product_tag","embeddable":true,"href":"https:\/\/yuantuowood.com\/de\/wp-json\/wp\/v2\/product_tag?post=565"}],"curies":[{"name":"wp","href":"https:\/\/api.w.org\/{rel}","templated":true}]}}