{"id":568,"date":"2024-08-27T06:11:45","date_gmt":"2024-08-27T06:11:45","guid":{"rendered":"https:\/\/slats.easiwin.com\/?post_type=product&#038;p=568"},"modified":"2024-10-28T03:31:27","modified_gmt":"2024-10-28T03:31:27","slug":"bespoke-engineered-veneer-lvl-slat","status":"publish","type":"product","link":"https:\/\/yuantuowood.com\/de\/product\/bespoke-engineered-veneer-lvl-slat\/","title":{"rendered":"Furnierschichtholz LVL Lamelle"},"content":{"rendered":"<p>In der dynamischen Welt des modernen Bauwesens und M\u00f6beldesigns hat die Suche nach Baumaterialien, die au\u00dfergew\u00f6hnliche Festigkeit, unersch\u00fctterliche Stabilit\u00e4t und unersch\u00fctterliche Nachhaltigkeit nahtlos miteinander verbinden, neue H\u00f6hen erreicht. Holzwerkstoffe haben sich zu einer transformativen Kraft entwickelt, die traditionelle Baupraktiken revolutioniert und im Vergleich zu herk\u00f6mmlichem Massivholz \u00fcberlegene Leistungsmerkmale bietet. Unter dieser neuen Generation von Baumaterialien sind die LVL (Laminated Veneer Lumber)-Lamellen ein Leuchtturm der Innovation, der f\u00fcr seine unvergleichliche Qualit\u00e4t, bemerkenswerte Vielseitigkeit und inh\u00e4rente Umweltfreundlichkeit gesch\u00e4tzt wird. Diese technischen Wunderwerke ver\u00e4ndern die Art und Weise, wie wir an das Bauen herangehen, und bieten Architekten, Bauherren und Designern eine zuverl\u00e4ssige, leistungsstarke und nachhaltige L\u00f6sung f\u00fcr ein breites Spektrum von Anwendungen.<\/p>\n<h3>Was sind LVL-Lamellen aus Furnierholz?<\/h3>\n<p>Spanplattenfurnier <a href=\"https:\/\/en.wikipedia.org\/wiki\/Laminated_veneer_lumber\" target=\"_blank\" rel=\"noopener\">LVL<\/a> Lamellen stellen die Spitze der modernen Holztechnik dar und werden sorgf\u00e4ltig hergestellt, um eine un\u00fcbertroffene Kombination aus St\u00e4rke, Stabilit\u00e4t und Konsistenz zu bieten. Ihr Herstellungsprozess ist ein Zeugnis f\u00fcr Pr\u00e4zision und Innovation. Dabei werden d\u00fcnne, hochwertige Holzfurniere geschichtet, die sorgf\u00e4ltig mit einer parallelen Maserung angeordnet werden, um die Festigkeit und Stabilit\u00e4t zu maximieren. Diese Schichten werden dann unter sorgf\u00e4ltig kontrollierter Hitze und Druck mit unglaublich starken, feuchtigkeitsresistenten Klebstoffen miteinander verbunden. Das Ergebnis ist ein gro\u00dfer, zusammenh\u00e4ngender Block aus Holzwerkstoffen, der die Grenzen herk\u00f6mmlicher H\u00f6lzer in praktisch jeder Hinsicht \u00fcbertrifft.<\/p>\n<p>Die Reise einer LVL-Lamelle beginnt mit der sorgf\u00e4ltigen Auswahl hochwertiger Laub- oder Nadelholzst\u00e4mme, die in der Regel aus nachhaltig bewirtschafteten W\u00e4ldern stammen. Diese St\u00e4mme werden dann einem Sch\u00e4lverfahren unterzogen, bei dem sie effizient in d\u00fcnne Furnierbl\u00e4tter umgewandelt werden, wobei der Abfall minimiert und die Nutzung wertvoller Holzressourcen maximiert wird. Nach dem Sch\u00e4len werden die Furnierbl\u00e4tter einem strengen Sortierverfahren unterzogen, um sicherzustellen, dass nur die hochwertigsten, fehlerfreien Furniere f\u00fcr die LVL-Produktion ausgew\u00e4hlt werden. Diese sorgf\u00e4ltig ausgew\u00e4hlten Furniere werden dann pr\u00e4zise in einer parallelen Faserausrichtung geschichtet und unter optimaler Hitze und Druck miteinander verleimt, um das endg\u00fcltige LVL-Produkt herzustellen.<\/p>\n<h3>LVL-Lamellen aus Holzfurnier: Technische Spezifikationen<\/h3>\n<div style=\"overflow-x: auto;\">\n<table>\n<tbody>\n<tr>\n<td><strong>Merkmal<\/strong><\/td>\n<td><strong>Beschreibung<\/strong><\/td>\n<\/tr>\n<tr>\n<td>Holzarten<\/td>\n<td>\n<div>\n<div>Birke\/Pappel\/Eukalyptus<\/div>\n<\/div>\n<\/td>\n<\/tr>\n<tr>\n<td>Eigenschaften<\/td>\n<td>\n<div>\n<div>Au\u00dfergew\u00f6hnliches Verh\u00e4ltnis von Festigkeit zu Gewicht, \u00fcberragende Dimensionsstabilit\u00e4t, gleichbleibende Qualit\u00e4t im gesamten Material, au\u00dfergew\u00f6hnliche Best\u00e4ndigkeit gegen Verziehen, Verdrehen und Durchbiegen, hervorragende Haltekraft der Befestigungsmittel und vorhersehbare strukturelle Leistung<\/div>\n<\/div>\n<\/td>\n<\/tr>\n<tr>\n<td>Oberfl\u00e4che<\/td>\n<td>\n<div>\n<div>Mit Holzfurnier<\/div>\n<\/div>\n<\/td>\n<\/tr>\n<tr>\n<td>Typ<\/td>\n<td>\n<div>\n<div>Wohnung\/ R4000\/ R8000<\/div>\n<\/div>\n<\/td>\n<\/tr>\n<tr>\n<td>Abmessungen<\/td>\n<td>\n<div>\n<div>L\u00e4nge:550-1750mm<br \/>\nBreite:25-170mm<br \/>\nDicke:6-20mm<\/div>\n<\/div>\n<\/td>\n<\/tr>\n<tr>\n<td>Leimgehalt<\/td>\n<td>E0, E1<\/td>\n<\/tr>\n<tr>\n<td>Feuchtigkeitsgehalt<\/td>\n<td>8-14%<\/td>\n<\/tr>\n<tr>\n<td>Zertifikat<\/td>\n<td>\n<div>\n<div>FSC\/ CARB P2\/ EPA<\/div>\n<\/div>\n<\/td>\n<\/tr>\n<\/tbody>\n<\/table>\n<\/div>\n<h3>Anwendungen von LVL-Lamellen aus Edelfurnier<\/h3>\n<p>Die au\u00dfergew\u00f6hnliche Vielseitigkeit und die bemerkenswerten Leistungsmerkmale von Engineered Veneer LVL-Lamellen haben dazu gef\u00fchrt, dass sie in einer Vielzahl von Anwendungen zum Einsatz kommen, z. B:<\/p>\n<ul>\n<li><strong>Strukturelles Ger\u00fcst:<\/strong>\u00a0LVL-Latten haben sich zum Goldstandard f\u00fcr kritische Tragwerkskomponenten wie Balken, Kopfst\u00fccke, Balken, Sparren und S\u00e4ulen entwickelt. Ihr hohes Verh\u00e4ltnis von Festigkeit zu Gewicht, ihre au\u00dfergew\u00f6hnliche Dimensionsstabilit\u00e4t und ihre \u00fcberragende Widerstandsf\u00e4higkeit gegen Verziehen, Verdrehen und Durchbiegen machen sie zur idealen Wahl f\u00fcr anspruchsvolle strukturelle Anwendungen, bei denen Zuverl\u00e4ssigkeit und langfristige Leistung von gr\u00f6\u00dfter Bedeutung sind.<\/li>\n<li><strong>Fenster- und T\u00fcrkomponenten:<\/strong>\u00a0Aufgrund ihrer Dimensionsstabilit\u00e4t und strukturellen Integrit\u00e4t eignen sich LVL-Lamellen hervorragend f\u00fcr den Fenster- und T\u00fcrenbau. Sie werden h\u00e4ufig f\u00fcr Kopfst\u00fccke, Schwellen und Pfosten verwendet und bilden ein robustes und stabiles Ger\u00fcst, das einen reibungslosen Betrieb und eine dauerhafte Leistung gew\u00e4hrleistet, selbst unter schwierigen Umweltbedingungen.<\/li>\n<li><strong>M\u00f6belherstellung:<\/strong>\u00a0Die M\u00f6belindustrie hat LVL-Latten wegen ihrer F\u00e4higkeit, starke, stabile und \u00e4sthetisch ansprechende M\u00f6belst\u00fccke herzustellen, f\u00fcr sich entdeckt. Von stabilen Stuhl- und Tischgestellen bis hin zu robusten Bettgestellen und langlebigen Regalen bilden LVL-Latten das R\u00fcckgrat f\u00fcr M\u00f6bel, die langlebig sind.<\/li>\n<li><strong>Verpackung und Verschlag:<\/strong>\u00a0LVL-Latten bieten die n\u00f6tige Festigkeit, Haltbarkeit und Feuchtigkeitsbest\u00e4ndigkeit, um wertvolle G\u00fcter w\u00e4hrend des Transports und der Lagerung zu sch\u00fctzen, wenn es um schwere Verpackungen und Kisten geht. Ihre F\u00e4higkeit, St\u00f6\u00dfen zu widerstehen und den Elementen zu widerstehen, macht sie ideal f\u00fcr anspruchsvolle Versandumgebungen.<\/li>\n<li><strong>Ger\u00fcstbau und Schalung:<\/strong>\u00a0Die Bauindustrie verl\u00e4sst sich in hohem Ma\u00dfe auf die Tragf\u00e4higkeit und Feuchtigkeitsbest\u00e4ndigkeit von LVL-Latten f\u00fcr Ger\u00fcstbretter und Betonschalungen. Ihre inh\u00e4rente Festigkeit und Stabilit\u00e4t sorgen f\u00fcr eine sichere und zuverl\u00e4ssige Arbeitsplattform f\u00fcr die Bauarbeiter, w\u00e4hrend sie dank ihrer Feuchtigkeitsbest\u00e4ndigkeit den harten Bedingungen auf Baustellen im Freien standhalten k\u00f6nnen.<\/li>\n<li><strong>Transportindustrie:<\/strong>\u00a0LVL-Latten werden zunehmend im Transportsektor eingesetzt, insbesondere bei der Konstruktion von LKW- und Anh\u00e4ngerb\u00f6den. Aufgrund ihres hohen Verh\u00e4ltnisses von Festigkeit zu Gewicht, ihrer Langlebigkeit und ihrer Widerstandsf\u00e4higkeit gegen Abnutzung sind sie ideal f\u00fcr die Anforderungen schwerer Lasten und h\u00e4ufiger Nutzung.<\/li>\n<\/ul>\n<h3>Vorteile von Engineered Veneer LVL-Lamellen<\/h3>\n<p>Engineered Veneer LVL-Lamellen bieten eine ganze Reihe von Vorteilen gegen\u00fcber herk\u00f6mmlichem Holz und anderen Baumaterialien, was sie zu einer hervorragenden Wahl f\u00fcr eine Vielzahl von Anwendungen macht:<\/p>\n<ul>\n<li><strong>Au\u00dfergew\u00f6hnliche St\u00e4rke und Stabilit\u00e4t:<\/strong>\u00a0Die schichtweise Furnierkonstruktion und die parallele Faserausrichtung der LVL-Latten ergeben ein Produkt mit au\u00dfergew\u00f6hnlicher Festigkeit und Dimensionsstabilit\u00e4t, das herk\u00f6mmliches Massivholz bei Biegung, Zug und Druck \u00fcbertrifft. Diese \u00fcberragende Festigkeit und Stabilit\u00e4t erm\u00f6glicht l\u00e4ngere Spannweiten, einen geringeren Materialverbrauch und eine gr\u00f6\u00dfere Designflexibilit\u00e4t.<\/li>\n<li><strong>Unersch\u00fctterliche Konsequenz:<\/strong>\u00a0Im Gegensatz zu nat\u00fcrlichem Holz, dessen Festigkeit und Stabilit\u00e4t von Natur aus variiert, werden LVL-Lamellen nach strengen Standards hergestellt, die eine gleichbleibende Qualit\u00e4t und Leistung von einer Lamelle zur n\u00e4chsten gew\u00e4hrleisten. Diese Vorhersagbarkeit ist entscheidend f\u00fcr strukturelle Anwendungen, bei denen Zuverl\u00e4ssigkeit an erster Stelle steht.<\/li>\n<li><strong>Widerstandsf\u00e4higkeit gegen Verziehen, Verdrehen und Durchbiegen:<\/strong>\u00a0LVL-Latten weisen eine au\u00dfergew\u00f6hnliche Best\u00e4ndigkeit gegen Verziehen, Verdrehen und Durchbiegen auf, was bei herk\u00f6mmlichem Holz aufgrund von Feuchtigkeitsschwankungen und inneren Spannungen h\u00e4ufig der Fall ist. Diese Dimensionsstabilit\u00e4t gew\u00e4hrleistet eine langfristige strukturelle Integrit\u00e4t, minimiert kostspielige R\u00fcckrufe und reduziert den Materialabfall.<\/li>\n<li><strong>Verf\u00fcgbarkeit in gro\u00dfen Gr\u00f6\u00dfen:<\/strong>\u00a0LVL-Latten k\u00f6nnen in wesentlich gr\u00f6\u00dferen Abmessungen als herk\u00f6mmliches Holz hergestellt werden, was gr\u00f6\u00dfere Spannweiten, einen geringeren Bedarf an Verbindungen und eine gr\u00f6\u00dfere Designflexibilit\u00e4t erm\u00f6glicht. Dies ist besonders vorteilhaft f\u00fcr gro\u00df angelegte Projekte und Anwendungen, bei denen eine ununterbrochene strukturelle Unterst\u00fctzung erforderlich ist.<\/li>\n<li><strong>Umweltvertr\u00e4glich:<\/strong>\u00a0Engineered Veneer LVL-Lamellen sind ein nachhaltiges Baumaterial, da sie aus nachhaltig gewonnenen Holzressourcen hergestellt werden. Die effiziente Nutzung des Holzes beim Sch\u00e4len des Furniers minimiert den Abfall und verringert den Druck auf die W\u00e4lder.<\/li>\n<\/ul>\n<h3>LVL-Lamellen aus Furnierholz im Vergleich zu herk\u00f6mmlichem Schnittholz<\/h3>\n<table>\n<thead>\n<tr>\n<th>Merkmal<\/th>\n<th>Furnierschichtholz LVL-Lamellen<\/th>\n<th>Traditionelles Schnittholz<\/th>\n<\/tr>\n<\/thead>\n<tbody>\n<tr>\n<td><strong>St\u00e4rke<\/strong><\/td>\n<td>Erheblich h\u00f6heres Verh\u00e4ltnis von Festigkeit zu Gewicht, was l\u00e4ngere Spannweiten und geringeren Materialverbrauch erm\u00f6glicht<\/td>\n<td>Geringeres Verh\u00e4ltnis von Festigkeit zu Gewicht, begrenzte Spannweiten und h\u00f6herer Materialbedarf<\/td>\n<\/tr>\n<tr>\n<td><strong>Stabilit\u00e4t<\/strong><\/td>\n<td>Au\u00dfergew\u00f6hnliche Dimensionsstabilit\u00e4t, die sich im Laufe der Zeit nicht verzieht, verdreht oder durchbiegt<\/td>\n<td>Anf\u00e4llig f\u00fcr Verziehen, Verdrehen und Verbiegen aufgrund von Feuchtigkeitsschwankungen und inneren Spannungen<\/td>\n<\/tr>\n<tr>\n<td><strong>Konsistenz<\/strong><\/td>\n<td>Gleichbleibende Qualit\u00e4t und Leistung von Lamelle zu Lamelle durch kontrollierte Herstellungsprozesse<\/td>\n<td>Inh\u00e4rente Variabilit\u00e4t der Festigkeit und Stabilit\u00e4t aufgrund der nat\u00fcrlichen Eigenschaften von Holz<\/td>\n<\/tr>\n<tr>\n<td><strong>Gr\u00f6\u00dfe Verf\u00fcgbarkeit<\/strong><\/td>\n<td>Erh\u00e4ltlich in gr\u00f6\u00dferen Gr\u00f6\u00dfen, was den Bedarf an Verbindungen reduziert und die Designflexibilit\u00e4t erh\u00f6ht<\/td>\n<td>Begrenzt durch die Gr\u00f6\u00dfe des Baumes, was Verbindungen f\u00fcr gr\u00f6\u00dfere Spannweiten erfordert und die Gestaltungsm\u00f6glichkeiten einschr\u00e4nkt<\/td>\n<\/tr>\n<tr>\n<td><strong>Kosten<\/strong><\/td>\n<td>In der Regel h\u00f6here Anfangskosten, die jedoch langfristig durch geringere Arbeits- und Materialkosten aufgrund h\u00f6herer Effizienz und weniger Abfall ausgeglichen werden<\/td>\n<td>Im Allgemeinen niedrigere Anfangskosten, aber im Laufe der Zeit k\u00f6nnen h\u00f6here Arbeits- und Materialkosten entstehen, da mehr Material ben\u00f6tigt wird, Abfall anf\u00e4llt und R\u00fcckrufe m\u00f6glich sind.<\/td>\n<\/tr>\n<tr>\n<td><strong>Nachhaltigkeit<\/strong><\/td>\n<td>Nachhaltiger durch effiziente Nutzung der Holzressourcen, Verwendung von Holz aus nachhaltigem Anbau und geringeres Abfallaufkommen<\/td>\n<td>Weniger nachhaltig aufgrund der potenziellen Abfallerzeugung und der Abh\u00e4ngigkeit von nicht nachhaltigen Erntemethoden<\/td>\n<\/tr>\n<\/tbody>\n<\/table>\n<h3>Warum sollten Sie sich f\u00fcr YuanTuo Wood f\u00fcr LVL-Lamellen aus Furnierholz entscheiden?<\/h3>\n<p>In der wettbewerbsintensiven Landschaft der Holzwerkstoffprodukte hebt sich YuanTuo Wood als Leuchtturm f\u00fcr Qualit\u00e4t, Innovation und Kundenengagement ab. Unsere Engineered Veneer LVL-Lamellen verk\u00f6rpern diese Kernwerte und bieten eine \u00fcberlegene Baul\u00f6sung, der Sie bei Ihren anspruchsvollsten Projekten vertrauen k\u00f6nnen. Hier erfahren Sie, warum sich anspruchsvolle Bauherren, Architekten und Designer weltweit f\u00fcr <a href=\"https:\/\/yuantuowood.com\/de\/about-us\/\">Yuantuo Wood<\/a>:<\/p>\n<ul>\n<li><strong>Kompromisslose Qualit\u00e4t:<\/strong>\u00a0Bei YuanTuo Wood ist Qualit\u00e4t nicht nur ein Ziel, sondern eine unabl\u00e4ssige Verpflichtung, die jeden Aspekt unserer T\u00e4tigkeit durchdringt. Wir beginnen mit der Auswahl erstklassiger Furniere, die aus verantwortungsvoll bewirtschafteten W\u00e4ldern stammen, und setzen modernste Fertigungsverfahren ein, um sicherzustellen, dass unsere LVL-Latten die strengsten Industriestandards f\u00fcr Festigkeit, Stabilit\u00e4t und Leistung erf\u00fcllen oder \u00fcbertreffen.<\/li>\n<li><strong>Ma\u00dfgeschneiderte Anpassungsoptionen:<\/strong>\u00a0Wir wissen, dass jedes Projekt einzigartig ist, mit spezifischen Anforderungen und Design\u00fcberlegungen. Deshalb bieten wir eine umfassende Palette von Anpassungsm\u00f6glichkeiten f\u00fcr unsere Engineered Veneer LVL-Lamellen. Ganz gleich, ob Sie bestimmte Gr\u00f6\u00dfen, Qualit\u00e4ten, Bearbeitungen oder Oberfl\u00e4chen ben\u00f6tigen, unser Expertenteam wird eng mit Ihnen zusammenarbeiten, um ein Produkt zu liefern, das genau Ihren Projektspezifikationen entspricht.<\/li>\n<li><strong>Un\u00fcbertroffenes technisches Fachwissen:<\/strong>\u00a0Unser Team besteht aus erfahrenen Fachleuten der Branche, darunter erfahrene Ingenieure, Holzwissenschaftler und technische Spezialisten, die ein tiefes Verst\u00e4ndnis f\u00fcr Holzwerkstoffe und ihre Anwendungen besitzen. Wir stehen Ihnen w\u00e4hrend des gesamten Lebenszyklus Ihres Projekts mit fachkundiger technischer Unterst\u00fctzung und Beratung zur Seite, von der ersten Designberatung \u00fcber die Produktauswahl bis hin zur Unterst\u00fctzung bei der Installation vor Ort und der Fehlersuche.<\/li>\n<li><strong>Stewardship of Our Forests:<\/strong>\u00a0Wir von YuanTuo Wood glauben an einen verantwortungsvollen Umgang mit den wertvollen Ressourcen unseres Planeten. Wir setzen uns f\u00fcr eine nachhaltige Forstwirtschaft und eine verantwortungsvolle Beschaffung ein und stellen sicher, dass das von uns verwendete Holz aus gut bewirtschafteten W\u00e4ldern stammt, die auf umweltvertr\u00e4gliche Weise geerntet werden. Unser Engagement f\u00fcr Nachhaltigkeit erstreckt sich auf alle unsere T\u00e4tigkeiten, von der Beschaffung bis zur Herstellung, und wir minimieren die Umweltauswirkungen in jeder Phase.<\/li>\n<li><strong>Wettbewerbsf\u00e4hige Preisgestaltung und Wert:<\/strong>\u00a0Wir glauben, dass hochwertige Holzwerkstoffprodukte f\u00fcr alle zug\u00e4nglich sein sollten, nicht nur f\u00fcr einige wenige. Deshalb bieten wir wettbewerbsf\u00e4hige Preise f\u00fcr unsere Furnierholz-LVL-Lamellen, ohne dabei Kompromisse bei der Qualit\u00e4t, Leistung oder Nachhaltigkeit einzugehen, die unsere Marke ausmachen. Wir sind bestrebt, unseren Kunden den bestm\u00f6glichen Wert zu bieten, indem wir au\u00dfergew\u00f6hnliche Produkte zu einem fairen und wettbewerbsf\u00e4higen Preis liefern.<\/li>\n<\/ul>\n<h3>H\u00e4ufig gestellte Fragen (FAQ)<\/h3>\n<p><strong>1. Welches sind die Hauptvorteile der Verwendung von LVL-Lamellen aus Furnierschichtholz gegen\u00fcber Massivholzbalken in strukturellen Anwendungen, und wie lassen sich diese Vorteile in der Praxis f\u00fcr Bauherren und Hausbesitzer umsetzen?<\/strong><\/p>\n<p>Engineered Veneer LVL-Lamellen bieten mehrere entscheidende Vorteile gegen\u00fcber Massivholzbalken in strukturellen Anwendungen. Erstens weisen LVL-Latten ein deutlich h\u00f6heres Verh\u00e4ltnis von Festigkeit zu Gewicht auf, was bedeutet, dass sie gr\u00f6\u00dfere Lasten bei gr\u00f6\u00dferen Spannweiten tragen k\u00f6nnen, w\u00e4hrend weniger Material ben\u00f6tigt wird. F\u00fcr Bauherren ergeben sich daraus reale Vorteile wie geringere Materialkosten, k\u00fcrzere Montagezeiten und gr\u00f6\u00dfere Designflexibilit\u00e4t. F\u00fcr Hauseigent\u00fcmer bedeutet dies st\u00e4rkere, stabilere Strukturen, die weniger anf\u00e4llig f\u00fcr Probleme wie durchh\u00e4ngende B\u00f6den oder rissige Decken sind.<\/p>\n<p>Zweitens sind LVL-Latten weitaus formstabiler als Massivholz und widerstehen dem Verziehen, Verdrehen und Durchbiegen im Laufe der Zeit. Diese Stabilit\u00e4t gew\u00e4hrleistet eine langfristige strukturelle Integrit\u00e4t, minimiert das Risiko kostspieliger R\u00fcckrufe f\u00fcr Bauherren und gibt Hausbesitzern die Gewissheit, dass ihr Haus f\u00fcr die Ewigkeit gebaut ist.<\/p>\n<p>Schlie\u00dflich werden LVL-Lamellen nach anspruchsvollen Standards hergestellt, die eine gleichbleibende Qualit\u00e4t und Leistung von einer Lamelle zur n\u00e4chsten gew\u00e4hrleisten, im Gegensatz zu den inh\u00e4renten Schwankungen, die bei Naturholz auftreten. Diese Vorhersehbarkeit vereinfacht den Entwurfsprozess f\u00fcr Bauherren und gew\u00e4hrleistet ein h\u00f6heres Ma\u00df an Qualit\u00e4t und Konsistenz der endg\u00fcltigen Struktur f\u00fcr Hausbesitzer.<\/p>\n<p><strong>2. Sind Engineered Veneer LVL-Lamellen f\u00fcr Au\u00dfenanwendungen geeignet, wo sie Feuchtigkeit und Witterungseinfl\u00fcssen ausgesetzt sein k\u00f6nnen, oder werden sie haupts\u00e4chlich f\u00fcr den Innenbereich empfohlen?<\/strong><\/p>\n<p>Obwohl Engineered Veneer LVL-Latten im Vergleich zu herk\u00f6mmlichem Holz eine gute Feuchtigkeitsresistenz aufweisen, werden sie normalerweise f\u00fcr Innenanwendungen empfohlen, bei denen sie nicht direkt den Elementen ausgesetzt sind. L\u00e4ngerer Kontakt mit Feuchtigkeit kann zu Schwellungen, F\u00e4ulnis und anderen feuchtigkeitsbedingten Sch\u00e4den f\u00fchren.<\/p>\n<p>F\u00fcr Au\u00dfenanwendungen, bei denen LVL-Latten Feuchtigkeit und Witterungseinfl\u00fcssen ausgesetzt sind, ist es jedoch wichtig, sich mit unserem technischen Team zu beraten, um geeignete Behandlungen und Schutzma\u00dfnahmen zu besprechen. Wir k\u00f6nnen spezielle Behandlungen und Beschichtungen empfehlen, die die Witterungsbest\u00e4ndigkeit von LVL-Lamellen verbessern und sie f\u00fcr bestimmte Au\u00dfenanwendungen geeignet machen.<\/p>\n<p><strong>3. Wie hoch ist die typische Lebensdauer von Engineered Veneer LVL-Lamellen, wenn sie ordnungsgem\u00e4\u00df installiert und gewartet werden, und welche Faktoren k\u00f6nnen ihre Langlebigkeit beeinflussen?<\/strong><\/p>\n<p>Engineered Veneer LVL-Lamellen k\u00f6nnen bei ordnungsgem\u00e4\u00dfer Installation und Wartung jahrzehntelang eine zuverl\u00e4ssige strukturelle Leistung erbringen. Ihre au\u00dfergew\u00f6hnliche Festigkeit, Stabilit\u00e4t und Alterungsbest\u00e4ndigkeit gew\u00e4hrleisten eine lange Lebensdauer und machen sie zu einer sinnvollen Investition f\u00fcr jedes Bauprojekt.<\/p>\n<p>Mehrere Faktoren k\u00f6nnen die Lebensdauer von LVL-Lamellen beeinflussen, darunter:<\/p>\n<ul>\n<li><strong>Qualit\u00e4t der Installation:<\/strong>\u00a0Die ordnungsgem\u00e4\u00dfe Verlegung ist entscheidend f\u00fcr die Gew\u00e4hrleistung der langfristigen Leistungsf\u00e4higkeit von LVL-Lamellen. Sie sollten gem\u00e4\u00df den Empfehlungen des Herstellers unter Verwendung geeigneter Befestigungsmittel und Techniken eingebaut werden.<\/li>\n<li><strong>Umweltbedingungen:<\/strong>\u00a0LVL-Lamellen funktionieren am besten in trockenen, temperaturgeregelten Umgebungen. L\u00e4ngerer Kontakt mit Feuchtigkeit, extremen Temperaturen oder UV-Strahlung kann ihre Lebensdauer verk\u00fcrzen.<\/li>\n<li><strong>Wartung:<\/strong>\u00a0Regelm\u00e4\u00dfige Inspektionen und Wartungen k\u00f6nnen dazu beitragen, potenzielle Probleme fr\u00fchzeitig zu erkennen und zu beheben und so die Lebensdauer von LVL-Lamellen zu verl\u00e4ngern.<\/li>\n<\/ul>\n<p><strong>4. Ist es m\u00f6glich, LVL-Lamellen aus Furnierholz vor Ort mit normalen Holzbearbeitungswerkzeugen zuzuschneiden und zu formen, oder sind daf\u00fcr spezielle Ger\u00e4te und Fachkenntnisse erforderlich?<\/strong><\/p>\n<p>Ja, LVL-Lamellen aus Furnierholz k\u00f6nnen vor Ort mit handels\u00fcblichen Holzbearbeitungswerkzeugen wie Kreiss\u00e4gen, Stichs\u00e4gen und Bohrmaschinen zugeschnitten und geformt werden. Es ist jedoch wichtig, die richtigen Sicherheitsvorkehrungen zu treffen und geeignete S\u00e4gebl\u00e4tter zu verwenden, die speziell f\u00fcr Holzwerkstoffprodukte entwickelt wurden.<\/p>\n<p>Unser technisches Team ber\u00e4t Sie gerne \u00fcber die empfohlenen Schneidetechniken, Sicherheitsma\u00dfnahmen und die Auswahl geeigneter Klingen, um sichere und effiziente \u00c4nderungen vor Ort zu gew\u00e4hrleisten.<\/p>\n<p><strong>5. Bietet YuanTuo Wood technischen Support an, um Architekten, Bauherren und Designer bei der Planung, Spezifikation und Installation ihrer LVL-Lamellen aus Furnierholz zu unterst\u00fctzen?<\/strong><\/p>\n<p>Unbedingt! Bei YuanTuo Wood legen wir gro\u00dfen Wert auf eine umfassende Unterst\u00fctzung unserer gesch\u00e4tzten Kunden. Unser Team aus erfahrenen Ingenieuren und technischen Experten steht Ihnen jederzeit zur Verf\u00fcgung, um Sie w\u00e4hrend des gesamten Lebenszyklus Ihres Projekts fachkundig zu beraten und zu unterst\u00fctzen - von der ersten Entwurfsberatung \u00fcber die Produktauswahl bis hin zur Unterst\u00fctzung bei der Installation vor Ort und der Fehlersuche.<\/p>\n<p>Wir k\u00f6nnen Ihnen dabei helfen:<\/p>\n<ul>\n<li><strong>Produktauswahl:<\/strong>\u00a0Wir helfen Ihnen bei der Auswahl des richtigen LVL-Lamellenprodukts f\u00fcr Ihre spezifischen Anwendungen und Designanforderungen.<\/li>\n<li><strong>Unterst\u00fctzung bei der Gestaltung:<\/strong>\u00a0Bereitstellung technischer Beratung und Unterst\u00fctzung w\u00e4hrend der Entwurfsphase, einschlie\u00dflich Lastberechnungen, Spannweitentabellen und Verbindungsdetails.<\/li>\n<li><strong>Anleitung zur Installation:<\/strong>\u00a0Unterst\u00fctzung bei der Installation vor Ort oder aus der Ferne, um eine ordnungsgem\u00e4\u00dfe Installation zu gew\u00e4hrleisten und alle technischen Probleme zu l\u00f6sen.<\/li>\n<li><strong>Fehlersuche:<\/strong>\u00a0Unterst\u00fctzung bei allen technischen Problemen oder Fragen, die w\u00e4hrend oder nach der Installation auftreten k\u00f6nnen.<\/li>\n<\/ul>","protected":false},"excerpt":{"rendered":"<p>Engineered Veneer LVL-Latten sind eine hochfeste, stabile und nachhaltige Baul\u00f6sung, die sich f\u00fcr eine Vielzahl von strukturellen und gestalterischen Anwendungen eignet. Sie werden aus geschichteten Holzfurnieren hergestellt und bieten ein au\u00dfergew\u00f6hnliches Verh\u00e4ltnis von Festigkeit zu Gewicht, Dimensionsstabilit\u00e4t und Best\u00e4ndigkeit gegen Verziehen, Verdrehen und Durchbiegen. LVL-Latten sind ideal f\u00fcr Balken, Kopfbalken, Unterz\u00fcge, M\u00f6bel und vieles mehr und bieten im Vergleich zu herk\u00f6mmlichem Holz eine bessere Leistung und Nachhaltigkeit.<\/p>","protected":false},"featured_media":531,"template":"","meta":{"_kad_blocks_custom_css":"","_kad_blocks_head_custom_js":"","_kad_blocks_body_custom_js":"","_kad_blocks_footer_custom_js":"","_kad_post_transparent":"default","_kad_post_title":"","_kad_post_layout":"default","_kad_post_sidebar_id":"","_kad_post_content_style":"default","_kad_post_vertical_padding":"default","_kad_post_feature":"","_kad_post_feature_position":"","_kad_post_header":false,"_kad_post_footer":false,"_kad_post_classname":""},"product_brand":[],"product_cat":[20],"product_tag":[],"class_list":{"0":"post-568","1":"product","2":"type-product","3":"status-publish","4":"has-post-thumbnail","6":"product_cat-lvl-slats","8":"first","9":"instock","10":"shipping-taxable","11":"product-type-simple","12":"entry","13":"content-bg","14":"loop-entry"},"taxonomy_info":{"product_cat":[{"value":20,"label":"LVL Slats"}]},"featured_image_src_large":["https:\/\/yuantuowood.com\/wp-content\/uploads\/2024\/08\/Engineered-Veneer-LVL-Slats-1024x683.jpg",1024,683,true],"author_info":[],"comment_info":"","_links":{"self":[{"href":"https:\/\/yuantuowood.com\/de\/wp-json\/wp\/v2\/product\/568","targetHints":{"allow":["GET"]}}],"collection":[{"href":"https:\/\/yuantuowood.com\/de\/wp-json\/wp\/v2\/product"}],"about":[{"href":"https:\/\/yuantuowood.com\/de\/wp-json\/wp\/v2\/types\/product"}],"wp:featuredmedia":[{"embeddable":true,"href":"https:\/\/yuantuowood.com\/de\/wp-json\/wp\/v2\/media\/531"}],"wp:attachment":[{"href":"https:\/\/yuantuowood.com\/de\/wp-json\/wp\/v2\/media?parent=568"}],"wp:term":[{"taxonomy":"product_brand","embeddable":true,"href":"https:\/\/yuantuowood.com\/de\/wp-json\/wp\/v2\/product_brand?post=568"},{"taxonomy":"product_cat","embeddable":true,"href":"https:\/\/yuantuowood.com\/de\/wp-json\/wp\/v2\/product_cat?post=568"},{"taxonomy":"product_tag","embeddable":true,"href":"https:\/\/yuantuowood.com\/de\/wp-json\/wp\/v2\/product_tag?post=568"}],"curies":[{"name":"wp","href":"https:\/\/api.w.org\/{rel}","templated":true}]}}