{"id":561,"date":"2024-08-27T03:36:43","date_gmt":"2024-08-27T03:36:43","guid":{"rendered":"https:\/\/slats.easiwin.com\/?post_type=product&#038;p=561"},"modified":"2024-10-28T03:26:43","modified_gmt":"2024-10-28T03:26:43","slug":"custom-curved-bed-slats-manufacturer","status":"publish","type":"product","link":"https:\/\/yuantuowood.com\/es\/product\/custom-curved-bed-slats-manufacturer\/","title":{"rendered":"Lamas curvadas"},"content":{"rendered":"<p data-immersive-translate-paragraph=\"1\" data-immersive-translate-walked=\"4ec3e8cb-c4a5-4ec8-9ecf-ed82a1888c4a\">En la b\u00fasqueda de un sue\u00f1o verdaderamente reparador y rejuvenecedor, todos los elementos de su sistema de descanso son importantes. Aunque los colchones suelen ser el centro de atenci\u00f3n, las l\u00e1minas de la cama, que a menudo se pasan por alto, desempe\u00f1an un papel crucial a la hora de proporcionar un soporte adecuado y mejorar la comodidad. Curvado <a href=\"https:\/\/en.wikipedia.org\/wiki\/Bed_base\" target=\"_blank\" rel=\"noopener\">L\u00e1minas de cama<\/a>s, con su dise\u00f1o ergon\u00f3mico y su capacidad para adaptarse a las curvas naturales del cuerpo, se han convertido en una opci\u00f3n superior para los durmientes m\u00e1s exigentes que buscan lo \u00faltimo en confort y alineaci\u00f3n de la columna vertebral. Esta completa gu\u00eda se adentra en el mundo de los somieres curvados, explorando sus beneficios, aplicaciones y por qu\u00e9 YuanTuo Wood destaca como el principal proveedor de estas innovadoras soluciones para el descanso.<\/p>\n<h3 data-immersive-translate-walked=\"4ec3e8cb-c4a5-4ec8-9ecf-ed82a1888c4a\"><strong data-immersive-translate-walked=\"4ec3e8cb-c4a5-4ec8-9ecf-ed82a1888c4a\" data-immersive-translate-paragraph=\"1\">\u00bfQu\u00e9 son las l\u00e1minas curvadas?<\/strong><\/h3>\n<p data-immersive-translate-walked=\"4ec3e8cb-c4a5-4ec8-9ecf-ed82a1888c4a\" data-immersive-translate-paragraph=\"1\">Imagine una serie de l\u00e1minas de madera meticulosamente elaboradas, suavemente curvadas para imitar los contornos naturales de su columna vertebral. A diferencia de las l\u00e1minas planas tradicionales, las l\u00e1minas curvadas ofrecen un sistema de apoyo m\u00e1s din\u00e1mico y sensible. Este dise\u00f1o \u00fanico permite que las l\u00e1minas se flexionen y se ajusten al peso y los movimientos de su cuerpo durante la noche, proporcionando un alivio espec\u00edfico de la presi\u00f3n y fomentando una alineaci\u00f3n adecuada de la columna vertebral. El resultado es una experiencia de descanso sumamente c\u00f3moda y que favorece la salud de la espalda y la columna vertebral.<\/p>\n<h3 data-immersive-translate-walked=\"4ec3e8cb-c4a5-4ec8-9ecf-ed82a1888c4a\"><strong data-immersive-translate-walked=\"4ec3e8cb-c4a5-4ec8-9ecf-ed82a1888c4a\" data-immersive-translate-paragraph=\"1\">Comprender los listones de cama curvados: Caracter\u00edsticas principales<\/strong><\/h3>\n<div style=\"overflow-x: auto;\">\n<table>\n<tbody>\n<tr>\n<td><strong>Caracter\u00edstica<\/strong><\/td>\n<td><strong>Descripci\u00f3n<\/strong><\/td>\n<\/tr>\n<tr>\n<td>Especies de madera<\/td>\n<td>\n<div>\n<div>Abedul\/Pl\u00e1tano\/Eucalipto<\/div>\n<\/div>\n<\/td>\n<\/tr>\n<tr>\n<td>Propiedades<\/td>\n<td>\n<div>\n<div>Resistentes, ligeras, flexibles, duraderas, resistentes al alabeo y al agrietamiento, sostenibles (procedentes de bosques gestionados de forma responsable), amortiguadoras, excelentes propiedades de distribuci\u00f3n del peso, favorecen la circulaci\u00f3n del aire &#8211; Estas propiedades combinadas hacen de las l\u00e1minas curvadas una opci\u00f3n superior para una amplia gama de aplicaciones.<\/div>\n<\/div>\n<\/td>\n<\/tr>\n<tr>\n<td>Acabado superficial<\/td>\n<td>\n<div>\n<div>Natural \/ Con papel decorativo<\/div>\n<\/div>\n<\/td>\n<\/tr>\n<tr>\n<td>Tipo<\/td>\n<td>R4000\/R8000<\/td>\n<\/tr>\n<tr>\n<td>Dimensiones<\/td>\n<td>\n<div>\n<div>Longitud:550-1750mm<br \/>\nAnchura:25-170mm<br \/>\nGrosor:6-20 mm<\/div>\n<\/div>\n<\/td>\n<\/tr>\n<tr>\n<td>Grado de encolado<\/td>\n<td>E0, E1<\/td>\n<\/tr>\n<tr>\n<td>Contenido de humedad<\/td>\n<td>8-14%<\/td>\n<\/tr>\n<tr>\n<td>Certificado<\/td>\n<td>\n<div>\n<div>FSC\/ CARB P2\/ EPA<\/div>\n<\/div>\n<\/td>\n<\/tr>\n<\/tbody>\n<\/table>\n<\/div>\n<h3 data-immersive-translate-walked=\"4ec3e8cb-c4a5-4ec8-9ecf-ed82a1888c4a\"><strong data-immersive-translate-walked=\"4ec3e8cb-c4a5-4ec8-9ecf-ed82a1888c4a\" data-immersive-translate-paragraph=\"1\">Aplicaciones de las l\u00e1minas curvadas para camas: Mejora del confort en todos los sectores<\/strong><\/h3>\n<p data-immersive-translate-walked=\"4ec3e8cb-c4a5-4ec8-9ecf-ed82a1888c4a\" data-immersive-translate-paragraph=\"1\">Las ventajas exclusivas de las l\u00e1minas de cama curvadas han llevado a su adopci\u00f3n generalizada en diversos sectores, trascendiendo el \u00e1mbito del mobiliario dom\u00e9stico tradicional:<\/p>\n<ul data-immersive-translate-walked=\"4ec3e8cb-c4a5-4ec8-9ecf-ed82a1888c4a\">\n<li data-immersive-translate-walked=\"4ec3e8cb-c4a5-4ec8-9ecf-ed82a1888c4a\" data-immersive-translate-paragraph=\"1\"><strong data-immersive-translate-walked=\"4ec3e8cb-c4a5-4ec8-9ecf-ed82a1888c4a\">Mobiliario dom\u00e9stico:<\/strong>\u00a0Desde estudios minimalistas hasta lujosas suites, las l\u00e1minas curvadas aumentan la comodidad y el soporte de las camas en hogares de todos los estilos. Su adaptabilidad a distintos dise\u00f1os y dimensiones de somier las convierte en una opci\u00f3n muy solicitada por quienes buscan una experiencia de descanso superior.<\/li>\n<li data-immersive-translate-walked=\"4ec3e8cb-c4a5-4ec8-9ecf-ed82a1888c4a\" data-immersive-translate-paragraph=\"1\"><strong data-immersive-translate-walked=\"4ec3e8cb-c4a5-4ec8-9ecf-ed82a1888c4a\">Hoteles y hosteler\u00eda:<\/strong>\u00a0El sector de la hosteler\u00eda se esfuerza por ofrecer a sus hu\u00e9spedes un confort excepcional y experiencias memorables. Las l\u00e1minas de cama curvadas, con su capacidad para mejorar la calidad del sue\u00f1o y promover la relajaci\u00f3n, son cada vez m\u00e1s populares en hoteles, complejos tur\u00edsticos y alojamientos boutique, lo que aumenta la satisfacci\u00f3n de los hu\u00e9spedes y fomenta las cr\u00edticas positivas.<\/li>\n<li data-immersive-translate-paragraph=\"1\" data-immersive-translate-walked=\"4ec3e8cb-c4a5-4ec8-9ecf-ed82a1888c4a\"><strong data-immersive-translate-walked=\"4ec3e8cb-c4a5-4ec8-9ecf-ed82a1888c4a\">Asistencia sanitaria y rehabilitaci\u00f3n:<\/strong>\u00a0En los entornos sanitarios, donde la comodidad y el bienestar del paciente son primordiales, las l\u00e1minas curvadas para camas ofrecen una serie de ventajas. Su dise\u00f1o ergon\u00f3mico puede ayudar a aliviar los puntos de presi\u00f3n, promover una postura correcta y mejorar la circulaci\u00f3n sangu\u00ednea, por lo que son adecuadas para camas de hospital, centros de rehabilitaci\u00f3n y residencias asistidas.<\/li>\n<li data-immersive-translate-paragraph=\"1\" data-immersive-translate-walked=\"4ec3e8cb-c4a5-4ec8-9ecf-ed82a1888c4a\"><strong data-immersive-translate-walked=\"4ec3e8cb-c4a5-4ec8-9ecf-ed82a1888c4a\">Soporte de colch\u00f3n especial:<\/strong>\u00a0Las l\u00e1minas curvadas son especialmente adecuadas para colchones especiales, como los que tienen sistemas de soporte por zonas o los dise\u00f1ados para somieres ajustables. Su capacidad para adaptarse a los contornos de estos colchones garantiza un rendimiento \u00f3ptimo y maximiza los beneficios de estos sistemas de descanso especializados.<\/li>\n<\/ul>\n<h3 data-immersive-translate-walked=\"4ec3e8cb-c4a5-4ec8-9ecf-ed82a1888c4a\"><strong data-immersive-translate-walked=\"4ec3e8cb-c4a5-4ec8-9ecf-ed82a1888c4a\" data-immersive-translate-paragraph=\"1\">Ventajas de elegir somieres curvos: Una experiencia de sue\u00f1o superior<\/strong><\/h3>\n<p data-immersive-translate-walked=\"4ec3e8cb-c4a5-4ec8-9ecf-ed82a1888c4a\" data-immersive-translate-paragraph=\"1\">Las l\u00e1minas de cama curvadas ofrecen una convincente combinaci\u00f3n de ventajas que las diferencian de las l\u00e1minas planas tradicionales, lo que las convierte en una opci\u00f3n superior para los durmientes exigentes:<\/p>\n<ul data-immersive-translate-walked=\"4ec3e8cb-c4a5-4ec8-9ecf-ed82a1888c4a\">\n<li data-immersive-translate-walked=\"4ec3e8cb-c4a5-4ec8-9ecf-ed82a1888c4a\" data-immersive-translate-paragraph=\"1\"><strong data-immersive-translate-walked=\"4ec3e8cb-c4a5-4ec8-9ecf-ed82a1888c4a\">Soporte ergon\u00f3mico para la alineaci\u00f3n de la columna vertebral:<\/strong>\u00a0La caracter\u00edstica que define a las l\u00e1minas curvadas es su capacidad para adaptarse a la curvatura natural de la columna vertebral. Este dise\u00f1o ergon\u00f3mico favorece la correcta alineaci\u00f3n de la columna vertebral, reduciendo la tensi\u00f3n sobre los m\u00fasculos de la espalda y los discos intervertebrales. Al apoyar las curvas naturales del cuerpo, las l\u00e1minas curvadas ayudan a aliviar el dolor de espalda, reducir la rigidez y promover una postura de sue\u00f1o m\u00e1s reparadora.<\/li>\n<li data-immersive-translate-paragraph=\"1\" data-immersive-translate-walked=\"4ec3e8cb-c4a5-4ec8-9ecf-ed82a1888c4a\"><strong data-immersive-translate-walked=\"4ec3e8cb-c4a5-4ec8-9ecf-ed82a1888c4a\">Alivio de la presi\u00f3n mejorado para un sue\u00f1o m\u00e1s profundo:<\/strong>\u00a0La suave flexi\u00f3n y la acci\u00f3n de contorno de las l\u00e1minas curvadas proporcionan un alivio espec\u00edfico de la presi\u00f3n, especialmente en la regi\u00f3n lumbar y en puntos de presi\u00f3n como las caderas y los hombros. Al distribuir el peso del cuerpo de forma m\u00e1s uniforme por la superficie del colch\u00f3n, las l\u00e1minas curvadas minimizan los puntos de presi\u00f3n que pueden provocar vueltas en la cama, lo que favorece un sue\u00f1o m\u00e1s profundo y reparador.<\/li>\n<li data-immersive-translate-paragraph=\"1\" data-immersive-translate-walked=\"4ec3e8cb-c4a5-4ec8-9ecf-ed82a1888c4a\"><strong data-immersive-translate-walked=\"4ec3e8cb-c4a5-4ec8-9ecf-ed82a1888c4a\">Mejora la circulaci\u00f3n sangu\u00ednea para un bienestar general:<\/strong>\u00a0La naturaleza din\u00e1mica de las l\u00e1minas curvadas, con su ligera flexi\u00f3n y capacidad de respuesta al movimiento, tambi\u00e9n puede contribuir a mejorar la circulaci\u00f3n sangu\u00ednea. Al reducir la presi\u00f3n sobre los vasos sangu\u00edneos, las l\u00e1minas curvadas favorecen un flujo sangu\u00edneo saludable, lo que puede beneficiar a la salud y el bienestar general.<\/li>\n<li data-immersive-translate-paragraph=\"1\" data-immersive-translate-walked=\"4ec3e8cb-c4a5-4ec8-9ecf-ed82a1888c4a\"><strong data-immersive-translate-walked=\"4ec3e8cb-c4a5-4ec8-9ecf-ed82a1888c4a\">Mayor vida \u00fatil y rendimiento del colch\u00f3n:<\/strong>\u00a0Las l\u00e1minas curvadas, con su capacidad para distribuir el peso de forma m\u00e1s uniforme y minimizar los puntos de presi\u00f3n, tambi\u00e9n pueden contribuir a prolongar la vida \u00fatil de su colch\u00f3n. Al reducir el desgaste en zonas espec\u00edficas del colch\u00f3n, las l\u00e1minas curvadas ayudan a mantener su forma y soporte a lo largo del tiempo, garantizando que aproveche al m\u00e1ximo su inversi\u00f3n.<\/li>\n<\/ul>\n<h3 data-immersive-translate-walked=\"4ec3e8cb-c4a5-4ec8-9ecf-ed82a1888c4a\"><strong data-immersive-translate-walked=\"4ec3e8cb-c4a5-4ec8-9ecf-ed82a1888c4a\" data-immersive-translate-paragraph=\"1\">L\u00e1minas de cama curvadas frente a otros materiales: Una clara ventaja<\/strong><\/h3>\n<p data-immersive-translate-walked=\"4ec3e8cb-c4a5-4ec8-9ecf-ed82a1888c4a\" data-immersive-translate-paragraph=\"1\">Aunque se utilizan diversos materiales para las l\u00e1minas de las camas, las l\u00e1minas curvadas, normalmente fabricadas con maderas duras, ofrecen una clara ventaja sobre las opciones alternativas:<\/p>\n<ul data-immersive-translate-walked=\"4ec3e8cb-c4a5-4ec8-9ecf-ed82a1888c4a\">\n<li data-immersive-translate-walked=\"4ec3e8cb-c4a5-4ec8-9ecf-ed82a1888c4a\" data-immersive-translate-paragraph=\"1\"><strong data-immersive-translate-walked=\"4ec3e8cb-c4a5-4ec8-9ecf-ed82a1888c4a\">Maderas curvadas frente a lamas planas:<\/strong>\u00a0El dise\u00f1o curvado es intr\u00ednsecamente superior al de las l\u00e1minas planas en t\u00e9rminos de soporte ergon\u00f3mico y alivio de la presi\u00f3n. Aunque las l\u00e1minas planas ofrecen un nivel b\u00e1sico de apoyo, no pueden igualar el contorno din\u00e1mico y la distribuci\u00f3n selectiva de la presi\u00f3n que proporcionan las l\u00e1minas curvadas.<\/li>\n<li data-immersive-translate-paragraph=\"1\" data-immersive-translate-walked=\"4ec3e8cb-c4a5-4ec8-9ecf-ed82a1888c4a\"><strong data-immersive-translate-walked=\"4ec3e8cb-c4a5-4ec8-9ecf-ed82a1888c4a\">Maderas curvadas frente a listones met\u00e1licos:<\/strong>\u00a0Aunque las lamas met\u00e1licas pueden ser asequibles, a menudo se quedan cortas en cuanto a comodidad, ruido y durabilidad. El metal puede resultar fr\u00edo, implacable y propenso a chirriar. En cambio, las l\u00e1minas curvadas de madera ofrecen una experiencia de descanso m\u00e1s c\u00e1lida, silenciosa y c\u00f3moda.<\/li>\n<li data-immersive-translate-walked=\"4ec3e8cb-c4a5-4ec8-9ecf-ed82a1888c4a\" data-immersive-translate-paragraph=\"1\"><strong data-immersive-translate-walked=\"4ec3e8cb-c4a5-4ec8-9ecf-ed82a1888c4a\">Maderas duras curvadas frente a listones de contrachapado:<\/strong>\u00a0La madera contrachapada, aunque menos cara que la madera maciza, carece de la resistencia, durabilidad y elasticidad necesarias para las lamas curvadas. La madera contrachapada es propensa a alabearse, combarse y delaminarse, sobre todo bajo el estr\u00e9s de la flexi\u00f3n repetida. Las lamas curvadas de madera dura, con su fuerza superior y su resistencia a la deformaci\u00f3n, proporcionan un rendimiento duradero y mantienen su forma con el paso del tiempo.<\/li>\n<\/ul>\n<h3 data-immersive-translate-walked=\"4ec3e8cb-c4a5-4ec8-9ecf-ed82a1888c4a\"><strong data-immersive-translate-walked=\"4ec3e8cb-c4a5-4ec8-9ecf-ed82a1888c4a\" data-immersive-translate-paragraph=\"1\">\u00bfPor qu\u00e9 elegir la madera de Yuantuo para sus listones curvados de la cama?<\/strong><\/h3>\n<p data-immersive-translate-walked=\"4ec3e8cb-c4a5-4ec8-9ecf-ed82a1888c4a\" data-immersive-translate-paragraph=\"1\">En YuanTuo Wood, estamos dedicados a la elaboraci\u00f3n de la base para una experiencia de sue\u00f1o verdaderamente excepcional. Nuestros listones curvados encarnan nuestro compromiso con la calidad, la artesan\u00eda y la satisfacci\u00f3n del cliente. Aqu\u00ed&#8217;est\u00e1 porqu\u00e9 los clientes exigentes eligen <a href=\"https:\/\/yuantuowood.com\/es\/about-us\/\">Yuantuo Wood<\/a>:<\/p>\n<ul data-immersive-translate-walked=\"4ec3e8cb-c4a5-4ec8-9ecf-ed82a1888c4a\">\n<li data-immersive-translate-walked=\"4ec3e8cb-c4a5-4ec8-9ecf-ed82a1888c4a\" data-immersive-translate-paragraph=\"1\"><strong data-immersive-translate-walked=\"4ec3e8cb-c4a5-4ec8-9ecf-ed82a1888c4a\">Calidad sin concesiones e ingenier\u00eda de precisi\u00f3n:<\/strong>\u00a0S\u00f3lo obtenemos las mejores maderas duras de bosques gestionados de forma sostenible y empleamos las t\u00e9cnicas de fabricaci\u00f3n m\u00e1s avanzadas para garantizar que cada lama curva cumpla los m\u00e1s altos est\u00e1ndares de precisi\u00f3n y durabilidad. Nuestros rigurosos procesos de control de calidad garantizan que usted reciba un producto de calidad y longevidad excepcionales.<\/li>\n<li data-immersive-translate-paragraph=\"1\" data-immersive-translate-walked=\"4ec3e8cb-c4a5-4ec8-9ecf-ed82a1888c4a\"><strong data-immersive-translate-walked=\"4ec3e8cb-c4a5-4ec8-9ecf-ed82a1888c4a\">Experiencia en personalizaci\u00f3n para soluciones a medida:<\/strong>\u00a0Entendemos que cada durmiente es \u00fanico, y tambi\u00e9n lo son sus necesidades de soporte. Por eso ofrecemos una amplia gama de opciones de personalizaci\u00f3n, incluidas las dimensiones de las traviesas, el radio de curvatura, las especies de madera y los acabados. Nuestro experimentado equipo puede trabajar con usted para desarrollar soluciones a medida adaptadas a sus requisitos espec\u00edficos, garantizando un ajuste perfecto y un rendimiento \u00f3ptimo para su aplicaci\u00f3n.<\/li>\n<li data-immersive-translate-paragraph=\"1\" data-immersive-translate-walked=\"4ec3e8cb-c4a5-4ec8-9ecf-ed82a1888c4a\"><strong data-immersive-translate-walked=\"4ec3e8cb-c4a5-4ec8-9ecf-ed82a1888c4a\">Abastecimiento sostenible y responsabilidad medioambiental:<\/strong>\u00a0Estamos comprometidos con las pr\u00e1cticas forestales responsables y contamos con certificaciones como FSC (Forest Stewardship Council) y PEFC (Programme for the Endorsement of Forest Certification), que garantizan que nuestros productos de madera proceden de bosques bien gestionados. Elegir YuanTuo Wood significa elegir una empresa que prioriza la sostenibilidad medioambiental y minimiza su huella ecol\u00f3gica.<\/li>\n<li data-immersive-translate-paragraph=\"1\" data-immersive-translate-walked=\"4ec3e8cb-c4a5-4ec8-9ecf-ed82a1888c4a\"><strong data-immersive-translate-walked=\"4ec3e8cb-c4a5-4ec8-9ecf-ed82a1888c4a\">Alcance mundial, experiencia local y servicio excepcional:<\/strong>\u00a0Con una presencia global y un profundo conocimiento de las diversas necesidades del mercado, YuanTuo Wood es su socio de confianza para listones de cama curvados. Nuestra amplia red de distribuci\u00f3n nos permite entregar nuestros productos de manera eficiente a los clientes en todo el mundo. Nuestro dedicado equipo de atenci\u00f3n al cliente est\u00e1 siempre disponible para proporcionar asistencia personalizada, conocimientos t\u00e9cnicos, y garantizar su completa satisfacci\u00f3n.<\/li>\n<\/ul>\n<h3 data-immersive-translate-walked=\"4ec3e8cb-c4a5-4ec8-9ecf-ed82a1888c4a\"><strong data-immersive-translate-walked=\"4ec3e8cb-c4a5-4ec8-9ecf-ed82a1888c4a\" data-immersive-translate-paragraph=\"1\">Preguntas m\u00e1s frecuentes (FAQ)<\/strong><\/h3>\n<p data-immersive-translate-walked=\"4ec3e8cb-c4a5-4ec8-9ecf-ed82a1888c4a\"><strong data-immersive-translate-walked=\"4ec3e8cb-c4a5-4ec8-9ecf-ed82a1888c4a\" data-immersive-translate-paragraph=\"1\">1. \u00bfQu\u00e9 tipo de colch\u00f3n se adapta mejor a los somieres curvos?<\/strong><\/p>\n<p data-immersive-translate-paragraph=\"1\" data-immersive-translate-walked=\"4ec3e8cb-c4a5-4ec8-9ecf-ed82a1888c4a\">Las l\u00e1minas curvadas son compatibles con una amplia gama de tipos de colch\u00f3n, como los de espuma viscoel\u00e1stica, l\u00e1tex, muelles internos y colchones h\u00edbridos. Son especialmente beneficiosas para los colchones con sistemas de soporte por zonas, en los que la flexibilidad de las l\u00e1minas complementa las zonas de soporte espec\u00edficas del colch\u00f3n, o los dise\u00f1ados para somieres ajustables, ya que las l\u00e1minas pueden ajustarse a distintas posiciones. Sin embargo, siempre es aconsejable consultar las directrices del fabricante de su colch\u00f3n sobre la distancia recomendada entre las l\u00e1minas y el soporte para garantizar un rendimiento \u00f3ptimo y evitar problemas con la garant\u00eda.<\/p>\n<p data-immersive-translate-walked=\"4ec3e8cb-c4a5-4ec8-9ecf-ed82a1888c4a\"><strong data-immersive-translate-walked=\"4ec3e8cb-c4a5-4ec8-9ecf-ed82a1888c4a\" data-immersive-translate-paragraph=\"1\">2. \u00bfC\u00f3mo influyen las l\u00e1minas curvadas en la alineaci\u00f3n de la columna vertebral?<\/strong><\/p>\n<p data-immersive-translate-walked=\"4ec3e8cb-c4a5-4ec8-9ecf-ed82a1888c4a\" data-immersive-translate-paragraph=\"1\">A diferencia de las l\u00e1minas planas, que ofrecen un soporte uniforme pero menos adaptable, el dise\u00f1o curvado de estas l\u00e1minas les permite actuar como una serie de muelles interconectados, adapt\u00e1ndose suavemente a la curvatura natural de su columna vertebral. Este dise\u00f1o ergon\u00f3mico favorece la correcta alineaci\u00f3n de la columna vertebral, independientemente de la posici\u00f3n en que duerma, reduciendo la tensi\u00f3n sobre los m\u00fasculos de la espalda y los discos intervertebrales, que son especialmente vulnerables a la tensi\u00f3n y la compresi\u00f3n. Al apoyar las curvas naturales del cuerpo, las l\u00e1minas curvadas ayudan a aliviar el dolor de espalda, reducir la rigidez y promover una postura de sue\u00f1o m\u00e1s reparadora.<\/p>\n<p data-immersive-translate-walked=\"4ec3e8cb-c4a5-4ec8-9ecf-ed82a1888c4a\"><strong data-immersive-translate-walked=\"4ec3e8cb-c4a5-4ec8-9ecf-ed82a1888c4a\" data-immersive-translate-paragraph=\"1\">3. \u00bfSon adecuadas las l\u00e1minas curvadas para las personas con problemas de espalda?<\/strong><\/p>\n<p data-immersive-translate-walked=\"4ec3e8cb-c4a5-4ec8-9ecf-ed82a1888c4a\" data-immersive-translate-paragraph=\"1\">Aunque muchos usuarios consideran que el dise\u00f1o ergon\u00f3mico de las l\u00e1minas curvadas puede contribuir a una experiencia de sue\u00f1o m\u00e1s c\u00f3moda y con m\u00e1s apoyo, aliviando potencialmente algunas molestias de espalda, es fundamental consultar a un profesional sanitario o a un especialista del sue\u00f1o certificado para obtener asesoramiento personalizado sobre dolencias de espalda espec\u00edficas. Ellos pueden evaluar sus necesidades individuales, teniendo en cuenta factores como su peso, posici\u00f3n al dormir e historial m\u00e9dico, para ofrecerle recomendaciones personalizadas y determinar si las l\u00e1minas curvadas son una opci\u00f3n adecuada para su situaci\u00f3n.<\/p>\n<p data-immersive-translate-walked=\"4ec3e8cb-c4a5-4ec8-9ecf-ed82a1888c4a\"><strong data-immersive-translate-walked=\"4ec3e8cb-c4a5-4ec8-9ecf-ed82a1888c4a\" data-immersive-translate-paragraph=\"1\">4. \u00bfC\u00f3mo se instalan las lamas curvadas?<\/strong><\/p>\n<p data-immersive-translate-paragraph=\"1\" data-immersive-translate-walked=\"4ec3e8cb-c4a5-4ec8-9ecf-ed82a1888c4a\">Los procesos de instalaci\u00f3n pueden variar ligeramente seg\u00fan el modelo de somier y el dise\u00f1o de las l\u00e1minas. Sin embargo, la instalaci\u00f3n suele consistir en colocar las l\u00e1minas dentro de los ra\u00edles de soporte del somier, asegur\u00e1ndose de que est\u00e9n espaciadas uniformemente para proporcionar un soporte uniforme en todo el colch\u00f3n y firmemente colocadas para evitar cualquier movimiento o ruido. Algunos somieres pueden requerir accesorios espec\u00edficos, como soportes o tapas, para la instalaci\u00f3n de las l\u00e1minas. Consulte siempre las instrucciones del fabricante del somier para obtener informaci\u00f3n detallada y garantizar una instalaci\u00f3n correcta y segura.<\/p>\n<p data-immersive-translate-walked=\"4ec3e8cb-c4a5-4ec8-9ecf-ed82a1888c4a\"><strong data-immersive-translate-walked=\"4ec3e8cb-c4a5-4ec8-9ecf-ed82a1888c4a\" data-immersive-translate-paragraph=\"1\">5. \u00bfC\u00f3mo puedo limpiar y mantener las l\u00e1minas de mi cama curvada para garantizar su longevidad?<\/strong><\/p>\n<p data-immersive-translate-paragraph=\"1\" data-immersive-translate-walked=\"4ec3e8cb-c4a5-4ec8-9ecf-ed82a1888c4a\">Un mantenimiento regular es clave para preservar la calidad y prolongar la vida \u00fatil de las l\u00e1minas de su cama curva. Limpiar regularmente con un pa\u00f1o suave y seco suele ser suficiente para eliminar el polvo y los restos que se acumulan con el tiempo. Para una limpieza m\u00e1s a fondo, puede humedecer un pa\u00f1o suave con un limpiador de madera suave, asegur\u00e1ndose de escurrir el exceso de agua. Evite utilizar productos qu\u00edmicos agresivos, limpiadores abrasivos o agua en exceso, ya que pueden da\u00f1ar el acabado de la madera y debilitar las lamas o provocar su decoloraci\u00f3n. Inspeccione peri\u00f3dicamente las l\u00e1minas para detectar cualquier signo de desgaste, como grietas o astillas, y sustit\u00fayalas cuando sea necesario para mantener una superficie de descanso segura y confortable.<\/p>","protected":false},"excerpt":{"rendered":"<p>Fabricadas con maderas nobles de primera calidad, las l\u00e1minas curvadas de YuanTuo Wood proporcionan un soporte ergon\u00f3mico sin igual, adapt\u00e1ndose a las curvas naturales del cuerpo. Ofrecen un mayor alivio de la presi\u00f3n, favorecen la alineaci\u00f3n de la columna vertebral y mejoran la circulaci\u00f3n sangu\u00ednea, garantizando un sue\u00f1o reparador. Ideales para mobiliario dom\u00e9stico, hosteler\u00eda, sanidad y colchones especiales, nuestras l\u00e1minas personalizables garantizan durabilidad y un confort duradero.<\/p>","protected":false},"featured_media":526,"template":"","meta":{"_kad_blocks_custom_css":"","_kad_blocks_head_custom_js":"","_kad_blocks_body_custom_js":"","_kad_blocks_footer_custom_js":"","_kad_post_transparent":"default","_kad_post_title":"","_kad_post_layout":"default","_kad_post_sidebar_id":"","_kad_post_content_style":"default","_kad_post_vertical_padding":"default","_kad_post_feature":"","_kad_post_feature_position":"","_kad_post_header":false,"_kad_post_footer":false,"_kad_post_classname":""},"product_brand":[],"product_cat":[19],"product_tag":[],"class_list":{"0":"post-561","1":"product","2":"type-product","3":"status-publish","4":"has-post-thumbnail","6":"product_cat-bed-slats","8":"first","9":"instock","10":"shipping-taxable","11":"product-type-simple","12":"entry","13":"content-bg","14":"loop-entry"},"taxonomy_info":{"product_cat":[{"value":19,"label":"Bed Slats"}]},"featured_image_src_large":["https:\/\/yuantuowood.com\/wp-content\/uploads\/2024\/08\/Curved-Bed-Slats-1024x683.jpg",1024,683,true],"author_info":[],"comment_info":"","_links":{"self":[{"href":"https:\/\/yuantuowood.com\/es\/wp-json\/wp\/v2\/product\/561","targetHints":{"allow":["GET"]}}],"collection":[{"href":"https:\/\/yuantuowood.com\/es\/wp-json\/wp\/v2\/product"}],"about":[{"href":"https:\/\/yuantuowood.com\/es\/wp-json\/wp\/v2\/types\/product"}],"wp:featuredmedia":[{"embeddable":true,"href":"https:\/\/yuantuowood.com\/es\/wp-json\/wp\/v2\/media\/526"}],"wp:attachment":[{"href":"https:\/\/yuantuowood.com\/es\/wp-json\/wp\/v2\/media?parent=561"}],"wp:term":[{"taxonomy":"product_brand","embeddable":true,"href":"https:\/\/yuantuowood.com\/es\/wp-json\/wp\/v2\/product_brand?post=561"},{"taxonomy":"product_cat","embeddable":true,"href":"https:\/\/yuantuowood.com\/es\/wp-json\/wp\/v2\/product_cat?post=561"},{"taxonomy":"product_tag","embeddable":true,"href":"https:\/\/yuantuowood.com\/es\/wp-json\/wp\/v2\/product_tag?post=561"}],"curies":[{"name":"wp","href":"https:\/\/api.w.org\/{rel}","templated":true}]}}