{"id":565,"date":"2024-08-27T05:35:51","date_gmt":"2024-08-27T05:35:51","guid":{"rendered":"https:\/\/slats.easiwin.com\/?post_type=product&#038;p=565"},"modified":"2024-10-28T03:27:55","modified_gmt":"2024-10-28T03:27:55","slug":"custom-strongest-flat-bed-slats-manufacturer","status":"publish","type":"product","link":"https:\/\/yuantuowood.com\/es\/producto\/custom-strongest-flat-bed-slats-manufacturer\/","title":{"rendered":"Lamas planas"},"content":{"rendered":"<p data-immersive-translate-paragraph=\"1\" data-immersive-translate-walked=\"eadfd9ca-4be7-41a2-96ae-2b04d13aac54\">Un sue\u00f1o reparador es una orquesta de confort en la que cada elemento desempe\u00f1a un papel crucial. Aunque los colchones suelen ocupar el centro del escenario, las l\u00e1minas de la cama, a menudo olvidadas, se encargan silenciosamente de que todo funcione a la perfecci\u00f3n. <a href=\"https:\/\/en.wikipedia.org\/wiki\/Flat\" target=\"_blank\" rel=\"noopener\">Plano<\/a> Las l\u00e1minas de cama plana, con su discreta simplicidad, impresionante durabilidad y notable versatilidad, proporcionan una base fiable para una amplia gama de colchones y preferencias de descanso. Esta completa gu\u00eda se adentra en el mundo de las l\u00e1minas de cama plana, explorando sus beneficios a menudo olvidados, diversas aplicaciones, y por qu\u00e9 YuanTuo Wood se destaca como un proveedor de primer nivel de estos componentes esenciales del sistema de sue\u00f1o.<\/p>\n<h3 data-immersive-translate-walked=\"eadfd9ca-4be7-41a2-96ae-2b04d13aac54\" data-immersive-translate-paragraph=\"1\">\u00bfQu\u00e9 son las l\u00e1minas de cama plana?<\/h3>\n<p data-immersive-translate-paragraph=\"1\" data-immersive-translate-walked=\"eadfd9ca-4be7-41a2-96ae-2b04d13aac54\">Los somieres planos son tablones r\u00edgidos, normalmente de madera, colocados estrat\u00e9gicamente a lo ancho del somier para formar una base de apoyo para el colch\u00f3n. A diferencia de los somieres macizos, que pueden atrapar el calor y la humedad, provocando temperaturas de descanso inc\u00f3modas y un posible crecimiento de moho, las l\u00e1minas para camas planas est\u00e1n dise\u00f1adas para favorecer un flujo de aire \u00f3ptimo bajo el colch\u00f3n. Esta transpirabilidad ayuda a regular la temperatura, creando un entorno de descanso m\u00e1s higi\u00e9nico y c\u00f3modo al evitar la acumulaci\u00f3n de al\u00e9rgenos, moho y hongos. Adem\u00e1s de la ventilaci\u00f3n, las l\u00e1minas de cama plana distribuyen uniformemente el peso, lo que garantiza que el colch\u00f3n mantenga su forma y proporcione un soporte constante durante toda su vida \u00fatil.<\/p>\n<h3 data-immersive-translate-walked=\"eadfd9ca-4be7-41a2-96ae-2b04d13aac54\" data-immersive-translate-paragraph=\"1\">Comprender los listones para camas planas: Caracter\u00edsticas principales<\/h3>\n<div style=\"overflow-x: auto;\">\n<table>\n<tbody>\n<tr>\n<td>Caracter\u00edstica<\/td>\n<td>Descripci\u00f3n<\/td>\n<\/tr>\n<tr>\n<td>Especies de madera<\/td>\n<td>\n<div>\n<div>Abedul\/Pl\u00e1tano\/Eucalipto<\/div>\n<\/div>\n<\/td>\n<\/tr>\n<tr>\n<td>Propiedades<\/td>\n<td>\n<div>\n<div>Fuertes, duraderas, resistentes a la deformaci\u00f3n y el agrietamiento, transpirables, favorecen la circulaci\u00f3n del aire, f\u00e1ciles de instalar y sustituir, ligeras, rentables, sostenibles (procedentes de bosques gestionados de forma responsable) &#8211; Estas propiedades combinadas hacen de las l\u00e1minas para camas planas una elecci\u00f3n pr\u00e1ctica, fiable y respetuosa con el medio ambiente para una amplia gama de somieres y tipos de colchones.<\/div>\n<\/div>\n<\/td>\n<\/tr>\n<tr>\n<td>Acabado superficial<\/td>\n<td>\n<div>\n<div>Natural \/ Con papel decorativo<\/div>\n<\/div>\n<\/td>\n<\/tr>\n<tr>\n<td>Tipo<\/td>\n<td>Plano<\/td>\n<\/tr>\n<tr>\n<td>Dimensiones<\/td>\n<td>\n<div>\n<div>Longitud:550-1750mm<br \/>\nAnchura:25-170mm<br \/>\nGrosor:6-20 mm<\/div>\n<\/div>\n<\/td>\n<\/tr>\n<tr>\n<td>Grado de encolado<\/td>\n<td>E0, E1<\/td>\n<\/tr>\n<tr>\n<td>Contenido de humedad<\/td>\n<td>8-14%<\/td>\n<\/tr>\n<tr>\n<td>Certificado<\/td>\n<td>\n<div>\n<div>FSC\/ CARB P2\/ EPA<\/div>\n<\/div>\n<\/td>\n<\/tr>\n<\/tbody>\n<\/table>\n<\/div>\n<h3 data-immersive-translate-walked=\"eadfd9ca-4be7-41a2-96ae-2b04d13aac54\" data-immersive-translate-paragraph=\"1\">Aplicaciones de los listones de cama plana: Soporte fiable para todas las industrias<\/h3>\n<p data-immersive-translate-walked=\"eadfd9ca-4be7-41a2-96ae-2b04d13aac54\" data-immersive-translate-paragraph=\"1\">La versatilidad y practicidad inherentes a las l\u00e1minas de cama plana han llevado a su adopci\u00f3n generalizada en diversos sectores, mucho m\u00e1s all\u00e1 del mobiliario dom\u00e9stico tradicional:<\/p>\n<ul data-immersive-translate-walked=\"eadfd9ca-4be7-41a2-96ae-2b04d13aac54\">\n<li data-immersive-translate-walked=\"eadfd9ca-4be7-41a2-96ae-2b04d13aac54\" data-immersive-translate-paragraph=\"1\"><strong data-immersive-translate-walked=\"eadfd9ca-4be7-41a2-96ae-2b04d13aac54\">Mobiliario dom\u00e9stico:<\/strong>\u00a0Las l\u00e1minas de cama plana son un elemento b\u00e1sico en hogares de todo el mundo, ya que proporcionan un soporte fiable para colchones en dormitorios de todos los estilos y tama\u00f1os. Su adaptabilidad a diversos dise\u00f1os de somier, su facilidad de instalaci\u00f3n y su asequibilidad las convierten en una opci\u00f3n popular para los consumidores preocupados por el presupuesto y para aquellos que buscan una soluci\u00f3n de descanso sencilla pero eficaz.<\/li>\n<li data-immersive-translate-paragraph=\"1\" data-immersive-translate-walked=\"eadfd9ca-4be7-41a2-96ae-2b04d13aac54\"><strong data-immersive-translate-walked=\"eadfd9ca-4be7-41a2-96ae-2b04d13aac54\">Hoteles y hosteler\u00eda:<\/strong>\u00a0El sector de la hosteler\u00eda se nutre de mobiliario duradero, f\u00e1cil de mantener y est\u00e9ticamente agradable. Las lamas de cama plana, con su construcci\u00f3n robusta, dise\u00f1o sencillo y calidez natural, son id\u00f3neas para habitaciones de hotel, dormitorios y otros entornos de mucho tr\u00e1nsito en los que la durabilidad, la facilidad de sustituci\u00f3n y el atractivo visual son primordiales.<\/li>\n<li data-immersive-translate-walked=\"eadfd9ca-4be7-41a2-96ae-2b04d13aac54\" data-immersive-translate-paragraph=\"1\"><strong data-immersive-translate-walked=\"eadfd9ca-4be7-41a2-96ae-2b04d13aac54\" data-immersive-translate-paragraph=\"1\">Proyectos de bricolaje y camas a medida:<\/strong>\u00a0Las l\u00e1minas para camas planas son las favoritas de los aficionados al bricolaje y de quienes desean construir somieres personalizados adaptados a su estilo y necesidades de espacio. Sus tama\u00f1os f\u00e1cilmente disponibles, su facilidad de corte y personalizaci\u00f3n, y su asequibilidad las convierten en la opci\u00f3n ideal para crear dise\u00f1os de cama \u00fanicos y personalizados que reflejen los gustos y necesidades individuales.<\/li>\n<li data-immersive-translate-paragraph=\"1\" data-immersive-translate-walked=\"eadfd9ca-4be7-41a2-96ae-2b04d13aac54\"><strong data-immersive-translate-walked=\"eadfd9ca-4be7-41a2-96ae-2b04d13aac54\">Sustituci\u00f3n de la base del colch\u00f3n:<\/strong>\u00a0Con el tiempo, las bases de los colchones pueden deteriorarse, hundirse o da\u00f1arse, comprometiendo el soporte y la comodidad de su colch\u00f3n. Las l\u00e1minas de cama plana ofrecen una soluci\u00f3n rentable y pr\u00e1ctica para sustituir las bases desgastadas, proporcionando una base nueva y de apoyo para su colch\u00f3n y prolongando su vida \u00fatil, lo que en \u00faltima instancia le ahorra dinero y mejora la calidad de su sue\u00f1o.<\/li>\n<\/ul>\n<h3 data-immersive-translate-walked=\"eadfd9ca-4be7-41a2-96ae-2b04d13aac54\" data-immersive-translate-paragraph=\"1\">Ventajas de elegir listones de cama plana: Sencillez, durabilidad y versatilidad<\/h3>\n<p data-immersive-translate-walked=\"eadfd9ca-4be7-41a2-96ae-2b04d13aac54\" data-immersive-translate-paragraph=\"1\">Las l\u00e1minas de cama plana ofrecen una convincente combinaci\u00f3n de ventajas que las convierten en una elecci\u00f3n popular para una amplia gama de durmientes, somieres y aplicaciones:<\/p>\n<ul data-immersive-translate-walked=\"eadfd9ca-4be7-41a2-96ae-2b04d13aac54\">\n<li data-immersive-translate-walked=\"eadfd9ca-4be7-41a2-96ae-2b04d13aac54\" data-immersive-translate-paragraph=\"1\"><strong data-immersive-translate-walked=\"eadfd9ca-4be7-41a2-96ae-2b04d13aac54\">Asequible y accesible:<\/strong>\u00a0Las l\u00e1minas para camas planas suelen ser m\u00e1s asequibles que otros sistemas de soporte de camas, como los somieres o las camas de plataforma, lo que las convierte en una opci\u00f3n accesible para los consumidores preocupados por el presupuesto que se niegan a renunciar al soporte y la comodidad.<\/li>\n<li data-immersive-translate-paragraph=\"1\" data-immersive-translate-walked=\"eadfd9ca-4be7-41a2-96ae-2b04d13aac54\"><strong data-immersive-translate-walked=\"eadfd9ca-4be7-41a2-96ae-2b04d13aac54\">Duradero y de larga duraci\u00f3n:<\/strong>\u00a0Fabricadas a partir de robustas maderas duras seleccionadas por su fuerza y resistencia, las l\u00e1minas de cama plana est\u00e1n hechas para resistir el paso del tiempo, incluso bajo las exigencias nocturnas del sue\u00f1o. Su robusta construcci\u00f3n garantiza que puedan soportar un peso considerable sin hundirse ni romperse, proporcionando una base fiable para su colch\u00f3n durante a\u00f1os.<\/li>\n<li data-immersive-translate-paragraph=\"1\" data-immersive-translate-walked=\"eadfd9ca-4be7-41a2-96ae-2b04d13aac54\"><strong data-immersive-translate-walked=\"eadfd9ca-4be7-41a2-96ae-2b04d13aac54\">F\u00e1cil de instalar y sustituir:<\/strong>\u00a0Las lamas de cama plana son incre\u00edblemente f\u00e1ciles de instalar, y suelen requerir un m\u00ednimo de herramientas y esfuerzo, lo que las convierte en la opci\u00f3n ideal para los aficionados al bricolaje y quienes buscan una instalaci\u00f3n sin complicaciones. Su sencillo dise\u00f1o tambi\u00e9n facilita su sustituci\u00f3n en caso necesario, minimizando el tiempo de inactividad y las molestias en caso de que sea necesario sustituir una lama.<\/li>\n<li data-immersive-translate-paragraph=\"1\" data-immersive-translate-walked=\"eadfd9ca-4be7-41a2-96ae-2b04d13aac54\"><strong data-immersive-translate-walked=\"eadfd9ca-4be7-41a2-96ae-2b04d13aac54\">Favorecer la circulaci\u00f3n del aire y la higiene:<\/strong>\u00a0El espacio estrat\u00e9gicamente dise\u00f1ado entre los listones de la cama plana permite una excelente circulaci\u00f3n del aire bajo el colch\u00f3n, lo que ayuda a regular la temperatura, disipar la humedad y evitar la acumulaci\u00f3n de al\u00e9rgenos, moho y hongos, contribuyendo a un entorno de descanso m\u00e1s saludable e higi\u00e9nico para una noche de sue\u00f1o m\u00e1s reparador y reparador&amp;#8217.<\/li>\n<\/ul>\n<h3 data-immersive-translate-walked=\"eadfd9ca-4be7-41a2-96ae-2b04d13aac54\" data-immersive-translate-paragraph=\"1\">Lamas planas frente a otros materiales: Una elecci\u00f3n pr\u00e1ctica y rentable<\/h3>\n<p data-immersive-translate-walked=\"eadfd9ca-4be7-41a2-96ae-2b04d13aac54\" data-immersive-translate-paragraph=\"1\">Aunque existen diversos materiales y dise\u00f1os para los somieres, las l\u00e1minas para camas planas, especialmente las fabricadas con maderas duras, ofrecen una combinaci\u00f3n convincente de practicidad, asequibilidad y durabilidad dif\u00edcil de igualar:<\/p>\n<ul data-immersive-translate-walked=\"eadfd9ca-4be7-41a2-96ae-2b04d13aac54\">\n<li data-immersive-translate-walked=\"eadfd9ca-4be7-41a2-96ae-2b04d13aac54\" data-immersive-translate-paragraph=\"1\"><strong data-immersive-translate-walked=\"eadfd9ca-4be7-41a2-96ae-2b04d13aac54\">Maderas duras planas frente a listones met\u00e1licos:<\/strong>\u00a0Aunque los listones met\u00e1licos pueden ofrecer una est\u00e9tica m\u00e1s elegante y moderna, pueden ser propensos a chirriar, doblarse con el tiempo y transmitir temperaturas fr\u00edas al colch\u00f3n, interrumpiendo potencialmente el sue\u00f1o. En cambio, las l\u00e1minas planas de madera proporcionan una superficie de descanso m\u00e1s silenciosa, c\u00e1lida y estable, garantizando un descanso nocturno tranquilo y confortable.<\/li>\n<li data-immersive-translate-paragraph=\"1\" data-immersive-translate-walked=\"eadfd9ca-4be7-41a2-96ae-2b04d13aac54\"><strong data-immersive-translate-walked=\"eadfd9ca-4be7-41a2-96ae-2b04d13aac54\">Maderas frondosas planas frente a listones de contrachapado:<\/strong>\u00a0La madera contrachapada, aunque es una opci\u00f3n menos cara que la madera maciza, carece de la fuerza, durabilidad y resistencia inherentes a la deformaci\u00f3n y el hundimiento que ofrecen las maderas duras, lo que puede comprometer la vida \u00fatil y el soporte de su colch\u00f3n. Los listones planos de madera dura son una opci\u00f3n m\u00e1s robusta y duradera para sostener su colch\u00f3n, garantizando un rendimiento y una longevidad constantes.<\/li>\n<li data-immersive-translate-paragraph=\"1\" data-immersive-translate-walked=\"eadfd9ca-4be7-41a2-96ae-2b04d13aac54\"><strong data-immersive-translate-walked=\"eadfd9ca-4be7-41a2-96ae-2b04d13aac54\">Frondosas planas vs. Box Springs:<\/strong>\u00a0Los somieres, aunque ofrecen una soluci\u00f3n tradicional para el soporte de la cama, pueden ser voluminosos, pesados y propensos a la acumulaci\u00f3n de \u00e1caros del polvo, lo que puede agravar las alergias y comprometer la higiene. Las l\u00e1minas planas de madera proporcionan una alternativa m\u00e1s aerodin\u00e1mica, ligera e higi\u00e9nica, que favorece la circulaci\u00f3n del aire y minimiza la acumulaci\u00f3n de polvo para un entorno de descanso m\u00e1s saludable y confortable.<\/li>\n<\/ul>\n<h3 data-immersive-translate-walked=\"eadfd9ca-4be7-41a2-96ae-2b04d13aac54\" data-immersive-translate-paragraph=\"1\">\u00bfPor qu\u00e9 elegir la madera de Yuantuo para sus listones de cama plana?<\/h3>\n<p data-immersive-translate-walked=\"eadfd9ca-4be7-41a2-96ae-2b04d13aac54\" data-immersive-translate-paragraph=\"1\">En<a href=\"https:\/\/yuantuowood.com\/es\/about-us\/\"> Yuantuo Wood<\/a>entendemos que una buena noche de sue\u00f1o comienza con una base s\u00f3lida, fiable y cuidadosamente elaborada. Nuestros listones de cama plana se hacen a mano con precisi\u00f3n y cuidado, utilizando s\u00f3lo las mejores maderas duras de los bosques gestionados de forma sostenible, lo que refleja nuestro compromiso con la calidad, la sostenibilidad y la satisfacci\u00f3n del cliente. He aqu\u00ed por qu\u00e9 los clientes m\u00e1s exigentes de todo el mundo eligen YuanTuo Wood para sus necesidades de tablillas para camas planas:<\/p>\n<ul data-immersive-translate-walked=\"eadfd9ca-4be7-41a2-96ae-2b04d13aac54\">\n<li data-immersive-translate-paragraph=\"1\" data-immersive-translate-walked=\"eadfd9ca-4be7-41a2-96ae-2b04d13aac54\"><strong data-immersive-translate-walked=\"eadfd9ca-4be7-41a2-96ae-2b04d13aac54\">Compromiso inquebrantable con la calidad:<\/strong>\u00a0Utilizamos t\u00e9cnicas de fabricaci\u00f3n de \u00faltima generaci\u00f3n y nos adherimos a rigurosas medidas de control de calidad en cada paso del proceso de producci\u00f3n para garantizar que cada list\u00f3n de cama plana que lleva el nombre de YuanTuo Wood cumple con los m\u00e1s altos est\u00e1ndares de resistencia, durabilidad y consistencia. Nuestro compromiso inquebrantable con la calidad le garantiza que recibir\u00e1 un producto que le proporcionar\u00e1 un soporte fiable durante a\u00f1os, superando sus expectativas y proporcion\u00e1ndole tranquilidad.<\/li>\n<li data-immersive-translate-paragraph=\"1\" data-immersive-translate-walked=\"eadfd9ca-4be7-41a2-96ae-2b04d13aac54\"><strong data-immersive-translate-walked=\"eadfd9ca-4be7-41a2-96ae-2b04d13aac54\">Experiencia en personalizaci\u00f3n para soluciones a medida:<\/strong>\u00a0Somos conscientes de que las dimensiones de los somieres y los requisitos de los listones pueden variar mucho en funci\u00f3n de las necesidades y preferencias individuales. Por eso ofrecemos una amplia gama de opciones de personalizaci\u00f3n, incluidas las dimensiones de los somieres, las especies de madera y los acabados, que le permiten encontrar el ajuste perfecto para sus requisitos espec\u00edficos y su est\u00e9tica de dise\u00f1o. Nuestro experimentado equipo se dedica a proporcionar soluciones a medida que cumplen sus especificaciones exactas, garantizando una combinaci\u00f3n perfecta para su somier y colch\u00f3n.<\/li>\n<li data-immersive-translate-paragraph=\"1\" data-immersive-translate-walked=\"eadfd9ca-4be7-41a2-96ae-2b04d13aac54\"><strong data-immersive-translate-walked=\"eadfd9ca-4be7-41a2-96ae-2b04d13aac54\">Abastecimiento sostenible y responsabilidad medioambiental:<\/strong>\u00a0Estamos profundamente comprometidos con las pr\u00e1cticas forestales responsables y contamos con certificaciones como FSC (Forest Stewardship Council) y PEFC (Programme for the Endorsement of Forest Certification), que garantizan que nuestros productos de madera proceden de bosques bien gestionados y comprometidos con las pr\u00e1cticas sostenibles. Elegir YuanTuo Wood significa elegir una empresa que da prioridad a la sostenibilidad medioambiental y minimiza su huella ecol\u00f3gica, lo que le permite dormir tranquilo sabiendo que ha hecho una elecci\u00f3n responsable.<\/li>\n<li data-immersive-translate-paragraph=\"1\" data-immersive-translate-walked=\"eadfd9ca-4be7-41a2-96ae-2b04d13aac54\"><strong data-immersive-translate-walked=\"eadfd9ca-4be7-41a2-96ae-2b04d13aac54\">Alcance mundial, experiencia local y servicio excepcional:<\/strong>\u00a0Con una presencia global y un profundo conocimiento de las diversas necesidades del mercado, YuanTuo Wood es su socio de confianza para listones de cama plana, sin importar en qu\u00e9 parte del mundo se encuentre. Nuestra amplia red de distribuci\u00f3n nos permite entregar nuestros productos de manera eficiente a clientes de todo el mundo, garantizando una entrega puntual y fiable. Nuestro dedicado equipo de atenci\u00f3n al cliente est\u00e1 siempre disponible para proporcionar asistencia personalizada, conocimientos t\u00e9cnicos, y garantizar su completa satisfacci\u00f3n a lo largo de su experiencia con YuanTuo Wood.<\/li>\n<\/ul>\n<h3 data-immersive-translate-walked=\"eadfd9ca-4be7-41a2-96ae-2b04d13aac54\" data-immersive-translate-paragraph=\"1\">Preguntas m\u00e1s frecuentes (FAQ)<\/h3>\n<p data-immersive-translate-walked=\"eadfd9ca-4be7-41a2-96ae-2b04d13aac54\"><strong data-immersive-translate-walked=\"eadfd9ca-4be7-41a2-96ae-2b04d13aac54\" data-immersive-translate-paragraph=\"1\">1. \u00bfC\u00f3mo puedo determinar la distancia correcta entre las l\u00e1minas de mi somier y mi colch\u00f3n?<\/strong><\/p>\n<p data-immersive-translate-paragraph=\"1\" data-immersive-translate-walked=\"eadfd9ca-4be7-41a2-96ae-2b04d13aac54\">La distancia ideal entre l\u00e1minas para el somier y el colch\u00f3n depende de varios factores, como las dimensiones de las l\u00e1minas, el tipo de colch\u00f3n (viscoel\u00e1stico, de l\u00e1tex, de muelles internos, etc.) y el nivel de apoyo deseado. Como pauta general, se recomienda una separaci\u00f3n de 5 a 8 cm entre las l\u00e1minas para la mayor\u00eda de los colchones. Sin embargo, siempre es mejor consultar las directrices del fabricante del colch\u00f3n para obtener recomendaciones espec\u00edficas sobre la separaci\u00f3n de las l\u00e1minas para garantizar un soporte \u00f3ptimo, evitar el hundimiento prematuro y evitar posibles problemas con la garant\u00eda.<\/p>\n<p data-immersive-translate-walked=\"eadfd9ca-4be7-41a2-96ae-2b04d13aac54\"><strong data-immersive-translate-walked=\"eadfd9ca-4be7-41a2-96ae-2b04d13aac54\" data-immersive-translate-paragraph=\"1\">2. \u00bfPuedo utilizar l\u00e1minas de cama plana con cualquier tipo de colch\u00f3n?<\/strong><\/p>\n<p data-immersive-translate-paragraph=\"1\" data-immersive-translate-walked=\"eadfd9ca-4be7-41a2-96ae-2b04d13aac54\">Los somieres de l\u00e1minas son compatibles con una amplia gama de tipos de colch\u00f3n, como los de espuma viscoel\u00e1stica, l\u00e1tex, muelles internos y colchones h\u00edbridos. Sin embargo, es esencial asegurarse de que la distancia entre las l\u00e1minas es la adecuada para su tipo de colch\u00f3n y que las l\u00e1minas proporcionan un soporte adecuado en toda la superficie del colch\u00f3n para evitar el hundimiento y mantener el confort. Por ejemplo, los colchones de espuma viscoel\u00e1stica y l\u00e1tex pueden requerir una separaci\u00f3n entre l\u00e1minas menor que los colchones de muelles internos para evitar el hundimiento y garantizar una distribuci\u00f3n adecuada del peso.<\/p>\n<p data-immersive-translate-walked=\"eadfd9ca-4be7-41a2-96ae-2b04d13aac54\"><strong data-immersive-translate-walked=\"eadfd9ca-4be7-41a2-96ae-2b04d13aac54\" data-immersive-translate-paragraph=\"1\">3. \u00bfNecesito alguna herramienta o habilidad especial para instalar las lamas de cama plana?<\/strong><\/p>\n<p data-immersive-translate-walked=\"eadfd9ca-4be7-41a2-96ae-2b04d13aac54\" data-immersive-translate-paragraph=\"1\">La instalaci\u00f3n de l\u00e1minas de cama plana suele ser un proceso sencillo que requiere un m\u00ednimo de herramientas y experiencia, por lo que es una tarea manejable para la mayor\u00eda de las personas. La mayor\u00eda de los somieres est\u00e1n dise\u00f1ados para facilitar la instalaci\u00f3n de las l\u00e1minas, lo que a menudo implica simplemente colocar las l\u00e1minas dentro de los rieles de soporte o soportes designados. Sin embargo, siempre es aconsejable consultar las instrucciones del fabricante del somier para obtener informaci\u00f3n espec\u00edfica sobre la instalaci\u00f3n de los somieres en su modelo concreto y garantizar un ajuste seguro y adecuado.<\/p>\n<p data-immersive-translate-walked=\"eadfd9ca-4be7-41a2-96ae-2b04d13aac54\"><strong data-immersive-translate-walked=\"eadfd9ca-4be7-41a2-96ae-2b04d13aac54\" data-immersive-translate-paragraph=\"1\">4. \u00bfC\u00f3mo puedo limpiar y mantener los listones de mi cama plana para garantizar su longevidad?<\/strong><\/p>\n<p data-immersive-translate-walked=\"eadfd9ca-4be7-41a2-96ae-2b04d13aac54\" data-immersive-translate-paragraph=\"1\">La limpieza y el mantenimiento regulares pueden prolongar considerablemente la vida \u00fatil de sus listones de cama plana, preservando su aspecto y rendimiento durante a\u00f1os. Limpiarlas regularmente con un pa\u00f1o suave y seco suele ser suficiente para eliminar el polvo y la suciedad. Para una limpieza m\u00e1s a fondo, puede humedecer un pa\u00f1o suave con un limpiador de madera suave, asegur\u00e1ndose de escurrir el exceso de agua antes de limpiar los listones. Evite utilizar productos qu\u00edmicos agresivos, limpiadores abrasivos o agua en exceso, ya que pueden da\u00f1ar el acabado de la madera y debilitar las lamas, comprometiendo su integridad estructural.<\/p>\n<p data-immersive-translate-walked=\"eadfd9ca-4be7-41a2-96ae-2b04d13aac54\"><strong data-immersive-translate-walked=\"eadfd9ca-4be7-41a2-96ae-2b04d13aac54\" data-immersive-translate-paragraph=\"1\">5. \u00bfPuedo cortar listones de cama plana para adaptarlos a un somier personalizado?<\/strong><\/p>\n<p data-immersive-translate-walked=\"eadfd9ca-4be7-41a2-96ae-2b04d13aac54\" data-immersive-translate-paragraph=\"1\">S\u00ed, los listones de cama plana se pueden cortar a medida para adaptarse a los marcos de cama personalizados, proporcionando flexibilidad para dise\u00f1os de cama \u00fanicos y proyectos de bricolaje. Sin embargo, es fundamental utilizar el equipo de seguridad adecuado, como gafas y guantes, al cortar los listones para protegerse de posibles lesiones. Adem\u00e1s, aseg\u00farese de que los extremos cortados est\u00e9n lisos y sin astillas para evitar da\u00f1os en el colch\u00f3n y garantizar una superficie de descanso segura y c\u00f3moda. Si no est\u00e1 seguro de cortar los listones usted mismo o carece de las herramientas necesarias, lo mejor es consultar a un profesional o buscar ayuda en una ferreter\u00eda local para asegurarse de que el trabajo se realiza correctamente y con seguridad.<\/p>","protected":false},"excerpt":{"rendered":"<p>Los somieres de madera YuanTuo ofrecen un soporte de colch\u00f3n duradero y fiable. Hechos a mano de maderas duras de primera calidad como el haya y el abedul, nuestros listones promueven la circulaci\u00f3n de aire \u00f3ptima, evitando el moho. F\u00e1ciles de instalar y compatibles con varios marcos de cama, son perfectos para hogares, hoteles y proyectos de bricolaje. Elija YuanTuo Wood para una soluci\u00f3n de descanso c\u00f3moda y sostenible.<\/p>","protected":false},"featured_media":532,"template":"","meta":{"_kad_blocks_custom_css":"","_kad_blocks_head_custom_js":"","_kad_blocks_body_custom_js":"","_kad_blocks_footer_custom_js":"","_kad_post_transparent":"default","_kad_post_title":"","_kad_post_layout":"default","_kad_post_sidebar_id":"","_kad_post_content_style":"default","_kad_post_vertical_padding":"default","_kad_post_feature":"","_kad_post_feature_position":"","_kad_post_header":false,"_kad_post_footer":false,"_kad_post_classname":""},"product_brand":[],"product_cat":[19],"product_tag":[],"class_list":{"0":"post-565","1":"product","2":"type-product","3":"status-publish","4":"has-post-thumbnail","6":"product_cat-bed-slats","8":"first","9":"instock","10":"shipping-taxable","11":"product-type-simple","12":"entry","13":"content-bg","14":"loop-entry"},"taxonomy_info":{"product_cat":[{"value":19,"label":"Bed Slats"}]},"featured_image_src_large":["https:\/\/yuantuowood.com\/wp-content\/uploads\/2024\/08\/Flat-Bed-Slats-1024x683.jpg",1024,683,true],"author_info":[],"comment_info":"","_links":{"self":[{"href":"https:\/\/yuantuowood.com\/es\/wp-json\/wp\/v2\/product\/565","targetHints":{"allow":["GET"]}}],"collection":[{"href":"https:\/\/yuantuowood.com\/es\/wp-json\/wp\/v2\/product"}],"about":[{"href":"https:\/\/yuantuowood.com\/es\/wp-json\/wp\/v2\/types\/product"}],"wp:featuredmedia":[{"embeddable":true,"href":"https:\/\/yuantuowood.com\/es\/wp-json\/wp\/v2\/media\/532"}],"wp:attachment":[{"href":"https:\/\/yuantuowood.com\/es\/wp-json\/wp\/v2\/media?parent=565"}],"wp:term":[{"taxonomy":"product_brand","embeddable":true,"href":"https:\/\/yuantuowood.com\/es\/wp-json\/wp\/v2\/product_brand?post=565"},{"taxonomy":"product_cat","embeddable":true,"href":"https:\/\/yuantuowood.com\/es\/wp-json\/wp\/v2\/product_cat?post=565"},{"taxonomy":"product_tag","embeddable":true,"href":"https:\/\/yuantuowood.com\/es\/wp-json\/wp\/v2\/product_tag?post=565"}],"curies":[{"name":"wp","href":"https:\/\/api.w.org\/{rel}","templated":true}]}}