{"id":568,"date":"2024-08-27T06:11:45","date_gmt":"2024-08-27T06:11:45","guid":{"rendered":"https:\/\/slats.easiwin.com\/?post_type=product&#038;p=568"},"modified":"2024-10-28T03:31:27","modified_gmt":"2024-10-28T03:31:27","slug":"bespoke-engineered-veneer-lvl-slat","status":"publish","type":"product","link":"https:\/\/yuantuowood.com\/es\/product\/bespoke-engineered-veneer-lvl-slat\/","title":{"rendered":"Lama LVL de chapa de madera"},"content":{"rendered":"<p>En el din\u00e1mico \u00e1mbito de la construcci\u00f3n moderna y el dise\u00f1o de muebles, la b\u00fasqueda de materiales de construcci\u00f3n que combinen a la perfecci\u00f3n una resistencia excepcional, una estabilidad inquebrantable y una sostenibilidad inquebrantable ha alcanzado nuevas cotas. Los productos de ingenier\u00eda de la madera han surgido como una fuerza transformadora, revolucionando las pr\u00e1cticas tradicionales de construcci\u00f3n y ofreciendo unas caracter\u00edsticas de rendimiento superiores a las de la madera maciza convencional. Entre esta nueva generaci\u00f3n de materiales de construcci\u00f3n, las lamas de chapa de madera LVL (Laminated Veneer Lumber) de ingenier\u00eda se erigen como un faro de innovaci\u00f3n, apreciadas por su calidad sin parang\u00f3n, su notable versatilidad y su inherente respeto por el medio ambiente. Estas maravillas de la ingenier\u00eda est\u00e1n reconfigurando la forma en que abordamos la construcci\u00f3n, proporcionando a arquitectos, constructores y dise\u00f1adores una soluci\u00f3n fiable, sostenible y de alto rendimiento para una amplia gama de aplicaciones.<\/p>\n<h3>\u00bfQu\u00e9 son las lamas LVL de chapa de madera?<\/h3>\n<p>Chapa de madera <a href=\"https:\/\/en.wikipedia.org\/wiki\/Laminated_veneer_lumber\" target=\"_blank\" rel=\"noopener\">LVL<\/a> representan el pin\u00e1culo de la ingenier\u00eda moderna de la madera, meticulosamente elaboradas para ofrecer una combinaci\u00f3n inigualable de resistencia, estabilidad y consistencia. Su proceso de fabricaci\u00f3n es un testimonio de precisi\u00f3n e innovaci\u00f3n, que implica la superposici\u00f3n de finas chapas de madera de alta calidad, meticulosamente dispuestas con una orientaci\u00f3n de grano paralelo para maximizar la resistencia y la estabilidad. A continuaci\u00f3n, estas capas se unen bajo un calor y una presi\u00f3n cuidadosamente controlados mediante adhesivos incre\u00edblemente fuertes y resistentes a la humedad, dando como resultado un gran lingote continuo de madera de ingenier\u00eda que supera las limitaciones de la madera tradicional en pr\u00e1cticamente todos los aspectos.<\/p>\n<p>El viaje de un list\u00f3n LVL comienza con la cuidadosa selecci\u00f3n de troncos de madera dura o blanda de primera calidad, normalmente procedentes de bosques gestionados de forma sostenible. A continuaci\u00f3n, estos troncos se someten a un proceso de pelado rotativo, que los transforma eficientemente en finas l\u00e1minas de chapa, minimizando los residuos y maximizando el uso de valiosos recursos madereros. Tras el pelado, las chapas se someten a un riguroso proceso de clasificaci\u00f3n y selecci\u00f3n para garantizar que s\u00f3lo las chapas de la m\u00e1s alta calidad, libres de defectos, se seleccionan para la producci\u00f3n de LVL. Estas chapas meticulosamente seleccionadas se colocan con precisi\u00f3n en capas con una orientaci\u00f3n de grano paralelo y se unen entre s\u00ed con calor y presi\u00f3n \u00f3ptimos para crear el producto final de listones LVL.<\/p>\n<h3>Lamas LVL de chapa de madera: Especificaciones t\u00e9cnicas<\/h3>\n<div style=\"overflow-x: auto;\">\n<table>\n<tbody>\n<tr>\n<td><strong>Caracter\u00edstica<\/strong><\/td>\n<td><strong>Descripci\u00f3n<\/strong><\/td>\n<\/tr>\n<tr>\n<td>Especies de madera<\/td>\n<td>\n<div>\n<div>Abedul\/Pl\u00e1tano\/Eucalipto<\/div>\n<\/div>\n<\/td>\n<\/tr>\n<tr>\n<td>Propiedades<\/td>\n<td>\n<div>\n<div>Excepcional relaci\u00f3n resistencia-peso, estabilidad dimensional superior, calidad constante en todo el material, resistencia excepcional al alabeo, la torsi\u00f3n y el arqueamiento, excelente poder de sujeci\u00f3n de los elementos de fijaci\u00f3n y rendimiento estructural predecible.<\/div>\n<\/div>\n<\/td>\n<\/tr>\n<tr>\n<td>Acabado superficial<\/td>\n<td>\n<div>\n<div>Con chapa de madera<\/div>\n<\/div>\n<\/td>\n<\/tr>\n<tr>\n<td>Tipo<\/td>\n<td>\n<div>\n<div>Piso\/ R4000\/ R8000<\/div>\n<\/div>\n<\/td>\n<\/tr>\n<tr>\n<td>Dimensiones<\/td>\n<td>\n<div>\n<div>Longitud:550-1750mm<br \/>\nAnchura:25-170mm<br \/>\nGrosor:6-20 mm<\/div>\n<\/div>\n<\/td>\n<\/tr>\n<tr>\n<td>Grado de encolado<\/td>\n<td>E0, E1<\/td>\n<\/tr>\n<tr>\n<td>Contenido de humedad<\/td>\n<td>8-14%<\/td>\n<\/tr>\n<tr>\n<td>Certificado<\/td>\n<td>\n<div>\n<div>FSC\/ CARB P2\/ EPA<\/div>\n<\/div>\n<\/td>\n<\/tr>\n<\/tbody>\n<\/table>\n<\/div>\n<h3>Aplicaciones de las lamas LVL de chapa de madera<\/h3>\n<p>La excepcional versatilidad y las notables caracter\u00edsticas de rendimiento de las lamas LVL de Engineered Veneer han impulsado su adopci\u00f3n generalizada en una amplia gama de aplicaciones, entre las que se incluyen:<\/p>\n<ul>\n<li><strong>Armaz\u00f3n estructural:<\/strong>\u00a0Las lamas LVL se han convertido en el est\u00e1ndar de oro para componentes estructurales cr\u00edticos como vigas, cabeceros, viguetas, cabrios y pilares. Su elevada relaci\u00f3n resistencia-peso, su excepcional estabilidad dimensional y su resistencia superior al alabeo, la torsi\u00f3n y la curvatura las convierten en la opci\u00f3n ideal para aplicaciones estructurales exigentes en las que la fiabilidad y el rendimiento a largo plazo son primordiales.<\/li>\n<li><strong>Componentes de ventanas y puertas:<\/strong>\u00a0La estabilidad dimensional y la integridad estructural de las lamas LVL las hacen excepcionalmente adecuadas para la construcci\u00f3n de puertas y ventanas. Se utilizan habitualmente para dinteles, alf\u00e9izares y jambas, proporcionando un marco robusto y estable que garantiza un funcionamiento sin problemas y un rendimiento duradero, incluso en condiciones ambientales dif\u00edciles.<\/li>\n<li><strong>Fabricaci\u00f3n de muebles:<\/strong>\u00a0La industria del mueble ha adoptado los listones LVL por su capacidad para crear muebles fuertes, estables y est\u00e9ticamente agradables. Desde robustos marcos para sillas y mesas hasta robustos soportes para camas y duraderas estanter\u00edas, los listones LVL proporcionan la columna vertebral para muebles construidos para durar.<\/li>\n<li><strong>Embalaje y embalaje:<\/strong>\u00a0Cuando se trata de aplicaciones de embalaje y embalaje de alta resistencia, los listones LVL ofrecen la fuerza, la durabilidad y la resistencia a la humedad necesarias para proteger mercanc\u00edas valiosas durante el transporte y el almacenamiento. Su capacidad para soportar impactos y resistir a la intemperie las hace ideales para entornos de transporte exigentes.<\/li>\n<li><strong>Andamios y encofrados:<\/strong>\u00a0La industria de la construcci\u00f3n depende en gran medida de la capacidad de carga y la resistencia a la humedad de las lamas LVL para los tablones de andamios y los encofrados de hormig\u00f3n. Su resistencia y estabilidad inherentes garantizan una plataforma de trabajo segura y fiable para los equipos de construcci\u00f3n, mientras que su resistencia a la humedad les permite soportar los rigores de las obras al aire libre.<\/li>\n<li><strong>Industria del transporte:<\/strong>\u00a0Los listones LVL se utilizan cada vez m\u00e1s en el sector del transporte, sobre todo en la construcci\u00f3n de suelos para camiones y remolques. Su elevada relaci\u00f3n resistencia-peso, durabilidad y resistencia al desgaste las hacen ideales para soportar las exigencias de las cargas pesadas y el uso frecuente.<\/li>\n<\/ul>\n<h3>Ventajas de las lamas LVL de chapa de madera<\/h3>\n<p>Los tableros LVL de chapa de madera de ingenier\u00eda ofrecen una gran variedad de ventajas sobre la madera tradicional y otros materiales de construcci\u00f3n, lo que los convierte en una opci\u00f3n superior para una amplia gama de aplicaciones:<\/p>\n<ul>\n<li><strong>Resistencia y estabilidad excepcionales:<\/strong>\u00a0La construcci\u00f3n en capas de chapa de madera y la orientaci\u00f3n paralela de las vetas de las lamas LVL dan como resultado un producto con una resistencia y una estabilidad dimensional excepcionales, que supera a la madera maciza tradicional en flexi\u00f3n, tensi\u00f3n y compresi\u00f3n. Esta resistencia y estabilidad superiores permiten vanos m\u00e1s largos, un menor uso de material y una mayor flexibilidad de dise\u00f1o.<\/li>\n<li><strong>Coherencia inquebrantable:<\/strong>\u00a0A diferencia de la madera natural, que presenta una variabilidad inherente en su resistencia y estabilidad, las lamas LVL se fabrican con arreglo a normas estrictas, lo que garantiza una calidad y un rendimiento constantes de una lama a otra. Esta previsibilidad es crucial para aplicaciones estructurales en las que la fiabilidad es primordial.<\/li>\n<li><strong>Resistencia a la deformaci\u00f3n, la torsi\u00f3n y el arqueamiento:<\/strong>\u00a0Las lamas LVL presentan una resistencia excepcional al alabeo, la torsi\u00f3n y la curvatura, que son problemas habituales de la madera tradicional debido a las fluctuaciones de humedad y las tensiones internas. Esta estabilidad dimensional garantiza la integridad estructural a largo plazo, minimiza las costosas devoluciones y reduce el desperdicio de material.<\/li>\n<li><strong>Disponibilidad en tallas grandes:<\/strong>\u00a0Las lamas LVL pueden fabricarse en tama\u00f1os significativamente mayores que la madera tradicional, lo que permite vanos m\u00e1s amplios, una menor necesidad de juntas y una mayor flexibilidad de dise\u00f1o. Esto es especialmente ventajoso para proyectos a gran escala y aplicaciones en las que es esencial un soporte estructural ininterrumpido.<\/li>\n<li><strong>Respetuoso con el medio ambiente:<\/strong>\u00a0Las l\u00e1minas LVL de chapa de madera ofrecen una opci\u00f3n de material de construcci\u00f3n sostenible, ya que se fabrican a partir de recursos madereros de origen sostenible. El uso eficiente de la madera en el proceso de desenrollado de la chapa minimiza los residuos y reduce la presi\u00f3n sobre los bosques.<\/li>\n<\/ul>\n<h3>Lamas LVL de chapa de ingenier\u00eda frente a madera tradicional<\/h3>\n<table>\n<thead>\n<tr>\n<th>Caracter\u00edstica<\/th>\n<th>Lamas de chapa de madera LVL<\/th>\n<th>Madera tradicional<\/th>\n<\/tr>\n<\/thead>\n<tbody>\n<tr>\n<td><strong>Fuerza<\/strong><\/td>\n<td>Relaci\u00f3n resistencia\/peso significativamente mayor, lo que permite vanos m\u00e1s largos y un menor uso de material.<\/td>\n<td>Menor relaci\u00f3n resistencia\/peso, lo que limita la longitud de los vanos y requiere m\u00e1s material.<\/td>\n<\/tr>\n<tr>\n<td><strong>Estabilidad<\/strong><\/td>\n<td>Estabilidad dimensional excepcional, resistente al alabeo, la torsi\u00f3n y el arqueamiento con el paso del tiempo.<\/td>\n<td>Susceptible de alabeo, torsi\u00f3n y arqueamiento debido a fluctuaciones de humedad y tensiones internas.<\/td>\n<\/tr>\n<tr>\n<td><strong>Coherencia<\/strong><\/td>\n<td>Calidad y rendimiento constantes de una lama a otra gracias a procesos de fabricaci\u00f3n controlados<\/td>\n<td>Variabilidad inherente de la resistencia y la estabilidad debida a las caracter\u00edsticas naturales de la madera.<\/td>\n<\/tr>\n<tr>\n<td><strong>Tama\u00f1o Disponibilidad<\/strong><\/td>\n<td>Disponible en tama\u00f1os m\u00e1s grandes, lo que reduce la necesidad de juntas y aumenta la flexibilidad del dise\u00f1o<\/td>\n<td>Limitado por el tama\u00f1o del \u00e1rbol, que requiere juntas para vanos mayores y limita las opciones de dise\u00f1o.<\/td>\n<\/tr>\n<tr>\n<td><strong>Coste<\/strong><\/td>\n<td>Generalmente, el coste inicial es m\u00e1s elevado, pero suele compensarse con una reducci\u00f3n de los costes de mano de obra y material a largo plazo, debido a la mayor eficacia y a la reducci\u00f3n de residuos.<\/td>\n<td>Por lo general, el coste inicial es menor, pero con el tiempo pueden aumentar los costes de mano de obra y material debido al aumento de las necesidades de material, los residuos y las posibles devoluciones.<\/td>\n<\/tr>\n<tr>\n<td><strong>Sostenibilidad<\/strong><\/td>\n<td>M\u00e1s sostenible gracias al uso eficiente de los recursos madereros, la utilizaci\u00f3n de madera de origen sostenible y la reducci\u00f3n de la generaci\u00f3n de residuos.<\/td>\n<td>Menos sostenible debido al potencial de generaci\u00f3n de residuos y a la dependencia de pr\u00e1cticas de recolecci\u00f3n insostenibles.<\/td>\n<\/tr>\n<\/tbody>\n<\/table>\n<h3>\u00bfPor qu\u00e9 elegir la madera YuanTuo de ingenier\u00eda de chapa LVL Lamas?<\/h3>\n<p>En el competitivo panorama de los productos de ingenier\u00eda de madera, YuanTuo Wood se destaca como un faro de calidad, innovaci\u00f3n y compromiso con el cliente. Nuestros tableros LVL de chapa de madera encarnan estos valores fundamentales, ofreciendo una soluci\u00f3n de construcci\u00f3n superior en la que puede confiar para sus proyectos m\u00e1s exigentes. He aqu\u00ed por qu\u00e9 los constructores, arquitectos y dise\u00f1adores m\u00e1s exigentes de todo el mundo eligen YuanTuo Wood. <a href=\"https:\/\/yuantuowood.com\/es\/about-us\/\">Yuantuo Wood<\/a>:<\/p>\n<ul>\n<li><strong>Calidad sin concesiones:<\/strong>\u00a0En YuanTuo Wood, la calidad no es s\u00f3lo un objetivo; es un compromiso inquebrantable que impregna todos los aspectos de nuestra actividad. Comenzamos con la selecci\u00f3n de chapas de primera calidad procedentes de bosques gestionados de forma responsable y empleamos procesos de fabricaci\u00f3n de \u00faltima generaci\u00f3n para garantizar que nuestros listones LVL cumplan o superen constantemente las normas m\u00e1s estrictas de la industria en cuanto a resistencia, estabilidad y rendimiento.<\/li>\n<li><strong>Opciones de personalizaci\u00f3n a medida:<\/strong>\u00a0Entendemos que cada proyecto es \u00fanico, con requisitos y consideraciones de dise\u00f1o espec\u00edficos. Por eso ofrecemos una amplia gama de opciones de personalizaci\u00f3n para nuestras lamas LVL de chapa de madera. Tanto si necesita tama\u00f1os, calidades, tratamientos o acabados espec\u00edficos, nuestro equipo de expertos trabajar\u00e1 estrechamente con usted para entregarle un producto que cumpla exactamente las especificaciones de su proyecto.<\/li>\n<li><strong>Conocimientos t\u00e9cnicos sin parang\u00f3n:<\/strong>\u00a0Nuestro equipo est\u00e1 formado por profesionales experimentados del sector, entre los que se incluyen ingenieros, cient\u00edficos de la madera y especialistas t\u00e9cnicos, que poseen un profundo conocimiento de los productos de ingenier\u00eda de la madera y sus aplicaciones. Estamos a su disposici\u00f3n para ofrecerle asistencia t\u00e9cnica y orientaci\u00f3n experta durante todo el ciclo de vida de su proyecto, desde las consultas iniciales de dise\u00f1o y la selecci\u00f3n de productos hasta la asistencia en la instalaci\u00f3n in situ y la resoluci\u00f3n de problemas.<\/li>\n<li><strong>Gesti\u00f3n de nuestros bosques:<\/strong>\u00a0En YuanTuo Wood creemos que debemos ser administradores responsables de los valiosos recursos de nuestro planeta. Estamos profundamente comprometidos con las pr\u00e1cticas forestales sostenibles y el abastecimiento responsable, garantizando que la madera que utilizamos procede de bosques bien gestionados que se talan de forma responsable con el medio ambiente. Nuestro compromiso con la sostenibilidad se extiende a todas nuestras operaciones, desde el abastecimiento hasta la fabricaci\u00f3n, minimizando nuestro impacto ambiental en cada etapa.<\/li>\n<li><strong>Precios competitivos y valor:<\/strong>\u00a0Creemos que los productos de madera de ingenier\u00eda de alta calidad deben estar al alcance de todos, no s\u00f3lo de unos pocos elegidos. Por eso ofrecemos precios competitivos en nuestros tableros LVL de chapa de madera sin comprometer la calidad, el rendimiento o la sostenibilidad que definen nuestra marca. Estamos comprometidos a proporcionar a nuestros clientes el mejor valor posible, ofreciendo productos excepcionales a un precio justo y competitivo.<\/li>\n<\/ul>\n<h3>Preguntas m\u00e1s frecuentes (FAQ)<\/h3>\n<p><strong>1. \u00bfCu\u00e1les son las principales ventajas de utilizar l\u00e1minas LVL de chapa de madera sobre vigas de madera maciza en aplicaciones estructurales, y c\u00f3mo se traducen estas ventajas en beneficios reales para constructores y propietarios de viviendas?<\/strong><\/p>\n<p>Los listones LVL de chapa de madera ofrecen varias ventajas clave sobre las vigas de madera maciza en aplicaciones estructurales. En primer lugar, los listones LVL presentan una relaci\u00f3n resistencia-peso significativamente mayor, lo que significa que pueden soportar cargas m\u00e1s pesadas en vanos m\u00e1s largos utilizando menos material. Esto se traduce en ventajas reales para los constructores, como costes de material reducidos, tiempos de instalaci\u00f3n m\u00e1s r\u00e1pidos y mayor flexibilidad de dise\u00f1o. Para los propietarios, significa estructuras m\u00e1s fuertes y estables, menos propensas a problemas como suelos hundidos o techos agrietados.<\/p>\n<p>En segundo lugar, las lamas LVL son mucho m\u00e1s estables dimensionalmente que la madera maciza, resistiendo el alabeo, la torsi\u00f3n y la curvatura con el paso del tiempo. Esta estabilidad garantiza la integridad estructural a largo plazo, minimizando el riesgo de costosas devoluciones para los constructores y proporcionando a los propietarios la tranquilidad de saber que sus casas est\u00e1n construidas para durar.<\/p>\n<p>Por \u00faltimo, las lamas LVL se fabrican siguiendo normas estrictas, lo que garantiza una calidad y un rendimiento constantes de una lama a otra, a diferencia de la variabilidad inherente a la madera natural. Esta previsibilidad simplifica el proceso de dise\u00f1o para los constructores y garantiza un mayor nivel de calidad y consistencia en la estructura final para los propietarios de viviendas.<\/p>\n<p><strong>2. \u00bfSon las lamas LVL de Engineered Veneer adecuadas para aplicaciones exteriores en las que podr\u00edan estar expuestas a la humedad y a la intemperie, o se recomiendan principalmente para uso interior?<\/strong><\/p>\n<p>Aunque los listones LVL de chapa de ingenier\u00eda ofrecen una buena resistencia inherente a la humedad en comparaci\u00f3n con la madera tradicional, normalmente se recomiendan para aplicaciones interiores donde no est\u00e1n expuestos directamente a los elementos. La exposici\u00f3n prolongada a la humedad puede provocar hinchaz\u00f3n, putrefacci\u00f3n y otros da\u00f1os relacionados con la humedad.<\/p>\n<p>Sin embargo, para aplicaciones exteriores en las que las lamas LVL estar\u00edan expuestas a la humedad y a la intemperie, es fundamental consultar con nuestro equipo t\u00e9cnico para analizar los tratamientos y medidas de protecci\u00f3n adecuados. Podemos recomendar tratamientos y revestimientos espec\u00edficos que pueden mejorar la resistencia a la intemperie de las lamas LVL, haci\u00e9ndolas adecuadas para determinadas aplicaciones exteriores.<\/p>\n<p><strong>3. \u00bfCu\u00e1l es la vida \u00fatil t\u00edpica de las lamas LVL de chapa de madera cuando se instalan y mantienen correctamente, y qu\u00e9 factores pueden influir en su longevidad?<\/strong><\/p>\n<p>Las lamas LVL de chapa de madera, cuando se instalan y mantienen correctamente, pueden proporcionar d\u00e9cadas de rendimiento estructural fiable. Su excepcional solidez, estabilidad y resistencia al deterioro garantizan una larga vida \u00fatil, lo que las convierte en una sabia inversi\u00f3n para cualquier proyecto de construcci\u00f3n.<\/p>\n<p>Varios factores pueden influir en la vida \u00fatil de las lamas LVL, entre ellos:<\/p>\n<ul>\n<li><strong>Calidad de instalaci\u00f3n:<\/strong>\u00a0Una instalaci\u00f3n adecuada es crucial para garantizar el rendimiento a largo plazo de las lamas LVL. Deben instalarse de acuerdo con las recomendaciones del fabricante, utilizando t\u00e9cnicas y elementos de fijaci\u00f3n adecuados.<\/li>\n<li><strong>Condiciones ambientales:<\/strong>\u00a0Las lamas LVL funcionan mejor en entornos secos y con temperatura controlada. La exposici\u00f3n prolongada a la humedad, las temperaturas extremas o la radiaci\u00f3n UV puede acortar su vida \u00fatil.<\/li>\n<li><strong>Mantenimiento:<\/strong>\u00a0La inspecci\u00f3n y el mantenimiento peri\u00f3dicos pueden ayudar a identificar y resolver posibles problemas en una fase temprana, lo que prolonga la vida \u00fatil de las lamas LVL.<\/li>\n<\/ul>\n<p><strong>4. \u00bfEs posible cortar y dar forma a las l\u00e1minas LVL de chapa de ingenier\u00eda in situ utilizando herramientas de carpinter\u00eda est\u00e1ndar, o se requieren equipos y conocimientos especializados?<\/strong><\/p>\n<p>S\u00ed, los listones LVL de chapa de madera de ingenier\u00eda se pueden cortar y moldear in situ utilizando herramientas est\u00e1ndar para trabajar la madera, como sierras circulares, sierras de calar y taladros. Sin embargo, es crucial seguir las precauciones de seguridad adecuadas y utilizar hojas de corte apropiadas dise\u00f1adas espec\u00edficamente para productos de madera de ingenier\u00eda.<\/p>\n<p>Nuestro equipo t\u00e9cnico puede orientarle sobre las t\u00e9cnicas de corte recomendadas, las medidas de seguridad y la selecci\u00f3n de cuchillas adecuadas para garantizar la seguridad y la eficacia de las modificaciones in situ.<\/p>\n<p><strong>5. \u00bfOfrece YuanTuo Wood servicios de asistencia t\u00e9cnica para ayudar a arquitectos, constructores y dise\u00f1adores en el dise\u00f1o, especificaci\u00f3n e instalaci\u00f3n de sus tablillas LVL de chapa de madera?<\/strong><\/p>\n<p>Por supuesto. En YuanTuo Wood, creemos en proporcionar un apoyo integral a nuestros valiosos clientes. Nuestro equipo de ingenieros experimentados y expertos t\u00e9cnicos est\u00e1 a su disposici\u00f3n para ofrecerle asesoramiento y apoyo durante todo el ciclo de vida de su proyecto, desde las consultas iniciales de dise\u00f1o y la selecci\u00f3n de productos hasta la asistencia en la instalaci\u00f3n in situ y la resoluci\u00f3n de problemas.<\/p>\n<p>Podemos ayudarle con:<\/p>\n<ul>\n<li><strong>Selecci\u00f3n de productos:<\/strong>\u00a0Le ayudamos a elegir el producto de lamas LVL adecuado para su aplicaci\u00f3n espec\u00edfica y sus requisitos de dise\u00f1o.<\/li>\n<li><strong>Asistencia al dise\u00f1o:<\/strong>\u00a0Proporcionar orientaci\u00f3n t\u00e9cnica y apoyo durante la fase de dise\u00f1o, incluyendo c\u00e1lculos de carga, tablas de vanos y detalles de conexi\u00f3n.<\/li>\n<li><strong>Gu\u00eda de instalaci\u00f3n:<\/strong>\u00a0Ofrecer asistencia de instalaci\u00f3n in situ o a distancia para garantizar t\u00e9cnicas de instalaci\u00f3n adecuadas y resolver cualquier problema t\u00e9cnico.<\/li>\n<li><strong>Soluci\u00f3n de problemas:<\/strong>\u00a0Ayudar con cualquier problema t\u00e9cnico o pregunta que pueda surgir durante o despu\u00e9s de la instalaci\u00f3n.<\/li>\n<\/ul>","protected":false},"excerpt":{"rendered":"<p>Los listones LVL de chapa de madera de ingenier\u00eda son una soluci\u00f3n de construcci\u00f3n de alta resistencia, estable y sostenible, ideal para una amplia gama de aplicaciones estructurales y de dise\u00f1o. Fabricadas a partir de chapas de madera estratificadas, ofrecen una excepcional relaci\u00f3n resistencia-peso, estabilidad dimensional y resistencia al alabeo, la torsi\u00f3n y la curvatura. Ideales para vigas, cabeceros, viguetas, muebles y mucho m\u00e1s, los listones LVL ofrecen un rendimiento y una sostenibilidad superiores a los de la madera de construcci\u00f3n tradicional.<\/p>","protected":false},"featured_media":531,"template":"","meta":{"_kad_blocks_custom_css":"","_kad_blocks_head_custom_js":"","_kad_blocks_body_custom_js":"","_kad_blocks_footer_custom_js":"","_kad_post_transparent":"default","_kad_post_title":"","_kad_post_layout":"default","_kad_post_sidebar_id":"","_kad_post_content_style":"default","_kad_post_vertical_padding":"default","_kad_post_feature":"","_kad_post_feature_position":"","_kad_post_header":false,"_kad_post_footer":false,"_kad_post_classname":""},"product_brand":[],"product_cat":[20],"product_tag":[],"class_list":{"0":"post-568","1":"product","2":"type-product","3":"status-publish","4":"has-post-thumbnail","6":"product_cat-lvl-slats","8":"first","9":"instock","10":"shipping-taxable","11":"product-type-simple","12":"entry","13":"content-bg","14":"loop-entry"},"taxonomy_info":{"product_cat":[{"value":20,"label":"LVL Slats"}]},"featured_image_src_large":["https:\/\/yuantuowood.com\/wp-content\/uploads\/2024\/08\/Engineered-Veneer-LVL-Slats-1024x683.jpg",1024,683,true],"author_info":[],"comment_info":"","_links":{"self":[{"href":"https:\/\/yuantuowood.com\/es\/wp-json\/wp\/v2\/product\/568","targetHints":{"allow":["GET"]}}],"collection":[{"href":"https:\/\/yuantuowood.com\/es\/wp-json\/wp\/v2\/product"}],"about":[{"href":"https:\/\/yuantuowood.com\/es\/wp-json\/wp\/v2\/types\/product"}],"wp:featuredmedia":[{"embeddable":true,"href":"https:\/\/yuantuowood.com\/es\/wp-json\/wp\/v2\/media\/531"}],"wp:attachment":[{"href":"https:\/\/yuantuowood.com\/es\/wp-json\/wp\/v2\/media?parent=568"}],"wp:term":[{"taxonomy":"product_brand","embeddable":true,"href":"https:\/\/yuantuowood.com\/es\/wp-json\/wp\/v2\/product_brand?post=568"},{"taxonomy":"product_cat","embeddable":true,"href":"https:\/\/yuantuowood.com\/es\/wp-json\/wp\/v2\/product_cat?post=568"},{"taxonomy":"product_tag","embeddable":true,"href":"https:\/\/yuantuowood.com\/es\/wp-json\/wp\/v2\/product_tag?post=568"}],"curies":[{"name":"wp","href":"https:\/\/api.w.org\/{rel}","templated":true}]}}