{"id":561,"date":"2024-08-27T03:36:43","date_gmt":"2024-08-27T03:36:43","guid":{"rendered":"https:\/\/slats.easiwin.com\/?post_type=product&#038;p=561"},"modified":"2024-10-28T03:26:43","modified_gmt":"2024-10-28T03:26:43","slug":"custom-curved-bed-slats-manufacturer","status":"publish","type":"product","link":"https:\/\/yuantuowood.com\/it\/product\/custom-curved-bed-slats-manufacturer\/","title":{"rendered":"Doghe per letti curvi"},"content":{"rendered":"<p data-immersive-translate-paragraph=\"1\" data-immersive-translate-walked=\"4ec3e8cb-c4a5-4ec8-9ecf-ed82a1888c4a\">Nella ricerca di un'esperienza di sonno veramente riposante e rigenerante, ogni elemento del sistema letto \u00e8 importante. Mentre i materassi sono spesso al centro dell'attenzione, la doga del letto, spesso trascurata, svolge un ruolo cruciale nel fornire un sostegno adeguato e migliorare il comfort. Curvo <a href=\"https:\/\/en.wikipedia.org\/wiki\/Bed_base\" target=\"_blank\" rel=\"noopener\">Doghe del letto<\/a>Le doghe curve, con il loro design ergonomico e la capacit\u00e0 di conformarsi alle curve naturali del corpo, sono emerse come una scelta superiore per i dormienti pi\u00f9 esigenti che cercano il massimo del comfort e dell'allineamento della colonna vertebrale. Questa guida completa si addentra nel mondo delle doghe per letti curvi, esplorandone i vantaggi, le applicazioni e i motivi per cui YuanTuo Wood si distingue come fornitore leader di queste innovative soluzioni per il sonno.<\/p>\n<h3 data-immersive-translate-walked=\"4ec3e8cb-c4a5-4ec8-9ecf-ed82a1888c4a\"><strong data-immersive-translate-walked=\"4ec3e8cb-c4a5-4ec8-9ecf-ed82a1888c4a\" data-immersive-translate-paragraph=\"1\">Cosa sono le doghe del letto curvo?<\/strong><\/h3>\n<p data-immersive-translate-walked=\"4ec3e8cb-c4a5-4ec8-9ecf-ed82a1888c4a\" data-immersive-translate-paragraph=\"1\">Immaginate una serie di doghe in legno meticolosamente lavorate, delicatamente curvate per imitare i contorni naturali della vostra colonna vertebrale. A differenza delle tradizionali doghe piatte, le doghe curve offrono un sistema di supporto pi\u00f9 dinamico e reattivo. Questo design unico permette alle doghe di flettersi e adattarsi al peso e ai movimenti del corpo durante la notte, fornendo un sollievo mirato dalla pressione e promuovendo il corretto allineamento della colonna vertebrale. Il risultato \u00e8 un'esperienza di sonno estremamente confortevole e che favorisce la salute della schiena e della colonna vertebrale.<\/p>\n<h3 data-immersive-translate-walked=\"4ec3e8cb-c4a5-4ec8-9ecf-ed82a1888c4a\"><strong data-immersive-translate-walked=\"4ec3e8cb-c4a5-4ec8-9ecf-ed82a1888c4a\" data-immersive-translate-paragraph=\"1\">Capire le doghe del letto curvo: Caratteristiche principali<\/strong><\/h3>\n<div style=\"overflow-x: auto;\">\n<table>\n<tbody>\n<tr>\n<td><strong>Caratteristica<\/strong><\/td>\n<td><strong>Descrizione<\/strong><\/td>\n<\/tr>\n<tr>\n<td>Specie di legno<\/td>\n<td>\n<div>\n<div>Betulla\/Piphero\/Eucalipto<\/div>\n<\/div>\n<\/td>\n<\/tr>\n<tr>\n<td>Propriet\u00e0<\/td>\n<td>\n<div>\n<div>Forti, leggere, flessibili, durevoli, resistenti alle deformazioni e alle crepe, sostenibili (provengono da foreste gestite in modo responsabile), ammortizzanti, eccellenti propriet\u00e0 di distribuzione del peso, favoriscono la circolazione dell'aria &#8211; Queste propriet\u00e0 combinate rendono le doghe per letti curvi una scelta superiore per un'ampia gamma di applicazioni.<\/div>\n<\/div>\n<\/td>\n<\/tr>\n<tr>\n<td>Finitura superficiale<\/td>\n<td>\n<div>\n<div>Naturale \/ Con carta decorativa<\/div>\n<\/div>\n<\/td>\n<\/tr>\n<tr>\n<td>Tipo<\/td>\n<td>R4000\/R8000<\/td>\n<\/tr>\n<tr>\n<td>Dimensioni<\/td>\n<td>\n<div>\n<div>Lunghezza: 550-1750 mm<br \/>\nLarghezza: 25-170 mm<br \/>\nSpessore: 6-20 mm<\/div>\n<\/div>\n<\/td>\n<\/tr>\n<tr>\n<td>Grado di colla<\/td>\n<td>E0, E1<\/td>\n<\/tr>\n<tr>\n<td>Contenuto di umidit\u00e0<\/td>\n<td>8-14%<\/td>\n<\/tr>\n<tr>\n<td>Certificato<\/td>\n<td>\n<div>\n<div>FSC\/ CARB P2\/ EPA<\/div>\n<\/div>\n<\/td>\n<\/tr>\n<\/tbody>\n<\/table>\n<\/div>\n<h3 data-immersive-translate-walked=\"4ec3e8cb-c4a5-4ec8-9ecf-ed82a1888c4a\"><strong data-immersive-translate-walked=\"4ec3e8cb-c4a5-4ec8-9ecf-ed82a1888c4a\" data-immersive-translate-paragraph=\"1\">Applicazioni delle doghe per letti curvi: Migliorare il comfort in tutti i settori<\/strong><\/h3>\n<p data-immersive-translate-walked=\"4ec3e8cb-c4a5-4ec8-9ecf-ed82a1888c4a\" data-immersive-translate-paragraph=\"1\">I vantaggi unici delle doghe per letti curvi ne hanno determinato l'adozione in diversi settori, trascendendo il regno dell'arredamento tradizionale:<\/p>\n<ul data-immersive-translate-walked=\"4ec3e8cb-c4a5-4ec8-9ecf-ed82a1888c4a\">\n<li data-immersive-translate-walked=\"4ec3e8cb-c4a5-4ec8-9ecf-ed82a1888c4a\" data-immersive-translate-paragraph=\"1\"><strong data-immersive-translate-walked=\"4ec3e8cb-c4a5-4ec8-9ecf-ed82a1888c4a\">Arredamento per la casa:<\/strong>\u00a0Dai monolocali minimalisti alle lussuose suite padronali, le doghe per letti curvi migliorano il comfort e il sostegno dei letti in case di ogni stile. La loro adattabilit\u00e0 a diversi modelli e dimensioni di strutture letto le rende una scelta ricercata per chi cerca un'esperienza di sonno superiore.<\/li>\n<li data-immersive-translate-walked=\"4ec3e8cb-c4a5-4ec8-9ecf-ed82a1888c4a\" data-immersive-translate-paragraph=\"1\"><strong data-immersive-translate-walked=\"4ec3e8cb-c4a5-4ec8-9ecf-ed82a1888c4a\">Alberghi e ospitalit\u00e0:<\/strong>\u00a0L'industria dell'ospitalit\u00e0 si basa sull'offrire agli ospiti un comfort eccezionale ed esperienze memorabili. Le doghe curve dei letti, grazie alla loro capacit\u00e0 di migliorare la qualit\u00e0 del sonno e di favorire il relax, stanno diventando sempre pi\u00f9 popolari negli hotel, nei resort e nelle strutture ricettive boutique, aumentando la soddisfazione degli ospiti e favorendo le recensioni positive.<\/li>\n<li data-immersive-translate-paragraph=\"1\" data-immersive-translate-walked=\"4ec3e8cb-c4a5-4ec8-9ecf-ed82a1888c4a\"><strong data-immersive-translate-walked=\"4ec3e8cb-c4a5-4ec8-9ecf-ed82a1888c4a\">Assistenza sanitaria e riabilitazione:<\/strong>\u00a0Negli ambienti sanitari, dove il comfort e il benessere del paziente sono fondamentali, le doghe per letti curvi offrono una serie di vantaggi. Il loro design ergonomico pu\u00f2 contribuire ad alleviare i punti di pressione, a promuovere una postura corretta e a migliorare la circolazione sanguigna, rendendole adatte a letti ospedalieri, centri di riabilitazione e strutture per anziani.<\/li>\n<li data-immersive-translate-paragraph=\"1\" data-immersive-translate-walked=\"4ec3e8cb-c4a5-4ec8-9ecf-ed82a1888c4a\"><strong data-immersive-translate-walked=\"4ec3e8cb-c4a5-4ec8-9ecf-ed82a1888c4a\">Supporto speciale per materassi:<\/strong>\u00a0Le doghe curve sono particolarmente adatte all'uso con materassi speciali, come quelli con sistemi di supporto a zone o quelli progettati per reti regolabili. La loro capacit\u00e0 di conformarsi ai contorni di questi materassi garantisce prestazioni ottimali e massimizza i vantaggi di questi sistemi di riposo specializzati.<\/li>\n<\/ul>\n<h3 data-immersive-translate-walked=\"4ec3e8cb-c4a5-4ec8-9ecf-ed82a1888c4a\"><strong data-immersive-translate-walked=\"4ec3e8cb-c4a5-4ec8-9ecf-ed82a1888c4a\" data-immersive-translate-paragraph=\"1\">Vantaggi della scelta delle doghe del letto curvo: Un'esperienza di sonno superiore<\/strong><\/h3>\n<p data-immersive-translate-walked=\"4ec3e8cb-c4a5-4ec8-9ecf-ed82a1888c4a\" data-immersive-translate-paragraph=\"1\">Le doghe curve offrono un'interessante combinazione di vantaggi che le distinguono dalle tradizionali doghe piatte, rendendole una scelta superiore per i dormiglioni pi\u00f9 esigenti:<\/p>\n<ul data-immersive-translate-walked=\"4ec3e8cb-c4a5-4ec8-9ecf-ed82a1888c4a\">\n<li data-immersive-translate-walked=\"4ec3e8cb-c4a5-4ec8-9ecf-ed82a1888c4a\" data-immersive-translate-paragraph=\"1\"><strong data-immersive-translate-walked=\"4ec3e8cb-c4a5-4ec8-9ecf-ed82a1888c4a\">Supporto ergonomico per l'allineamento della colonna vertebrale:<\/strong>\u00a0La caratteristica che contraddistingue le doghe del letto curvo \u00e8 la loro capacit\u00e0 di conformarsi alla naturale curvatura della colonna vertebrale. Questo design ergonomico favorisce il corretto allineamento della colonna vertebrale, riducendo la sollecitazione dei muscoli della schiena e dei dischi intervertebrali. Sostenendo le curve naturali del corpo, le doghe curve aiutano ad alleviare il mal di schiena, a ridurre la rigidit\u00e0 e a favorire una postura pi\u00f9 riposante.<\/li>\n<li data-immersive-translate-paragraph=\"1\" data-immersive-translate-walked=\"4ec3e8cb-c4a5-4ec8-9ecf-ed82a1888c4a\"><strong data-immersive-translate-walked=\"4ec3e8cb-c4a5-4ec8-9ecf-ed82a1888c4a\">Maggiore attenuazione della pressione per un sonno pi\u00f9 profondo:<\/strong>\u00a0La leggera flessione e l'azione modellante delle doghe curve del letto forniscono un sollievo mirato dalla pressione, in particolare nella regione lombare e nei punti di pressione come i fianchi e le spalle. Distribuendo il peso del corpo in modo pi\u00f9 uniforme sulla superficie del materasso, le doghe curve riducono al minimo i punti di pressione che possono portare a rigirarsi, favorendo un sonno pi\u00f9 profondo e riposante.<\/li>\n<li data-immersive-translate-paragraph=\"1\" data-immersive-translate-walked=\"4ec3e8cb-c4a5-4ec8-9ecf-ed82a1888c4a\"><strong data-immersive-translate-walked=\"4ec3e8cb-c4a5-4ec8-9ecf-ed82a1888c4a\">Miglioramento della circolazione sanguigna per il benessere generale:<\/strong>\u00a0La natura dinamica delle doghe curve, con il loro leggero cedimento e la loro reattivit\u00e0 ai movimenti, pu\u00f2 anche contribuire a migliorare la circolazione sanguigna. Riducendo la pressione sui vasi sanguigni, le doghe curve favoriscono un flusso sanguigno sano, a tutto vantaggio della salute e del benessere generale.<\/li>\n<li data-immersive-translate-paragraph=\"1\" data-immersive-translate-walked=\"4ec3e8cb-c4a5-4ec8-9ecf-ed82a1888c4a\"><strong data-immersive-translate-walked=\"4ec3e8cb-c4a5-4ec8-9ecf-ed82a1888c4a\">Durata e prestazioni del materasso migliorate:<\/strong>\u00a0Le doghe curve, grazie alla loro capacit\u00e0 di distribuire il peso in modo pi\u00f9 uniforme e di ridurre al minimo i punti di pressione, possono anche contribuire a prolungare la durata del materasso. Riducendo l'usura su aree specifiche del materasso, le doghe curve contribuiscono a mantenerne la forma e il sostegno nel tempo, assicurandovi di ottenere il massimo dal vostro investimento.<\/li>\n<\/ul>\n<h3 data-immersive-translate-walked=\"4ec3e8cb-c4a5-4ec8-9ecf-ed82a1888c4a\"><strong data-immersive-translate-walked=\"4ec3e8cb-c4a5-4ec8-9ecf-ed82a1888c4a\" data-immersive-translate-paragraph=\"1\">Doghe per letti curvi e altri materiali: Un chiaro vantaggio<\/strong><\/h3>\n<p data-immersive-translate-walked=\"4ec3e8cb-c4a5-4ec8-9ecf-ed82a1888c4a\" data-immersive-translate-paragraph=\"1\">Sebbene si utilizzino diversi materiali per le doghe dei letti, le doghe curve, tipicamente realizzate in legno duro, offrono un netto vantaggio rispetto alle opzioni alternative:<\/p>\n<ul data-immersive-translate-walked=\"4ec3e8cb-c4a5-4ec8-9ecf-ed82a1888c4a\">\n<li data-immersive-translate-walked=\"4ec3e8cb-c4a5-4ec8-9ecf-ed82a1888c4a\" data-immersive-translate-paragraph=\"1\"><strong data-immersive-translate-walked=\"4ec3e8cb-c4a5-4ec8-9ecf-ed82a1888c4a\">Latifoglie curve e doghe piatte:<\/strong>\u00a0Il design curvo \u00e8 intrinsecamente superiore alle doghe piatte in termini di supporto ergonomico e di scarico della pressione. Sebbene le doghe piatte offrano un livello di supporto di base, non possono eguagliare la sagomatura dinamica e la distribuzione mirata della pressione offerte dalle doghe curve.<\/li>\n<li data-immersive-translate-paragraph=\"1\" data-immersive-translate-walked=\"4ec3e8cb-c4a5-4ec8-9ecf-ed82a1888c4a\"><strong data-immersive-translate-walked=\"4ec3e8cb-c4a5-4ec8-9ecf-ed82a1888c4a\">Legni duri curvi vs. doghe metalliche:<\/strong>\u00a0Sebbene le doghe in metallo possano offrire un buon rapporto qualit\u00e0-prezzo, spesso non sono all'altezza in termini di comfort, rumorosit\u00e0 e durata. Il metallo pu\u00f2 risultare freddo, indulgente e soggetto a cigolii o scricchiolii. Le doghe in legno duro curvato, invece, offrono un'esperienza di sonno pi\u00f9 calda, silenziosa e confortevole.<\/li>\n<li data-immersive-translate-walked=\"4ec3e8cb-c4a5-4ec8-9ecf-ed82a1888c4a\" data-immersive-translate-paragraph=\"1\"><strong data-immersive-translate-walked=\"4ec3e8cb-c4a5-4ec8-9ecf-ed82a1888c4a\">Legno duro curvo vs. doghe di compensato:<\/strong>\u00a0Il compensato, pur essendo meno costoso del legno massiccio, non ha la resistenza, la durata e la resilienza necessarie per le doghe curve del letto. Il compensato \u00e8 soggetto a deformazioni, cedimenti e delaminazioni, soprattutto sotto lo stress di ripetute flessioni. Le doghe curve in legno duro, grazie alla loro superiore forza e resistenza alla deformazione, offrono prestazioni durature e mantengono la loro forma nel tempo.<\/li>\n<\/ul>\n<h3 data-immersive-translate-walked=\"4ec3e8cb-c4a5-4ec8-9ecf-ed82a1888c4a\"><strong data-immersive-translate-walked=\"4ec3e8cb-c4a5-4ec8-9ecf-ed82a1888c4a\" data-immersive-translate-paragraph=\"1\">Perch\u00e9 scegliere il legno Yuantuo per le doghe del letto curvo?<\/strong><\/h3>\n<p data-immersive-translate-walked=\"4ec3e8cb-c4a5-4ec8-9ecf-ed82a1888c4a\" data-immersive-translate-paragraph=\"1\">Noi di YuanTuo Wood ci impegniamo a creare le basi per un'esperienza di riposo davvero eccezionale. Le nostre doghe per letti curvi incarnano il nostro impegno per la qualit\u00e0, l'artigianalit\u00e0 e la soddisfazione del cliente. Ecco perch\u00e9 i clienti pi\u00f9 esigenti scelgono <a href=\"https:\/\/yuantuowood.com\/it\/about-us\/\">Yuantuo Wood<\/a>:<\/p>\n<ul data-immersive-translate-walked=\"4ec3e8cb-c4a5-4ec8-9ecf-ed82a1888c4a\">\n<li data-immersive-translate-walked=\"4ec3e8cb-c4a5-4ec8-9ecf-ed82a1888c4a\" data-immersive-translate-paragraph=\"1\"><strong data-immersive-translate-walked=\"4ec3e8cb-c4a5-4ec8-9ecf-ed82a1888c4a\">Qualit\u00e0 senza compromessi e ingegneria di precisione:<\/strong>\u00a0Ci riforniamo solo dei migliori legni duri provenienti da foreste gestite in modo sostenibile e impieghiamo tecniche di produzione all'avanguardia per garantire che ogni doga curva soddisfi i pi\u00f9 alti standard di precisione e durata. I nostri rigorosi processi di controllo della qualit\u00e0 garantiscono un prodotto di qualit\u00e0 e durata eccezionali.<\/li>\n<li data-immersive-translate-paragraph=\"1\" data-immersive-translate-walked=\"4ec3e8cb-c4a5-4ec8-9ecf-ed82a1888c4a\"><strong data-immersive-translate-walked=\"4ec3e8cb-c4a5-4ec8-9ecf-ed82a1888c4a\">Competenza nella personalizzazione per soluzioni su misura:<\/strong>\u00a0Sappiamo che ogni traversina \u00e8 unica, cos\u00ec come le sue esigenze di sostegno. Per questo motivo offriamo un'ampia gamma di opzioni di personalizzazione, tra cui le dimensioni delle doghe, il raggio di curvatura, le specie legnose e le finiture. Il nostro team di esperti pu\u00f2 collaborare con voi per sviluppare soluzioni personalizzate in base alle vostre esigenze specifiche, assicurandovi un adattamento perfetto e prestazioni ottimali per la vostra applicazione.<\/li>\n<li data-immersive-translate-paragraph=\"1\" data-immersive-translate-walked=\"4ec3e8cb-c4a5-4ec8-9ecf-ed82a1888c4a\"><strong data-immersive-translate-walked=\"4ec3e8cb-c4a5-4ec8-9ecf-ed82a1888c4a\">Approvvigionamento sostenibile e responsabilit\u00e0 ambientale:<\/strong>\u00a0Siamo impegnati in pratiche forestali responsabili e siamo in possesso di certificazioni come FSC (Forest Stewardship Council) e PEFC (Programme for the Endorsement of Forest Certification), che garantiscono che i nostri prodotti in legno provengano da foreste ben gestite. Scegliere YuanTuo Wood significa scegliere un'azienda che d\u00e0 priorit\u00e0 alla sostenibilit\u00e0 ambientale e riduce al minimo la propria impronta ecologica.<\/li>\n<li data-immersive-translate-paragraph=\"1\" data-immersive-translate-walked=\"4ec3e8cb-c4a5-4ec8-9ecf-ed82a1888c4a\"><strong data-immersive-translate-walked=\"4ec3e8cb-c4a5-4ec8-9ecf-ed82a1888c4a\">Portata globale, competenza locale e servizio eccezionale:<\/strong>\u00a0Con una presenza globale e una profonda conoscenza delle diverse esigenze del mercato, YuanTuo Wood \u00e8 il vostro partner di fiducia per le doghe dei letti curvi. La nostra ampia rete di distribuzione ci permette di consegnare i nostri prodotti in modo efficiente ai clienti di tutto il mondo. Il nostro team di assistenza clienti dedicato \u00e8 sempre a disposizione per fornire assistenza personalizzata, competenza tecnica e garantire la vostra completa soddisfazione.<\/li>\n<\/ul>\n<h3 data-immersive-translate-walked=\"4ec3e8cb-c4a5-4ec8-9ecf-ed82a1888c4a\"><strong data-immersive-translate-walked=\"4ec3e8cb-c4a5-4ec8-9ecf-ed82a1888c4a\" data-immersive-translate-paragraph=\"1\">Domande frequenti (FAQ)<\/strong><\/h3>\n<p data-immersive-translate-walked=\"4ec3e8cb-c4a5-4ec8-9ecf-ed82a1888c4a\"><strong data-immersive-translate-walked=\"4ec3e8cb-c4a5-4ec8-9ecf-ed82a1888c4a\" data-immersive-translate-paragraph=\"1\">1. Quale tipo di materasso \u00e8 pi\u00f9 adatto alle doghe curve del letto?<\/strong><\/p>\n<p data-immersive-translate-paragraph=\"1\" data-immersive-translate-walked=\"4ec3e8cb-c4a5-4ec8-9ecf-ed82a1888c4a\">Le doghe curve sono compatibili con un'ampia gamma di materassi, compresi quelli in memory foam, in lattice, a molle interne e ibridi. Sono particolarmente vantaggiose per i materassi con sistemi di sostegno a zone, dove la flessibilit\u00e0 delle doghe si integra con le zone di sostegno mirate del materasso, o per quelli progettati per reti regolabili, in quanto le doghe possono adattarsi a diverse posizioni. Tuttavia, \u00e8 sempre consigliabile consultare le linee guida del produttore del materasso per quanto riguarda la distanza e il supporto raccomandati delle doghe, al fine di garantire prestazioni ottimali ed evitare problemi di garanzia.<\/p>\n<p data-immersive-translate-walked=\"4ec3e8cb-c4a5-4ec8-9ecf-ed82a1888c4a\"><strong data-immersive-translate-walked=\"4ec3e8cb-c4a5-4ec8-9ecf-ed82a1888c4a\" data-immersive-translate-paragraph=\"1\">2. Che impatto hanno le doghe curve del letto sull'allineamento della colonna vertebrale?<\/strong><\/p>\n<p data-immersive-translate-walked=\"4ec3e8cb-c4a5-4ec8-9ecf-ed82a1888c4a\" data-immersive-translate-paragraph=\"1\">A differenza delle doghe piatte, che offrono un supporto uniforme ma meno adattivo, il design curvo di queste doghe consente loro di agire come una serie di molle interconnesse, conformandosi delicatamente alla naturale curvatura della colonna vertebrale. Questo design ergonomico favorisce il corretto allineamento della colonna vertebrale, indipendentemente dalla posizione in cui si dorme, riducendo la sollecitazione dei muscoli della schiena e dei dischi intervertebrali, particolarmente vulnerabili allo stress e alla compressione. Sostenendo le curve naturali del corpo, le doghe curve aiutano ad alleviare il mal di schiena, a ridurre la rigidit\u00e0 e a promuovere una postura pi\u00f9 riposante.<\/p>\n<p data-immersive-translate-walked=\"4ec3e8cb-c4a5-4ec8-9ecf-ed82a1888c4a\"><strong data-immersive-translate-walked=\"4ec3e8cb-c4a5-4ec8-9ecf-ed82a1888c4a\" data-immersive-translate-paragraph=\"1\">3. Le doghe del letto curvo sono adatte alle persone con problemi alla schiena?<\/strong><\/p>\n<p data-immersive-translate-walked=\"4ec3e8cb-c4a5-4ec8-9ecf-ed82a1888c4a\" data-immersive-translate-paragraph=\"1\">Sebbene molti utenti trovino che il design ergonomico delle doghe per letti curvi possa contribuire a un'esperienza di sonno pi\u00f9 confortevole e di sostegno, alleviando potenzialmente alcuni disturbi alla schiena, \u00e8 fondamentale consultare un professionista della salute o uno specialista del sonno certificato per ottenere consigli personalizzati in merito a specifiche condizioni della schiena. Questi potranno valutare le vostre esigenze individuali, considerando fattori come il peso, la posizione in cui dormite e l'anamnesi, per fornire raccomandazioni personalizzate e determinare se le doghe per letti curvi sono un'opzione adatta alla vostra situazione.<\/p>\n<p data-immersive-translate-walked=\"4ec3e8cb-c4a5-4ec8-9ecf-ed82a1888c4a\"><strong data-immersive-translate-walked=\"4ec3e8cb-c4a5-4ec8-9ecf-ed82a1888c4a\" data-immersive-translate-paragraph=\"1\">4. Come si installano le doghe per letti curvi?<\/strong><\/p>\n<p data-immersive-translate-paragraph=\"1\" data-immersive-translate-walked=\"4ec3e8cb-c4a5-4ec8-9ecf-ed82a1888c4a\">Le procedure di installazione possono variare leggermente a seconda del modello di rete e del design delle doghe. Tuttavia, l'installazione prevede in genere il posizionamento delle doghe all'interno delle guide di supporto della rete, assicurandosi che siano distanziate in modo uniforme per fornire un supporto uniforme al materasso e che siano saldamente in posizione per evitare qualsiasi movimento o rumore. Alcune reti possono richiedere hardware o accessori specifici, come supporti o tappi per le doghe, per l'installazione delle stesse. Consultare sempre le istruzioni del produttore della rete per una guida dettagliata e per garantire un'installazione corretta e sicura.<\/p>\n<p data-immersive-translate-walked=\"4ec3e8cb-c4a5-4ec8-9ecf-ed82a1888c4a\"><strong data-immersive-translate-walked=\"4ec3e8cb-c4a5-4ec8-9ecf-ed82a1888c4a\" data-immersive-translate-paragraph=\"1\">5. Come posso pulire e mantenere le doghe del mio letto curvo per garantirne la durata?<\/strong><\/p>\n<p data-immersive-translate-paragraph=\"1\" data-immersive-translate-walked=\"4ec3e8cb-c4a5-4ec8-9ecf-ed82a1888c4a\">Una manutenzione regolare \u00e8 fondamentale per preservare la qualit\u00e0 e prolungare la durata delle doghe del letto curvo. Una spolverata regolare con un panno morbido e asciutto \u00e8 di solito sufficiente per rimuovere la polvere e i detriti che possono accumularsi nel tempo. Per una pulizia pi\u00f9 accurata, si pu\u00f2 inumidire un panno morbido con un detergente delicato per legno, avendo cura di strizzare l'acqua in eccesso. Evitate di usare prodotti chimici aggressivi, detergenti abrasivi o acqua eccessiva, perch\u00e9 possono danneggiare la finitura del legno, indebolendo potenzialmente le doghe o causandone lo scolorimento. Ispezionare regolarmente le doghe per individuare eventuali segni di usura, come crepe o scheggiature, e sostituirle se necessario per mantenere una superficie di riposo sicura e di sostegno.<\/p>","protected":false},"excerpt":{"rendered":"<p>Realizzate con legni duri di prima qualit\u00e0, le doghe curve del letto YuanTuo Wood\u2019forniscono un supporto ergonomico senza pari, conformandosi alle curve naturali del corpo. Offrono un maggiore sollievo dalla pressione, promuovono l'allineamento della colonna vertebrale e migliorano la circolazione sanguigna, garantendo un sonno riposante. Ideali per l'arredamento, l'ospitalit\u00e0, la sanit\u00e0 e i materassi speciali, le nostre doghe personalizzabili garantiscono durata e comfort a lungo termine.<\/p>","protected":false},"featured_media":526,"template":"","meta":{"_kad_blocks_custom_css":"","_kad_blocks_head_custom_js":"","_kad_blocks_body_custom_js":"","_kad_blocks_footer_custom_js":"","_kad_post_transparent":"default","_kad_post_title":"","_kad_post_layout":"default","_kad_post_sidebar_id":"","_kad_post_content_style":"default","_kad_post_vertical_padding":"default","_kad_post_feature":"","_kad_post_feature_position":"","_kad_post_header":false,"_kad_post_footer":false,"_kad_post_classname":""},"product_brand":[],"product_cat":[19],"product_tag":[],"class_list":{"0":"post-561","1":"product","2":"type-product","3":"status-publish","4":"has-post-thumbnail","6":"product_cat-bed-slats","8":"first","9":"instock","10":"shipping-taxable","11":"product-type-simple","12":"entry","13":"content-bg","14":"loop-entry"},"taxonomy_info":{"product_cat":[{"value":19,"label":"Bed Slats"}]},"featured_image_src_large":["https:\/\/yuantuowood.com\/wp-content\/uploads\/2024\/08\/Curved-Bed-Slats-1024x683.jpg",1024,683,true],"author_info":[],"comment_info":"","_links":{"self":[{"href":"https:\/\/yuantuowood.com\/it\/wp-json\/wp\/v2\/product\/561","targetHints":{"allow":["GET"]}}],"collection":[{"href":"https:\/\/yuantuowood.com\/it\/wp-json\/wp\/v2\/product"}],"about":[{"href":"https:\/\/yuantuowood.com\/it\/wp-json\/wp\/v2\/types\/product"}],"wp:featuredmedia":[{"embeddable":true,"href":"https:\/\/yuantuowood.com\/it\/wp-json\/wp\/v2\/media\/526"}],"wp:attachment":[{"href":"https:\/\/yuantuowood.com\/it\/wp-json\/wp\/v2\/media?parent=561"}],"wp:term":[{"taxonomy":"product_brand","embeddable":true,"href":"https:\/\/yuantuowood.com\/it\/wp-json\/wp\/v2\/product_brand?post=561"},{"taxonomy":"product_cat","embeddable":true,"href":"https:\/\/yuantuowood.com\/it\/wp-json\/wp\/v2\/product_cat?post=561"},{"taxonomy":"product_tag","embeddable":true,"href":"https:\/\/yuantuowood.com\/it\/wp-json\/wp\/v2\/product_tag?post=561"}],"curies":[{"name":"wp","href":"https:\/\/api.w.org\/{rel}","templated":true}]}}