{"id":565,"date":"2024-08-27T05:35:51","date_gmt":"2024-08-27T05:35:51","guid":{"rendered":"https:\/\/slats.easiwin.com\/?post_type=product&#038;p=565"},"modified":"2024-10-28T03:27:55","modified_gmt":"2024-10-28T03:27:55","slug":"custom-strongest-flat-bed-slats-manufacturer","status":"publish","type":"product","link":"https:\/\/yuantuowood.com\/it\/product\/custom-strongest-flat-bed-slats-manufacturer\/","title":{"rendered":"Doghe per letti piani"},"content":{"rendered":"<p data-immersive-translate-paragraph=\"1\" data-immersive-translate-walked=\"eadfd9ca-4be7-41a2-96ae-2b04d13aac54\">Una buona notte di sonno \u00e8 un'orchestra di comfort, in cui ogni elemento svolge un ruolo cruciale. Mentre i materassi sono spesso al centro dell'attenzione, le doghe del letto, spesso trascurate, assicurano che l'intera performance si svolga senza intoppi. <a href=\"https:\/\/en.wikipedia.org\/wiki\/Flat\" target=\"_blank\" rel=\"noopener\">Piatto<\/a> Le doghe per letti piani, con la loro sobria semplicit\u00e0, l'impressionante durata e la notevole versatilit\u00e0, costituiscono una base affidabile per un'ampia gamma di materassi e preferenze di riposo. Questa guida completa si addentra nel mondo delle doghe per letti piani, esplorando i loro vantaggi spesso sconosciuti, le diverse applicazioni e il motivo per cui YuanTuo Wood si distingue come fornitore leader di questi componenti essenziali del sistema letto.<\/p>\n<h3 data-immersive-translate-walked=\"eadfd9ca-4be7-41a2-96ae-2b04d13aac54\" data-immersive-translate-paragraph=\"1\">Cosa sono le doghe per letti piani?<\/h3>\n<p data-immersive-translate-paragraph=\"1\" data-immersive-translate-walked=\"eadfd9ca-4be7-41a2-96ae-2b04d13aac54\">Le doghe per letti piani sono assi di legno rigide, tipicamente posizionate strategicamente sulla larghezza di una rete per formare una base di sostegno per il materasso. A differenza delle reti solide, che possono intrappolare il calore e l'umidit\u00e0, causando temperature di sonno sgradevoli e la potenziale formazione di muffa, le doghe piatte sono progettate per favorire un flusso d'aria ottimale sotto il materasso. Questa traspirabilit\u00e0 aiuta a regolare la temperatura, creando un ambiente di riposo pi\u00f9 igienico e confortevole, evitando l'accumulo di allergeni, muffe e funghi. Oltre alla ventilazione, le doghe per letti piani eccellono nel distribuire uniformemente il peso, assicurando che il materasso mantenga la sua forma e fornisca un sostegno costante per tutta la sua durata.<\/p>\n<h3 data-immersive-translate-walked=\"eadfd9ca-4be7-41a2-96ae-2b04d13aac54\" data-immersive-translate-paragraph=\"1\">Capire le doghe dei letti piani: Caratteristiche principali<\/h3>\n<div style=\"overflow-x: auto;\">\n<table>\n<tbody>\n<tr>\n<td>Caratteristica<\/td>\n<td>Descrizione<\/td>\n<\/tr>\n<tr>\n<td>Specie di legno<\/td>\n<td>\n<div>\n<div>Betulla\/Piphero\/Eucalipto<\/div>\n<\/div>\n<\/td>\n<\/tr>\n<tr>\n<td>Propriet\u00e0<\/td>\n<td>\n<div>\n<div>Forti, durevoli, resistenti alla deformazione e alle crepe, traspiranti, favoriscono la circolazione dell'aria, facili da installare e sostituire, leggere, economiche, sostenibili (provengono da foreste gestite in modo responsabile) &#8211; Queste propriet\u00e0 combinate rendono le doghe per letti piani una scelta pratica, affidabile ed ecologica per un'ampia gamma di reti e tipi di materassi.<\/div>\n<\/div>\n<\/td>\n<\/tr>\n<tr>\n<td>Finitura superficiale<\/td>\n<td>\n<div>\n<div>Naturale \/ Con carta decorativa<\/div>\n<\/div>\n<\/td>\n<\/tr>\n<tr>\n<td>Tipo<\/td>\n<td>Piatto<\/td>\n<\/tr>\n<tr>\n<td>Dimensioni<\/td>\n<td>\n<div>\n<div>Lunghezza: 550-1750 mm<br \/>\nLarghezza: 25-170 mm<br \/>\nSpessore: 6-20 mm<\/div>\n<\/div>\n<\/td>\n<\/tr>\n<tr>\n<td>Grado di colla<\/td>\n<td>E0, E1<\/td>\n<\/tr>\n<tr>\n<td>Contenuto di umidit\u00e0<\/td>\n<td>8-14%<\/td>\n<\/tr>\n<tr>\n<td>Certificato<\/td>\n<td>\n<div>\n<div>FSC\/ CARB P2\/ EPA<\/div>\n<\/div>\n<\/td>\n<\/tr>\n<\/tbody>\n<\/table>\n<\/div>\n<h3 data-immersive-translate-walked=\"eadfd9ca-4be7-41a2-96ae-2b04d13aac54\" data-immersive-translate-paragraph=\"1\">Applicazioni delle doghe per letti piani: Fornire un supporto affidabile in tutti i settori<\/h3>\n<p data-immersive-translate-walked=\"eadfd9ca-4be7-41a2-96ae-2b04d13aac54\" data-immersive-translate-paragraph=\"1\">La versatilit\u00e0 e la praticit\u00e0 intrinseca delle doghe a letto piano ne hanno determinato l'adozione in diversi settori, che vanno ben oltre l'arredamento tradizionale della casa:<\/p>\n<ul data-immersive-translate-walked=\"eadfd9ca-4be7-41a2-96ae-2b04d13aac54\">\n<li data-immersive-translate-walked=\"eadfd9ca-4be7-41a2-96ae-2b04d13aac54\" data-immersive-translate-paragraph=\"1\"><strong data-immersive-translate-walked=\"eadfd9ca-4be7-41a2-96ae-2b04d13aac54\">Arredamento per la casa:<\/strong>\u00a0Le doghe per letti piani sono un punto fermo nelle case di tutto il mondo e forniscono un supporto affidabile per i materassi in camere da letto di ogni stile e dimensione. La loro adattabilit\u00e0 a diverse strutture letto, la facilit\u00e0 di installazione e l'economicit\u00e0 ne fanno una scelta popolare per i consumatori attenti al budget e per chi cerca una soluzione per il sonno semplice ma efficace.<\/li>\n<li data-immersive-translate-paragraph=\"1\" data-immersive-translate-walked=\"eadfd9ca-4be7-41a2-96ae-2b04d13aac54\"><strong data-immersive-translate-walked=\"eadfd9ca-4be7-41a2-96ae-2b04d13aac54\">Alberghi e ospitalit\u00e0:<\/strong>\u00a0L'industria dell'ospitalit\u00e0 si basa su arredi durevoli, facili da mantenere ed esteticamente gradevoli. Le doghe a letto piano, con la loro struttura robusta, il design semplice e il calore naturale, sono adatte alle camere d'albergo, ai dormitori e ad altri ambienti ad alta frequentazione dove la durata, la facilit\u00e0 di sostituzione e l'aspetto estetico sono fondamentali.<\/li>\n<li data-immersive-translate-walked=\"eadfd9ca-4be7-41a2-96ae-2b04d13aac54\" data-immersive-translate-paragraph=\"1\"><strong data-immersive-translate-walked=\"eadfd9ca-4be7-41a2-96ae-2b04d13aac54\" data-immersive-translate-paragraph=\"1\">Progetti fai da te e letti personalizzati:<\/strong>\u00a0Le doghe per letti piani sono le preferite dagli amanti del fai-da-te e da coloro che desiderano costruire strutture letto personalizzate in base al proprio stile e alle proprie esigenze di spazio. Le dimensioni facilmente reperibili, la facilit\u00e0 di taglio e di personalizzazione e l'accessibilit\u00e0 economica ne fanno la scelta ideale per creare letti unici e personalizzati che riflettono i gusti e le esigenze individuali.<\/li>\n<li data-immersive-translate-paragraph=\"1\" data-immersive-translate-walked=\"eadfd9ca-4be7-41a2-96ae-2b04d13aac54\"><strong data-immersive-translate-walked=\"eadfd9ca-4be7-41a2-96ae-2b04d13aac54\">Sostituzione della fondazione del materasso:<\/strong>\u00a0Con il tempo, le fondamenta dei materassi possono deteriorarsi, cedere o danneggiarsi, compromettendo il sostegno e il comfort del materasso. Le doghe per letti piani offrono una soluzione pratica ed economica per sostituire le fondamenta usurate, fornendo una base nuova e di sostegno per il materasso e prolungandone la durata, con un risparmio economico e un miglioramento della qualit\u00e0 del sonno.<\/li>\n<\/ul>\n<h3 data-immersive-translate-walked=\"eadfd9ca-4be7-41a2-96ae-2b04d13aac54\" data-immersive-translate-paragraph=\"1\">Vantaggi della scelta delle doghe per letti piani: Semplicit\u00e0, durata e versatilit\u00e0<\/h3>\n<p data-immersive-translate-walked=\"eadfd9ca-4be7-41a2-96ae-2b04d13aac54\" data-immersive-translate-paragraph=\"1\">Le doghe per letti piani offrono un'interessante combinazione di vantaggi che le rendono una scelta popolare per un'ampia gamma di traversine, reti e applicazioni:<\/p>\n<ul data-immersive-translate-walked=\"eadfd9ca-4be7-41a2-96ae-2b04d13aac54\">\n<li data-immersive-translate-walked=\"eadfd9ca-4be7-41a2-96ae-2b04d13aac54\" data-immersive-translate-paragraph=\"1\"><strong data-immersive-translate-walked=\"eadfd9ca-4be7-41a2-96ae-2b04d13aac54\">Conveniente e accessibile:<\/strong>\u00a0Le doghe per letti piani sono generalmente pi\u00f9 convenienti rispetto ad altri sistemi di supporto del letto, come le molle insacchettate o i letti a piattaforma, il che le rende un'opzione accessibile per i consumatori attenti al budget che rifiutano di scendere a compromessi in termini di supporto e comfort.<\/li>\n<li data-immersive-translate-paragraph=\"1\" data-immersive-translate-walked=\"eadfd9ca-4be7-41a2-96ae-2b04d13aac54\"><strong data-immersive-translate-walked=\"eadfd9ca-4be7-41a2-96ae-2b04d13aac54\">Durevole e di lunga durata:<\/strong>\u00a0Realizzate con robusti legni duri scelti per la loro resistenza e resilienza, le doghe per letti piani sono costruite per resistere alla prova del tempo, anche sotto le esigenze del sonno notturno. La loro struttura robusta garantisce che possano sostenere un peso considerevole senza cedere o rompersi, fornendo una base affidabile per il vostro materasso per gli anni a venire.<\/li>\n<li data-immersive-translate-paragraph=\"1\" data-immersive-translate-walked=\"eadfd9ca-4be7-41a2-96ae-2b04d13aac54\"><strong data-immersive-translate-walked=\"eadfd9ca-4be7-41a2-96ae-2b04d13aac54\">Facile da installare e sostituire:<\/strong>\u00a0Le doghe per letti piani sono incredibilmente facili da installare e richiedono in genere un minimo di attrezzi e di sforzo, il che le rende la scelta ideale per gli amanti del fai-da-te e per coloro che cercano un'installazione senza problemi. Il loro design semplice le rende anche facili da sostituire in caso di necessit\u00e0, riducendo al minimo i tempi di inattivit\u00e0 e i disagi in caso di sostituzione di una doga.<\/li>\n<li data-immersive-translate-paragraph=\"1\" data-immersive-translate-walked=\"eadfd9ca-4be7-41a2-96ae-2b04d13aac54\"><strong data-immersive-translate-walked=\"eadfd9ca-4be7-41a2-96ae-2b04d13aac54\">Promuovere la circolazione dell'aria e l'igiene:<\/strong>\u00a0La spaziatura strategicamente progettata tra le doghe del letto piatto consente un'eccellente circolazione dell'aria sotto il materasso, aiutando a regolare la temperatura, a dissipare l'umidit\u00e0 e a prevenire l'accumulo di allergeni, muffe e funghi, contribuendo a creare un ambiente di riposo pi\u00f9 sano e igienico per un sonno pi\u00f9 ristoratore e riposante.<\/li>\n<\/ul>\n<h3 data-immersive-translate-walked=\"eadfd9ca-4be7-41a2-96ae-2b04d13aac54\" data-immersive-translate-paragraph=\"1\">Doghe per letti piani e altri materiali: Una scelta pratica e conveniente<\/h3>\n<p data-immersive-translate-walked=\"eadfd9ca-4be7-41a2-96ae-2b04d13aac54\" data-immersive-translate-paragraph=\"1\">Sebbene siano disponibili diversi materiali e design per i supporti dei letti, le doghe per letti piani, in particolare quelle realizzate in legno duro, offrono un'interessante combinazione di praticit\u00e0, convenienza e durata difficilmente eguagliabile:<\/p>\n<ul data-immersive-translate-walked=\"eadfd9ca-4be7-41a2-96ae-2b04d13aac54\">\n<li data-immersive-translate-walked=\"eadfd9ca-4be7-41a2-96ae-2b04d13aac54\" data-immersive-translate-paragraph=\"1\"><strong data-immersive-translate-walked=\"eadfd9ca-4be7-41a2-96ae-2b04d13aac54\">Latifoglie piatte e doghe metalliche:<\/strong>\u00a0Sebbene le doghe in metallo possano offrire un'estetica pi\u00f9 elegante e moderna, possono essere soggette a cigolii, a piegarsi nel tempo e a trasmettere temperature fredde al materasso, disturbando potenzialmente il sonno. Le doghe piatte in legno duro, invece, offrono una superficie di riposo pi\u00f9 silenziosa, pi\u00f9 calda e pi\u00f9 stabile, garantendo un riposo notturno tranquillo e confortevole.<\/li>\n<li data-immersive-translate-paragraph=\"1\" data-immersive-translate-walked=\"eadfd9ca-4be7-41a2-96ae-2b04d13aac54\"><strong data-immersive-translate-walked=\"eadfd9ca-4be7-41a2-96ae-2b04d13aac54\">Latifoglie piatte contro doghe di compensato:<\/strong>\u00a0Il compensato, pur essendo un'opzione meno costosa del legno massiccio, non ha la forza, la durata e la resistenza alla deformazione e all'abbassamento che offrono i legni duri, compromettendo potenzialmente la durata e il sostegno del materasso. Le doghe piatte in legno duro sono un'opzione pi\u00f9 robusta e duratura per sostenere il materasso, garantendo prestazioni e durata costanti.<\/li>\n<li data-immersive-translate-paragraph=\"1\" data-immersive-translate-walked=\"eadfd9ca-4be7-41a2-96ae-2b04d13aac54\"><strong data-immersive-translate-walked=\"eadfd9ca-4be7-41a2-96ae-2b04d13aac54\">Latifoglie piatte vs. molle a tazza:<\/strong>\u00a0Le molle insacchettate, pur offrendo una soluzione tradizionale di supporto al letto, possono essere ingombranti, pesanti e inclini all'accumulo di acari della polvere, esacerbando potenzialmente le allergie e compromettendo l'igiene. Le doghe piatte in legno duro offrono un'alternativa pi\u00f9 snella, leggera e igienica, favorendo il flusso d'aria e riducendo al minimo l'accumulo di polvere per un ambiente di riposo pi\u00f9 sano e confortevole.<\/li>\n<\/ul>\n<h3 data-immersive-translate-walked=\"eadfd9ca-4be7-41a2-96ae-2b04d13aac54\" data-immersive-translate-paragraph=\"1\">Perch\u00e9 scegliere il legno Yuantuo per le doghe dei letti piani?<\/h3>\n<p data-immersive-translate-walked=\"eadfd9ca-4be7-41a2-96ae-2b04d13aac54\" data-immersive-translate-paragraph=\"1\">A<a href=\"https:\/\/yuantuowood.com\/it\/about-us\/\"> Yuantuo Wood<\/a>Sappiamo che una buona notte di sonno inizia con una base solida, affidabile e realizzata con cura. Le nostre doghe per letti piani sono realizzate con precisione e cura, utilizzando solo i migliori legni duri provenienti da foreste gestite in modo sostenibile, a testimonianza del nostro impegno per la qualit\u00e0, la sostenibilit\u00e0 e la soddisfazione dei clienti. Ecco perch\u00e9 i clienti pi\u00f9 esigenti di tutto il mondo scelgono YuanTuo Wood per le loro doghe per letti piani:<\/p>\n<ul data-immersive-translate-walked=\"eadfd9ca-4be7-41a2-96ae-2b04d13aac54\">\n<li data-immersive-translate-paragraph=\"1\" data-immersive-translate-walked=\"eadfd9ca-4be7-41a2-96ae-2b04d13aac54\"><strong data-immersive-translate-walked=\"eadfd9ca-4be7-41a2-96ae-2b04d13aac54\">Impegno costante per la qualit\u00e0:<\/strong>\u00a0Utilizziamo tecniche di produzione all'avanguardia e ci atteniamo a rigorose misure di controllo della qualit\u00e0 in ogni fase del processo produttivo per garantire che ogni doga per letti piani che porta il nome YuanTuo Wood soddisfi i pi\u00f9 alti standard di resistenza, durata e consistenza. Il nostro impegno costante per la qualit\u00e0 garantisce che riceviate un prodotto che fornisce un supporto affidabile per gli anni a venire, superando le vostre aspettative e garantendovi la massima tranquillit\u00e0.<\/li>\n<li data-immersive-translate-paragraph=\"1\" data-immersive-translate-walked=\"eadfd9ca-4be7-41a2-96ae-2b04d13aac54\"><strong data-immersive-translate-walked=\"eadfd9ca-4be7-41a2-96ae-2b04d13aac54\">Competenza nella personalizzazione per soluzioni su misura:<\/strong>\u00a0Sappiamo che le dimensioni delle reti e i requisiti delle doghe possono variare notevolmente in base alle esigenze e alle preferenze individuali. Per questo motivo offriamo un'ampia gamma di opzioni di personalizzazione, tra cui le dimensioni delle doghe, le specie legnose e le finiture, consentendovi di trovare la soluzione perfetta per le vostre esigenze specifiche e la vostra estetica. Il nostro team di esperti si dedica a fornire soluzioni su misura che soddisfino le vostre esatte specifiche, garantendo un abbinamento perfetto per la vostra rete e il vostro materasso.<\/li>\n<li data-immersive-translate-paragraph=\"1\" data-immersive-translate-walked=\"eadfd9ca-4be7-41a2-96ae-2b04d13aac54\"><strong data-immersive-translate-walked=\"eadfd9ca-4be7-41a2-96ae-2b04d13aac54\">Approvvigionamento sostenibile e responsabilit\u00e0 ambientale:<\/strong>\u00a0Siamo profondamente impegnati in pratiche forestali responsabili e siamo in possesso di certificazioni come FSC (Forest Stewardship Council) e PEFC (Programme for the Endorsement of Forest Certification), che garantiscono che i nostri prodotti in legno provengano da foreste ben gestite e impegnate in pratiche sostenibili. Scegliere YuanTuo Wood significa scegliere un'azienda che d\u00e0 priorit\u00e0 alla sostenibilit\u00e0 ambientale e riduce al minimo la propria impronta ecologica, permettendovi di dormire sonni tranquilli sapendo di aver fatto una scelta responsabile.<\/li>\n<li data-immersive-translate-paragraph=\"1\" data-immersive-translate-walked=\"eadfd9ca-4be7-41a2-96ae-2b04d13aac54\"><strong data-immersive-translate-walked=\"eadfd9ca-4be7-41a2-96ae-2b04d13aac54\">Portata globale, competenza locale e servizio eccezionale:<\/strong>\u00a0Con una presenza globale e una profonda comprensione delle diverse esigenze del mercato, YuanTuo Wood \u00e8 il vostro partner di fiducia per le doghe per letti piani, ovunque vi troviate nel mondo. La nostra vasta rete di distribuzione ci permette di consegnare i nostri prodotti in modo efficiente ai clienti di tutto il mondo, garantendo consegne tempestive e affidabili. Il nostro team dedicato all'assistenza clienti \u00e8 sempre disponibile per fornire assistenza personalizzata, competenza tecnica e garantire la vostra completa soddisfazione durante tutta la vostra esperienza con YuanTuo Wood.<\/li>\n<\/ul>\n<h3 data-immersive-translate-walked=\"eadfd9ca-4be7-41a2-96ae-2b04d13aac54\" data-immersive-translate-paragraph=\"1\">Domande frequenti (FAQ)<\/h3>\n<p data-immersive-translate-walked=\"eadfd9ca-4be7-41a2-96ae-2b04d13aac54\"><strong data-immersive-translate-walked=\"eadfd9ca-4be7-41a2-96ae-2b04d13aac54\" data-immersive-translate-paragraph=\"1\">1. Come si determina la distanza corretta tra le doghe per la rete e il materasso?<\/strong><\/p>\n<p data-immersive-translate-paragraph=\"1\" data-immersive-translate-walked=\"eadfd9ca-4be7-41a2-96ae-2b04d13aac54\">La distanza ideale tra le doghe della rete e del materasso dipende da diversi fattori, tra cui le dimensioni delle doghe, il tipo di materasso (memory foam, lattice, molle interne, ecc.) e il livello di sostegno desiderato. Come linea guida generale, per la maggior parte dei materassi si consiglia una distanza tra le doghe compresa tra 5 e 8 cm. Tuttavia, \u00e8 sempre meglio consultare le linee guida del produttore del materasso per ottenere raccomandazioni specifiche sulla distanza tra le doghe, al fine di garantire un sostegno ottimale, prevenire cedimenti prematuri ed evitare potenziali problemi di garanzia.<\/p>\n<p data-immersive-translate-walked=\"eadfd9ca-4be7-41a2-96ae-2b04d13aac54\"><strong data-immersive-translate-walked=\"eadfd9ca-4be7-41a2-96ae-2b04d13aac54\" data-immersive-translate-paragraph=\"1\">2. Posso utilizzare le doghe per letti piani con qualsiasi tipo di materasso?<\/strong><\/p>\n<p data-immersive-translate-paragraph=\"1\" data-immersive-translate-walked=\"eadfd9ca-4be7-41a2-96ae-2b04d13aac54\">Le doghe per letti piani sono compatibili con un'ampia gamma di tipi di materassi, tra cui quelli in memory foam, in lattice, a molle interne e ibridi. Tuttavia, \u00e8 essenziale assicurarsi che la distanza tra le doghe sia adeguata al tipo di materasso e che le doghe forniscano un sostegno adeguato su tutta la superficie del materasso per evitare cedimenti e mantenere il comfort. Ad esempio, i materassi in memory foam e in lattice possono richiedere una distanza tra le doghe pi\u00f9 ravvicinata rispetto ai materassi a molle per evitare cedimenti e garantire una corretta distribuzione del peso.<\/p>\n<p data-immersive-translate-walked=\"eadfd9ca-4be7-41a2-96ae-2b04d13aac54\"><strong data-immersive-translate-walked=\"eadfd9ca-4be7-41a2-96ae-2b04d13aac54\" data-immersive-translate-paragraph=\"1\">3. Sono necessari strumenti o competenze particolari per installare le doghe per letti piani?<\/strong><\/p>\n<p data-immersive-translate-walked=\"eadfd9ca-4be7-41a2-96ae-2b04d13aac54\" data-immersive-translate-paragraph=\"1\">L'installazione delle doghe per letti piani \u00e8 in genere un processo semplice che richiede strumenti e competenze minime, il che lo rende un compito gestibile per la maggior parte delle persone. La maggior parte delle reti \u00e8 progettata per una facile installazione delle doghe, che spesso consiste nel posizionarle semplicemente all'interno di apposite guide o staffe di supporto. Tuttavia, \u00e8 sempre consigliabile consultare le istruzioni del produttore del telaio del letto per ottenere indicazioni specifiche sull'installazione delle doghe per il modello in questione, al fine di garantire un montaggio sicuro e corretto.<\/p>\n<p data-immersive-translate-walked=\"eadfd9ca-4be7-41a2-96ae-2b04d13aac54\"><strong data-immersive-translate-walked=\"eadfd9ca-4be7-41a2-96ae-2b04d13aac54\" data-immersive-translate-paragraph=\"1\">4. Come posso pulire e mantenere le doghe del mio letto piano per garantirne la durata?<\/strong><\/p>\n<p data-immersive-translate-walked=\"eadfd9ca-4be7-41a2-96ae-2b04d13aac54\" data-immersive-translate-paragraph=\"1\">Una pulizia e una manutenzione regolari possono prolungare notevolmente la durata di vita delle doghe del letto piano, preservandone l'aspetto e le prestazioni per gli anni a venire. Spolverarle regolarmente con un panno morbido e asciutto \u00e8 di solito sufficiente per rimuovere polvere e detriti. Per una pulizia pi\u00f9 accurata, potete inumidire un panno morbido con un detergente delicato per legno, assicurandovi di strizzare l'acqua in eccesso prima di pulire le doghe. Evitare l'uso di prodotti chimici aggressivi, detergenti abrasivi o acqua eccessiva, in quanto possono danneggiare la finitura del legno e potenzialmente indebolire le doghe, compromettendone l'integrit\u00e0 strutturale.<\/p>\n<p data-immersive-translate-walked=\"eadfd9ca-4be7-41a2-96ae-2b04d13aac54\"><strong data-immersive-translate-walked=\"eadfd9ca-4be7-41a2-96ae-2b04d13aac54\" data-immersive-translate-paragraph=\"1\">5. \u00c8 possibile tagliare le doghe del letto piatto per adattarle a un telaio del letto personalizzato?<\/strong><\/p>\n<p data-immersive-translate-walked=\"eadfd9ca-4be7-41a2-96ae-2b04d13aac54\" data-immersive-translate-paragraph=\"1\">S\u00ec, le doghe per letti piani possono essere tagliate su misura per adattarsi a telai di letti personalizzati, offrendo flessibilit\u00e0 per progetti di letti unici e fai-da-te. Tuttavia, \u00e8 fondamentale utilizzare un equipaggiamento di sicurezza adeguato, come occhiali e guanti, quando si tagliano le doghe per proteggersi da potenziali lesioni. Inoltre, assicuratevi che le estremit\u00e0 tagliate siano lisce e prive di schegge per evitare danni al materasso e garantire una superficie di riposo sicura e confortevole. Se non siete sicuri di tagliare le doghe da soli o non avete gli strumenti necessari, \u00e8 meglio consultare un professionista o chiedere assistenza a un ferramenta locale per assicurarsi che il lavoro sia fatto correttamente e in sicurezza.<\/p>","protected":false},"excerpt":{"rendered":"<p>Le doghe per letto piano in legno YuanTuo offrono un supporto durevole e affidabile al materasso. Realizzate con legni duri di prima scelta, come il faggio e la betulla, le nostre doghe favoriscono una circolazione ottimale dell'aria, prevenendo muffe e funghi. Facili da installare e compatibili con diverse strutture letto, sono perfette per case, hotel e progetti fai-da-te. Scegliete YuanTuo Wood per una soluzione di riposo confortevole e sostenibile.<\/p>","protected":false},"featured_media":532,"template":"","meta":{"_kad_blocks_custom_css":"","_kad_blocks_head_custom_js":"","_kad_blocks_body_custom_js":"","_kad_blocks_footer_custom_js":"","_kad_post_transparent":"default","_kad_post_title":"","_kad_post_layout":"default","_kad_post_sidebar_id":"","_kad_post_content_style":"default","_kad_post_vertical_padding":"default","_kad_post_feature":"","_kad_post_feature_position":"","_kad_post_header":false,"_kad_post_footer":false,"_kad_post_classname":""},"product_brand":[],"product_cat":[19],"product_tag":[],"class_list":{"0":"post-565","1":"product","2":"type-product","3":"status-publish","4":"has-post-thumbnail","6":"product_cat-bed-slats","8":"first","9":"instock","10":"shipping-taxable","11":"product-type-simple","12":"entry","13":"content-bg","14":"loop-entry"},"taxonomy_info":{"product_cat":[{"value":19,"label":"Bed Slats"}]},"featured_image_src_large":["https:\/\/yuantuowood.com\/wp-content\/uploads\/2024\/08\/Flat-Bed-Slats-1024x683.jpg",1024,683,true],"author_info":[],"comment_info":"","_links":{"self":[{"href":"https:\/\/yuantuowood.com\/it\/wp-json\/wp\/v2\/product\/565","targetHints":{"allow":["GET"]}}],"collection":[{"href":"https:\/\/yuantuowood.com\/it\/wp-json\/wp\/v2\/product"}],"about":[{"href":"https:\/\/yuantuowood.com\/it\/wp-json\/wp\/v2\/types\/product"}],"wp:featuredmedia":[{"embeddable":true,"href":"https:\/\/yuantuowood.com\/it\/wp-json\/wp\/v2\/media\/532"}],"wp:attachment":[{"href":"https:\/\/yuantuowood.com\/it\/wp-json\/wp\/v2\/media?parent=565"}],"wp:term":[{"taxonomy":"product_brand","embeddable":true,"href":"https:\/\/yuantuowood.com\/it\/wp-json\/wp\/v2\/product_brand?post=565"},{"taxonomy":"product_cat","embeddable":true,"href":"https:\/\/yuantuowood.com\/it\/wp-json\/wp\/v2\/product_cat?post=565"},{"taxonomy":"product_tag","embeddable":true,"href":"https:\/\/yuantuowood.com\/it\/wp-json\/wp\/v2\/product_tag?post=565"}],"curies":[{"name":"wp","href":"https:\/\/api.w.org\/{rel}","templated":true}]}}