{"id":568,"date":"2024-08-27T06:11:45","date_gmt":"2024-08-27T06:11:45","guid":{"rendered":"https:\/\/slats.easiwin.com\/?post_type=product&#038;p=568"},"modified":"2024-10-28T03:31:27","modified_gmt":"2024-10-28T03:31:27","slug":"bespoke-engineered-veneer-lvl-slat","status":"publish","type":"product","link":"https:\/\/yuantuowood.com\/it\/prodotto\/bespoke-engineered-veneer-lvl-slat\/","title":{"rendered":"Doghe in legno impiallacciato LVL"},"content":{"rendered":"<p>Nel dinamico regno dell'edilizia moderna e del design dei mobili, la ricerca di materiali da costruzione che combinino perfettamente resistenza eccezionale, stabilit\u00e0 incrollabile e sostenibilit\u00e0 incrollabile ha raggiunto nuove vette. I prodotti in legno ingegnerizzato sono emersi come forza di trasformazione, rivoluzionando le pratiche edilizie tradizionali e offrendo caratteristiche prestazionali superiori rispetto al legname massiccio tradizionale. Tra questa nuova generazione di materiali da costruzione, le doghe Engineered Veneer LVL (Laminated Veneer Lumber) rappresentano un faro di innovazione, apprezzate per la loro qualit\u00e0 ineguagliabile, la notevole versatilit\u00e0 e l'intrinseca ecocompatibilit\u00e0. Queste meraviglie ingegneristiche stanno ridisegnando il modo in cui ci approcciamo all'edilizia, fornendo ad architetti, costruttori e progettisti una soluzione affidabile, ad alte prestazioni e sostenibile per una vasta gamma di applicazioni.<\/p>\n<h3>Cosa sono le doghe LVL in legno impiallacciato?<\/h3>\n<p>Impiallacciatura ingegnerizzata <a href=\"https:\/\/en.wikipedia.org\/wiki\/Laminated_veneer_lumber\" target=\"_blank\" rel=\"noopener\">LVL<\/a> Le doghe rappresentano l'apice della moderna ingegneria del legno, meticolosamente realizzate per offrire una combinazione ineguagliabile di resistenza, stabilit\u00e0 e consistenza. Il loro processo di produzione \u00e8 una testimonianza di precisione e innovazione e prevede la stratificazione di sottili impiallacciature di legno di alta qualit\u00e0, disposte meticolosamente con un orientamento parallelo delle venature per massimizzare la resistenza e la stabilit\u00e0. Questi strati vengono poi incollati tra loro con calore e pressione accuratamente controllati, utilizzando adesivi incredibilmente forti e resistenti all'umidit\u00e0. Il risultato \u00e8 una grande billetta continua di legno ingegnerizzato che supera i limiti del legname tradizionale praticamente in ogni aspetto.<\/p>\n<p>Il viaggio di una doga LVL inizia con l'attenta selezione di tronchi di legno duro o di conifere di prima qualit\u00e0, in genere provenienti da foreste gestite in modo sostenibile. Questi tronchi vengono poi sottoposti a un processo di sfogliatura rotativa, che li trasforma efficacemente in sottili fogli di impiallacciatura, riducendo al minimo gli scarti e massimizzando l'uso di preziose risorse di legno. Dopo la pelatura, i fogli di impiallacciatura vengono sottoposti a un rigoroso processo di classificazione e selezione per garantire che solo le impiallacciature di qualit\u00e0 pi\u00f9 elevata, prive di difetti, vengano selezionate per la produzione di LVL. Queste impiallacciature meticolosamente scelte vengono poi stratificate con precisione in un orientamento a grana parallela e incollate insieme con calore e pressione ottimali per creare il prodotto finale di doghe LVL.<\/p>\n<h3>Doghe LVL impiallacciate: Specifiche tecniche<\/h3>\n<div style=\"overflow-x: auto;\">\n<table>\n<tbody>\n<tr>\n<td><strong>Caratteristica<\/strong><\/td>\n<td><strong>Descrizione<\/strong><\/td>\n<\/tr>\n<tr>\n<td>Specie di legno<\/td>\n<td>\n<div>\n<div>Betulla\/Piphero\/Eucalipto<\/div>\n<\/div>\n<\/td>\n<\/tr>\n<tr>\n<td>Propriet\u00e0<\/td>\n<td>\n<div>\n<div>Eccezionale rapporto resistenza\/peso, stabilit\u00e0 dimensionale superiore, qualit\u00e0 costante in tutto il materiale, eccezionale resistenza alla deformazione, alla torsione e all'incurvamento, eccellente capacit\u00e0 di tenuta dei dispositivi di fissaggio e prestazioni strutturali prevedibili.<\/div>\n<\/div>\n<\/td>\n<\/tr>\n<tr>\n<td>Finitura superficiale<\/td>\n<td>\n<div>\n<div>Con impiallacciatura ingegnerizzata<\/div>\n<\/div>\n<\/td>\n<\/tr>\n<tr>\n<td>Tipo<\/td>\n<td>\n<div>\n<div>Appartamento\/ R4000\/ R8000<\/div>\n<\/div>\n<\/td>\n<\/tr>\n<tr>\n<td>Dimensioni<\/td>\n<td>\n<div>\n<div>Lunghezza: 550-1750 mm<br \/>\nLarghezza: 25-170 mm<br \/>\nSpessore: 6-20 mm<\/div>\n<\/div>\n<\/td>\n<\/tr>\n<tr>\n<td>Grado di colla<\/td>\n<td>E0, E1<\/td>\n<\/tr>\n<tr>\n<td>Contenuto di umidit\u00e0<\/td>\n<td>8-14%<\/td>\n<\/tr>\n<tr>\n<td>Certificato<\/td>\n<td>\n<div>\n<div>FSC\/ CARB P2\/ EPA<\/div>\n<\/div>\n<\/td>\n<\/tr>\n<\/tbody>\n<\/table>\n<\/div>\n<h3>Applicazioni delle doghe LVL con impiallacciatura ingegnerizzata<\/h3>\n<p>L'eccezionale versatilit\u00e0 e le notevoli caratteristiche prestazionali delle doghe LVL Engineered Veneer ne hanno favorito l'adozione in una vasta gamma di applicazioni, tra cui:<\/p>\n<ul>\n<li><strong>Telaio strutturale:<\/strong>\u00a0Le doghe LVL sono diventate lo standard di riferimento per componenti strutturali critici come travi, testate, travetti, travicelli e colonne. L'elevato rapporto resistenza\/peso, l'eccezionale stabilit\u00e0 dimensionale e la superiore resistenza alla deformazione, alla torsione e all'inarcamento ne fanno la scelta ideale per le applicazioni strutturali pi\u00f9 impegnative, dove affidabilit\u00e0 e prestazioni a lungo termine sono fondamentali.<\/li>\n<li><strong>Componenti di finestre e porte:<\/strong>\u00a0La stabilit\u00e0 dimensionale e l'integrit\u00e0 strutturale delle doghe LVL le rendono particolarmente adatte alla costruzione di finestre e porte. Vengono comunemente utilizzate per testate, davanzali e stipiti, fornendo una struttura robusta e stabile che assicura un funzionamento regolare e prestazioni durature, anche in condizioni ambientali difficili.<\/li>\n<li><strong>Costruzione di mobili:<\/strong>\u00a0L'industria del mobile ha abbracciato le doghe LVL per la loro capacit\u00e0 di creare mobili forti, stabili ed esteticamente gradevoli. Dalle robuste strutture di sedie e tavoli ai robusti supporti per letti e alle scaffalature durevoli, le doghe in LVL costituiscono la spina dorsale di mobili costruiti per durare nel tempo.<\/li>\n<li><strong>Imballaggio e imballaggio:<\/strong>\u00a0Quando si tratta di imballaggi pesanti e di applicazioni di imballaggio, le doghe LVL offrono la forza, la durata e la resistenza all'umidit\u00e0 necessarie per proteggere le merci preziose durante il trasporto e lo stoccaggio. La loro capacit\u00e0 di resistere agli urti e alle intemperie li rende ideali per gli ambienti di spedizione pi\u00f9 difficili.<\/li>\n<li><strong>Ponteggi e casseforme:<\/strong>\u00a0L'industria edile si affida molto alla capacit\u00e0 di carico e alla resistenza all'umidit\u00e0 delle doghe LVL per le impalcature e le casseforme per calcestruzzo. La loro forza e stabilit\u00e0 intrinseca garantiscono una piattaforma di lavoro sicura e affidabile per le squadre di costruzione, mentre la loro resistenza all'umidit\u00e0 permette loro di sopportare i rigori dei cantieri all'aperto.<\/li>\n<li><strong>Industria dei trasporti:<\/strong>\u00a0Le doghe LVL sono sempre pi\u00f9 utilizzate nel settore dei trasporti, in particolare nella costruzione di pavimentazioni per camion e rimorchi. L'elevato rapporto forza-peso, la durata e la resistenza all'usura li rendono ideali per sopportare i carichi pesanti e l'uso frequente.<\/li>\n<\/ul>\n<h3>Vantaggi delle doghe in LVL con impiallacciatura ingegnerizzata<\/h3>\n<p>Le doghe Engineered Veneer LVL offrono una serie di vantaggi rispetto al legname tradizionale e ad altri materiali da costruzione, che le rendono una scelta superiore per un'ampia gamma di applicazioni:<\/p>\n<ul>\n<li><strong>Forza e stabilit\u00e0 eccezionali:<\/strong>\u00a0La struttura stratificata dell'impiallacciatura e l'orientamento parallelo delle venature delle doghe LVL danno vita a un prodotto di eccezionale resistenza e stabilit\u00e0 dimensionale, che supera il legno massiccio tradizionale in flessione, tensione e compressione. Questa resistenza e stabilit\u00e0 superiori consentono di ottenere campate pi\u00f9 lunghe, un uso ridotto di materiale e una maggiore flessibilit\u00e0 progettuale.<\/li>\n<li><strong>Coerenza incrollabile:<\/strong>\u00a0A differenza del legno naturale, che presenta una variabilit\u00e0 intrinseca nella sua resistenza e stabilit\u00e0, le doghe LVL sono prodotte secondo standard precisi, garantendo qualit\u00e0 e prestazioni costanti da una doga all'altra. Questa prevedibilit\u00e0 \u00e8 fondamentale per le applicazioni strutturali in cui l'affidabilit\u00e0 \u00e8 fondamentale.<\/li>\n<li><strong>Resistenza alla deformazione, alla torsione e all'incurvamento:<\/strong>\u00a0Le doghe LVL presentano un'eccezionale resistenza alla deformazione, alla torsione e all'inarcamento, problemi comuni al legname tradizionale dovuti alle fluttuazioni di umidit\u00e0 e alle sollecitazioni interne. Questa stabilit\u00e0 dimensionale garantisce l'integrit\u00e0 strutturale a lungo termine, riduce al minimo i costosi richiami e gli sprechi di materiale.<\/li>\n<li><strong>Disponibilit\u00e0 in taglie grandi:<\/strong>\u00a0Le doghe LVL possono essere prodotte in dimensioni significativamente pi\u00f9 grandi rispetto al legname tradizionale, consentendo campate pi\u00f9 ampie, una minore necessit\u00e0 di giunti e una maggiore flessibilit\u00e0 progettuale. Ci\u00f2 \u00e8 particolarmente vantaggioso per i progetti su larga scala e per le applicazioni in cui \u00e8 essenziale un supporto strutturale ininterrotto.<\/li>\n<li><strong>Rispettoso dell'ambiente:<\/strong>\u00a0Le doghe LVL Engineered Veneer offrono una scelta di materiale da costruzione sostenibile, poich\u00e9 sono prodotte con risorse di legno provenienti da fonti sostenibili. L'uso efficiente del legno nel processo di sfogliatura riduce al minimo gli scarti e la pressione sulle foreste.<\/li>\n<\/ul>\n<h3>Doghe LVL con impiallacciatura ingegnerizzata vs. legname tradizionale<\/h3>\n<table>\n<thead>\n<tr>\n<th>Caratteristica<\/th>\n<th>Doghe in legno impiallacciato LVL<\/th>\n<th>Legname tradizionale<\/th>\n<\/tr>\n<\/thead>\n<tbody>\n<tr>\n<td><strong>La forza<\/strong><\/td>\n<td>Rapporto resistenza\/peso significativamente pi\u00f9 elevato, che consente di ottenere campate pi\u00f9 lunghe e di ridurre l'impiego di materiale.<\/td>\n<td>Rapporto resistenza\/peso pi\u00f9 basso, che limita le lunghezze delle campate e richiede pi\u00f9 materiale<\/td>\n<\/tr>\n<tr>\n<td><strong>Stabilit\u00e0<\/strong><\/td>\n<td>Eccezionale stabilit\u00e0 dimensionale, resiste alle deformazioni, alle torsioni e agli incurvamenti nel tempo.<\/td>\n<td>Suscettibile a deformazioni, torsioni e incurvamenti dovuti alle fluttuazioni di umidit\u00e0 e alle sollecitazioni interne.<\/td>\n<\/tr>\n<tr>\n<td><strong>Coerenza<\/strong><\/td>\n<td>Qualit\u00e0 e prestazioni costanti da una doga all'altra grazie a processi di produzione controllati.<\/td>\n<td>Variabilit\u00e0 intrinseca di resistenza e stabilit\u00e0 dovuta alle caratteristiche naturali del legno.<\/td>\n<\/tr>\n<tr>\n<td><strong>Dimensioni Disponibilit\u00e0<\/strong><\/td>\n<td>Disponibili in dimensioni maggiori, riducono la necessit\u00e0 di giunzioni e aumentano la flessibilit\u00e0 di progettazione.<\/td>\n<td>Limitato dalle dimensioni dell'albero, che richiede giunti per campate pi\u00f9 grandi e limita le opzioni di progettazione.<\/td>\n<\/tr>\n<tr>\n<td><strong>Costo<\/strong><\/td>\n<td>Costo iniziale generalmente pi\u00f9 elevato, ma spesso compensato dalla riduzione dei costi di manodopera e materiali nel lungo periodo, grazie alla maggiore efficienza e alla riduzione degli scarti.<\/td>\n<td>In genere il costo iniziale \u00e8 inferiore, ma nel tempo pu\u00f2 comportare costi di manodopera e materiali pi\u00f9 elevati a causa dell'aumento dei requisiti di materiale, degli scarti e del potenziale di richiami.<\/td>\n<\/tr>\n<tr>\n<td><strong>Sostenibilit\u00e0<\/strong><\/td>\n<td>Pi\u00f9 sostenibile grazie all'uso efficiente delle risorse di legname, all'utilizzo di legno di provenienza sostenibile e alla ridotta produzione di rifiuti.<\/td>\n<td>Meno sostenibile a causa della potenziale produzione di rifiuti e della dipendenza da pratiche di raccolta non sostenibili.<\/td>\n<\/tr>\n<\/tbody>\n<\/table>\n<h3>Perch\u00e9 scegliere il legno YuanTuo per le doghe LVL impiallacciate?<\/h3>\n<p>Nel panorama competitivo dei prodotti in legno ingegnerizzato, YuanTuo Wood si distingue come faro di qualit\u00e0, innovazione e impegno verso il cliente. Le nostre doghe Engineered Veneer LVL incarnano questi valori fondamentali, offrendo una soluzione costruttiva di qualit\u00e0 superiore di cui ci si pu\u00f2 fidare per i progetti pi\u00f9 impegnativi. Ecco perch\u00e9 i costruttori, gli architetti e i progettisti pi\u00f9 esigenti di tutto il mondo scelgono <a href=\"https:\/\/yuantuowood.com\/it\/about-us\/\">Yuantuo Wood<\/a>:<\/p>\n<ul>\n<li><strong>Qualit\u00e0 senza compromessi:<\/strong>\u00a0Per YuanTuo Wood la qualit\u00e0 non \u00e8 solo un obiettivo, ma un impegno costante che permea ogni aspetto della nostra attivit\u00e0. Iniziamo con la selezione di impiallacciature di prima qualit\u00e0 provenienti da foreste gestite in modo responsabile e impieghiamo processi di produzione all'avanguardia per garantire che le nostre doghe LVL soddisfino o superino costantemente i pi\u00f9 severi standard industriali in termini di resistenza, stabilit\u00e0 e prestazioni.<\/li>\n<li><strong>Opzioni di personalizzazione su misura:<\/strong>\u00a0Sappiamo che ogni progetto \u00e8 unico, con requisiti specifici e considerazioni di design. Ecco perch\u00e9 offriamo una gamma completa di opzioni di personalizzazione per le nostre doghe LVL Engineered Veneer. Che si tratti di dimensioni, qualit\u00e0, trattamenti o finiture specifiche, il nostro team di esperti lavorer\u00e0 a stretto contatto con voi per fornirvi un prodotto che soddisfi esattamente le vostre specifiche di progetto.<\/li>\n<li><strong>Competenza tecnica senza pari:<\/strong>\u00a0Il nostro team \u00e8 composto da professionisti del settore, tra cui ingegneri esperti, scienziati del legno e specialisti tecnici, che possiedono una profonda conoscenza dei prodotti in legno ingegnerizzato e delle loro applicazioni. Siamo prontamente disponibili a fornire un supporto tecnico esperto e una guida per tutto il ciclo di vita del progetto, dalle consulenze iniziali di progettazione e selezione dei prodotti all'assistenza per l'installazione in loco e la risoluzione dei problemi.<\/li>\n<li><strong>La gestione delle nostre foreste:<\/strong>\u00a0Noi di YuanTuo Wood crediamo nell'essere amministratori responsabili delle preziose risorse del nostro pianeta&amp;#8217. Siamo profondamente impegnati nelle pratiche forestali sostenibili e nell'approvvigionamento responsabile, garantendo che il legno che utilizziamo provenga da foreste ben gestite e raccolte in modo responsabile dal punto di vista ambientale. Il nostro impegno per la sostenibilit\u00e0 si estende a tutte le nostre attivit\u00e0, dall'approvvigionamento alla produzione, riducendo al minimo l'impatto ambientale in ogni fase.<\/li>\n<li><strong>Prezzi e valore competitivi:<\/strong>\u00a0Crediamo che i prodotti in legno ingegnerizzato di alta qualit\u00e0 debbano essere accessibili a tutti, non solo a pochi eletti. Per questo motivo offriamo prezzi competitivi sulle nostre doghe in legno impiallacciato senza compromettere la qualit\u00e0, le prestazioni o la sostenibilit\u00e0 che contraddistinguono il nostro marchio. Ci impegniamo a fornire ai nostri clienti il miglior valore possibile, offrendo prodotti eccezionali a un prezzo equo e competitivo.<\/li>\n<\/ul>\n<h3>Domande frequenti (FAQ)<\/h3>\n<p><strong>1. Quali sono i principali vantaggi dell'utilizzo di doghe in LVL rispetto alle travi in legno massiccio nelle applicazioni strutturali e in che modo questi vantaggi si traducono in benefici reali per i costruttori e i proprietari di case?<\/strong><\/p>\n<p>Le doghe in LVL offrono diversi vantaggi rispetto alle travi in legno massiccio nelle applicazioni strutturali. In primo luogo, le doghe in LVL presentano un rapporto resistenza\/peso significativamente pi\u00f9 elevato, il che significa che possono sostenere carichi pi\u00f9 pesanti a campate pi\u00f9 lunghe, utilizzando meno materiale. Questo si traduce in vantaggi concreti per i costruttori, tra cui una riduzione dei costi dei materiali, tempi di installazione pi\u00f9 rapidi e una maggiore flessibilit\u00e0 progettuale. Per i proprietari di casa, si tratta di strutture pi\u00f9 solide e stabili, meno soggette a problemi come il cedimento dei pavimenti o la rottura dei soffitti.<\/p>\n<p>In secondo luogo, le doghe LVL sono molto pi\u00f9 stabili dal punto di vista dimensionale rispetto al legno massiccio, resistendo a deformazioni, torsioni e incurvamenti nel tempo. Questa stabilit\u00e0 garantisce un'integrit\u00e0 strutturale a lungo termine, riducendo al minimo il rischio di costosi richiami per i costruttori e offrendo ai proprietari di casa la tranquillit\u00e0 di sapere che le loro case sono costruite per durare.<\/p>\n<p>Infine, le doghe LVL sono prodotte secondo standard rigorosi, garantendo qualit\u00e0 e prestazioni costanti da una doga all'altra, a differenza della variabilit\u00e0 intrinseca del legno naturale. Questa prevedibilit\u00e0 semplifica il processo di progettazione per i costruttori e garantisce un livello superiore di qualit\u00e0 e coerenza nella struttura finale per i proprietari di casa.<\/p>\n<p><strong>2. Le doghe Engineered Veneer LVL sono adatte per applicazioni esterne, dove potrebbero essere esposte all'umidit\u00e0 e agli agenti atmosferici, o sono consigliate principalmente per l'uso interno?<\/strong><\/p>\n<p>Sebbene le doghe Engineered Veneer LVL offrano una buona resistenza intrinseca all'umidit\u00e0 rispetto al legname tradizionale, sono tipicamente consigliate per applicazioni interne in cui non sono direttamente esposte alle intemperie. L'esposizione prolungata all'umidit\u00e0 pu\u00f2 provocare rigonfiamenti, marciumi e altri danni legati all'umidit\u00e0.<\/p>\n<p>Tuttavia, per le applicazioni esterne in cui le doghe LVL sarebbero esposte all'umidit\u00e0 e agli agenti atmosferici, \u00e8 fondamentale consultare il nostro team tecnico per discutere i trattamenti e le misure protettive appropriate. Possiamo consigliare trattamenti e rivestimenti specifici che possono migliorare la resistenza agli agenti atmosferici delle doghe LVL, rendendole adatte a determinate applicazioni esterne.<\/p>\n<p><strong>3. Qual \u00e8 la durata di vita tipica delle doghe Engineered Veneer LVL se installate e mantenute correttamente e quali fattori possono influenzare la loro longevit\u00e0?<\/strong><\/p>\n<p>Le doghe LVL Engineered Veneer, se installate e mantenute correttamente, possono fornire decenni di prestazioni strutturali affidabili. La loro eccezionale forza, stabilit\u00e0 e resistenza al deterioramento garantiscono una lunga durata, rendendole un saggio investimento per qualsiasi progetto edilizio.<\/p>\n<p>Diversi fattori possono influenzare la durata di vita delle doghe LVL, tra cui:<\/p>\n<ul>\n<li><strong>Qualit\u00e0 dell'installazione:<\/strong>\u00a0Una corretta installazione \u00e8 fondamentale per garantire le prestazioni a lungo termine delle doghe LVL. Le doghe devono essere installate secondo le raccomandazioni del produttore, utilizzando fissaggi e tecniche appropriate.<\/li>\n<li><strong>Condizioni ambientali:<\/strong>\u00a0Le doghe LVL danno il meglio di s\u00e9 in ambienti asciutti e a temperatura controllata. L'esposizione prolungata all'umidit\u00e0, alle temperature estreme o ai raggi UV pu\u00f2 ridurne la durata.<\/li>\n<li><strong>Manutenzione:<\/strong>\u00a0Un'ispezione e una manutenzione regolari possono aiutare a identificare e risolvere tempestivamente i potenziali problemi, prolungando la durata di vita delle doghe LVL.<\/li>\n<\/ul>\n<p><strong>4. \u00c8 possibile tagliare e sagomare le doghe Engineered Veneer LVL in loco utilizzando strumenti standard per la lavorazione del legno, oppure sono necessarie attrezzature e competenze specifiche?<\/strong><\/p>\n<p>S\u00ec, le doghe in legno impiallacciato possono essere tagliate e sagomate in loco utilizzando strumenti standard per la lavorazione del legno, come seghe circolari, seghetti alternativi e trapani. Tuttavia, \u00e8 fondamentale seguire le corrette precauzioni di sicurezza e utilizzare lame da taglio appropriate, progettate specificamente per i prodotti in legno ingegnerizzato.<\/p>\n<p>Il nostro team tecnico \u00e8 in grado di fornire indicazioni sulle tecniche di taglio consigliate, sulle misure di sicurezza e sulla scelta appropriata delle lame per garantire modifiche in loco sicure ed efficienti.<\/p>\n<p><strong>5. YuanTuo Wood offre servizi di assistenza tecnica per assistere architetti, costruttori e progettisti nella progettazione, nelle specifiche e nell'installazione delle sue doghe Engineered Veneer LVL?<\/strong><\/p>\n<p>Assolutamente! Noi di YuanTuo Wood crediamo nella possibilit\u00e0 di fornire un'assistenza completa ai nostri stimati clienti. Il nostro team di ingegneri e tecnici esperti \u00e8 prontamente disponibile per fornire una guida esperta e un supporto durante l'intero ciclo di vita del progetto, dalle consulenze iniziali di progettazione e selezione dei prodotti all'assistenza per l'installazione in loco e la risoluzione dei problemi.<\/p>\n<p>Possiamo fornire assistenza per:<\/p>\n<ul>\n<li><strong>Selezione del prodotto:<\/strong>\u00a0Aiutarvi a scegliere il prodotto a doghe LVL pi\u00f9 adatto alla vostra applicazione specifica e ai vostri requisiti di progettazione.<\/li>\n<li><strong>Assistenza alla progettazione:<\/strong>\u00a0Fornire assistenza tecnica e supporto durante la fase di progettazione, compresi i calcoli di carico, le tabelle delle campate e i dettagli dei collegamenti.<\/li>\n<li><strong>Guida all'installazione:<\/strong>\u00a0Offrire assistenza per l'installazione in loco o a distanza per garantire tecniche di installazione corrette e risolvere eventuali problemi tecnici.<\/li>\n<li><strong>Risoluzione dei problemi:<\/strong>\u00a0Assistenza per qualsiasi problema tecnico o domanda che possa sorgere durante o dopo l'installazione.<\/li>\n<\/ul>","protected":false},"excerpt":{"rendered":"<p>Le doghe LVL Engineered Veneer sono una soluzione costruttiva ad alta resistenza, stabile e sostenibile, ideale per un'ampia gamma di applicazioni strutturali e di design. Realizzate con impiallacciature di legno stratificate, offrono un eccezionale rapporto forza-peso, stabilit\u00e0 dimensionale e resistenza alla deformazione, alla torsione e all'incurvamento. Ideali per travi, testate, travetti, mobili e altro ancora, le doghe LVL offrono prestazioni e sostenibilit\u00e0 superiori rispetto al legname tradizionale.<\/p>","protected":false},"featured_media":531,"template":"","meta":{"_kad_blocks_custom_css":"","_kad_blocks_head_custom_js":"","_kad_blocks_body_custom_js":"","_kad_blocks_footer_custom_js":"","_kad_post_transparent":"default","_kad_post_title":"","_kad_post_layout":"default","_kad_post_sidebar_id":"","_kad_post_content_style":"default","_kad_post_vertical_padding":"default","_kad_post_feature":"","_kad_post_feature_position":"","_kad_post_header":false,"_kad_post_footer":false,"_kad_post_classname":""},"product_brand":[],"product_cat":[20],"product_tag":[],"class_list":{"0":"post-568","1":"product","2":"type-product","3":"status-publish","4":"has-post-thumbnail","6":"product_cat-lvl-slats","8":"first","9":"instock","10":"shipping-taxable","11":"product-type-simple","12":"entry","13":"content-bg","14":"loop-entry"},"taxonomy_info":{"product_cat":[{"value":20,"label":"LVL Slats"}]},"featured_image_src_large":["https:\/\/yuantuowood.com\/wp-content\/uploads\/2024\/08\/Engineered-Veneer-LVL-Slats-1024x683.jpg",1024,683,true],"author_info":[],"comment_info":"","_links":{"self":[{"href":"https:\/\/yuantuowood.com\/it\/wp-json\/wp\/v2\/product\/568","targetHints":{"allow":["GET"]}}],"collection":[{"href":"https:\/\/yuantuowood.com\/it\/wp-json\/wp\/v2\/product"}],"about":[{"href":"https:\/\/yuantuowood.com\/it\/wp-json\/wp\/v2\/types\/product"}],"wp:featuredmedia":[{"embeddable":true,"href":"https:\/\/yuantuowood.com\/it\/wp-json\/wp\/v2\/media\/531"}],"wp:attachment":[{"href":"https:\/\/yuantuowood.com\/it\/wp-json\/wp\/v2\/media?parent=568"}],"wp:term":[{"taxonomy":"product_brand","embeddable":true,"href":"https:\/\/yuantuowood.com\/it\/wp-json\/wp\/v2\/product_brand?post=568"},{"taxonomy":"product_cat","embeddable":true,"href":"https:\/\/yuantuowood.com\/it\/wp-json\/wp\/v2\/product_cat?post=568"},{"taxonomy":"product_tag","embeddable":true,"href":"https:\/\/yuantuowood.com\/it\/wp-json\/wp\/v2\/product_tag?post=568"}],"curies":[{"name":"wp","href":"https:\/\/api.w.org\/{rel}","templated":true}]}}