{"id":561,"date":"2024-08-27T03:36:43","date_gmt":"2024-08-27T03:36:43","guid":{"rendered":"https:\/\/slats.easiwin.com\/?post_type=product&#038;p=561"},"modified":"2024-10-28T03:26:43","modified_gmt":"2024-10-28T03:26:43","slug":"custom-curved-bed-slats-manufacturer","status":"publish","type":"product","link":"https:\/\/yuantuowood.com\/pt\/produto\/custom-curved-bed-slats-manufacturer\/","title":{"rendered":"Ripas de cama curvas"},"content":{"rendered":"<p data-immersive-translate-paragraph=\"1\" data-immersive-translate-walked=\"4ec3e8cb-c4a5-4ec8-9ecf-ed82a1888c4a\">Na procura de uma experi\u00eancia de sono verdadeiramente repousante e rejuvenescedora, todos os elementos do seu sistema de sono s\u00e3o importantes. Embora os colch\u00f5es sejam frequentemente o centro das aten\u00e7\u00f5es, a ripa da cama, muitas vezes esquecida, desempenha um papel crucial no fornecimento de um suporte adequado e no aumento do conforto. Curvo <a href=\"https:\/\/en.wikipedia.org\/wiki\/Bed_base\" target=\"_blank\" rel=\"noopener\">ripa de cama<\/a>s, com o seu design ergon\u00f3mico e a sua capacidade de se adaptarem \u00e0s curvas naturais do corpo, surgiram como uma escolha superior para os dorminhocos mais exigentes que procuram o m\u00e1ximo em conforto e alinhamento da coluna vertebral. Este guia completo investiga o mundo das ripas de cama curvas, explorando os seus benef\u00edcios, aplica\u00e7\u00f5es e a raz\u00e3o pela qual a YuanTuo Wood se destaca como um dos principais fornecedores destas solu\u00e7\u00f5es inovadoras para o sono.<\/p>\n<h3 data-immersive-translate-walked=\"4ec3e8cb-c4a5-4ec8-9ecf-ed82a1888c4a\"><strong data-immersive-translate-walked=\"4ec3e8cb-c4a5-4ec8-9ecf-ed82a1888c4a\" data-immersive-translate-paragraph=\"1\">O que s\u00e3o ripas de cama curvas?<\/strong><\/h3>\n<p data-immersive-translate-walked=\"4ec3e8cb-c4a5-4ec8-9ecf-ed82a1888c4a\" data-immersive-translate-paragraph=\"1\">Imagine uma s\u00e9rie de ripas de madeira meticulosamente trabalhadas, suavemente curvadas para imitar os contornos naturais da sua coluna vertebral. Ao contr\u00e1rio das ripas planas tradicionais, as ripas de cama curvadas oferecem um sistema de apoio mais din\u00e2mico e reativo. Este design \u00fanico permite que as ripas se flexionem e se ajustem ao peso e aos movimentos do corpo durante a noite, aliviando a press\u00e3o e promovendo o alinhamento correto da coluna vertebral. O resultado \u00e9 uma experi\u00eancia de sono extremamente confort\u00e1vel e prop\u00edcia a umas costas e coluna vertebral saud\u00e1veis.<\/p>\n<h3 data-immersive-translate-walked=\"4ec3e8cb-c4a5-4ec8-9ecf-ed82a1888c4a\"><strong data-immersive-translate-walked=\"4ec3e8cb-c4a5-4ec8-9ecf-ed82a1888c4a\" data-immersive-translate-paragraph=\"1\">Compreender as ripas curvas da cama: Carater\u00edsticas principais<\/strong><\/h3>\n<div style=\"overflow-x: auto;\">\n<table>\n<tbody>\n<tr>\n<td><strong>Carater\u00edstica<\/strong><\/td>\n<td><strong>Descri\u00e7\u00e3o<\/strong><\/td>\n<\/tr>\n<tr>\n<td>Esp\u00e9cies de madeira<\/td>\n<td>\n<div>\n<div>Vidoeiro\/Poplar\/Eucalipto<\/div>\n<\/div>\n<\/td>\n<\/tr>\n<tr>\n<td>Propriedades<\/td>\n<td>\n<div>\n<div>Fortes, leves, flex\u00edveis, dur\u00e1veis, resistentes ao empenamento e \u00e0 fissura\u00e7\u00e3o, sustent\u00e1veis (provenientes de florestas geridas de forma respons\u00e1vel), absorventes de choques, excelentes propriedades de distribui\u00e7\u00e3o do peso, promovem a circula\u00e7\u00e3o do ar - Estas propriedades combinadas fazem das ripas de cama curvas uma escolha superior para uma vasta gama de aplica\u00e7\u00f5es.<\/div>\n<\/div>\n<\/td>\n<\/tr>\n<tr>\n<td>Acabamento da superf\u00edcie<\/td>\n<td>\n<div>\n<div>Natural \/ Com papel decorativo<\/div>\n<\/div>\n<\/td>\n<\/tr>\n<tr>\n<td>Tipo<\/td>\n<td>R4000\/R8000<\/td>\n<\/tr>\n<tr>\n<td>Dimens\u00f5es<\/td>\n<td>\n<div>\n<div>Comprimento:550-1750mm<br \/>\nLargura:25-170mm<br \/>\nEspessura:6-20mm<\/div>\n<\/div>\n<\/td>\n<\/tr>\n<tr>\n<td>Grau de cola<\/td>\n<td>E0, E1<\/td>\n<\/tr>\n<tr>\n<td>Teor de humidade<\/td>\n<td>8-14%<\/td>\n<\/tr>\n<tr>\n<td>Certificado<\/td>\n<td>\n<div>\n<div>FSC\/ CARB P2\/ EPA<\/div>\n<\/div>\n<\/td>\n<\/tr>\n<\/tbody>\n<\/table>\n<\/div>\n<h3 data-immersive-translate-walked=\"4ec3e8cb-c4a5-4ec8-9ecf-ed82a1888c4a\"><strong data-immersive-translate-walked=\"4ec3e8cb-c4a5-4ec8-9ecf-ed82a1888c4a\" data-immersive-translate-paragraph=\"1\">Aplica\u00e7\u00f5es de ripas de cama curvas: Aumentar o conforto em todos os sectores<\/strong><\/h3>\n<p data-immersive-translate-walked=\"4ec3e8cb-c4a5-4ec8-9ecf-ed82a1888c4a\" data-immersive-translate-paragraph=\"1\">As vantagens \u00fanicas das ripas de cama curvas levaram \u00e0 sua ado\u00e7\u00e3o generalizada em v\u00e1rias ind\u00fastrias, transcendendo o dom\u00ednio do mobili\u00e1rio dom\u00e9stico tradicional:<\/p>\n<ul data-immersive-translate-walked=\"4ec3e8cb-c4a5-4ec8-9ecf-ed82a1888c4a\">\n<li data-immersive-translate-walked=\"4ec3e8cb-c4a5-4ec8-9ecf-ed82a1888c4a\" data-immersive-translate-paragraph=\"1\"><strong data-immersive-translate-walked=\"4ec3e8cb-c4a5-4ec8-9ecf-ed82a1888c4a\">Mobili\u00e1rio dom\u00e9stico:<\/strong>\u00a0Desde est\u00fadios minimalistas a luxuosas suites principais, as ripas de cama curvas elevam o conforto e o apoio das camas em casas de todos os estilos. A sua adaptabilidade a v\u00e1rios designs e dimens\u00f5es de estruturas de cama torna-as uma escolha procurada por quem procura uma experi\u00eancia de sono superior.<\/li>\n<li data-immersive-translate-walked=\"4ec3e8cb-c4a5-4ec8-9ecf-ed82a1888c4a\" data-immersive-translate-paragraph=\"1\"><strong data-immersive-translate-walked=\"4ec3e8cb-c4a5-4ec8-9ecf-ed82a1888c4a\">Hotelaria e restaura\u00e7\u00e3o:<\/strong>\u00a0O sector da hotelaria prospera ao proporcionar aos h\u00f3spedes um conforto excecional e experi\u00eancias memor\u00e1veis. As ripas de cama curvas, com a sua capacidade de melhorar a qualidade do sono e promover o relaxamento, est\u00e3o a tornar-se cada vez mais populares em hot\u00e9is, est\u00e2ncias e alojamentos boutique, aumentando a satisfa\u00e7\u00e3o dos h\u00f3spedes e promovendo cr\u00edticas positivas.<\/li>\n<li data-immersive-translate-paragraph=\"1\" data-immersive-translate-walked=\"4ec3e8cb-c4a5-4ec8-9ecf-ed82a1888c4a\"><strong data-immersive-translate-walked=\"4ec3e8cb-c4a5-4ec8-9ecf-ed82a1888c4a\">Cuidados de sa\u00fade e reabilita\u00e7\u00e3o:<\/strong>\u00a0Em ambientes de cuidados de sa\u00fade, onde o conforto e o bem-estar do doente s\u00e3o fundamentais, as ripas de cama curvas oferecem uma s\u00e9rie de benef\u00edcios. O seu design ergon\u00f3mico pode ajudar a aliviar os pontos de press\u00e3o, promover a postura correta e melhorar a circula\u00e7\u00e3o sangu\u00ednea, tornando-as adequadas para camas de hospital, centros de reabilita\u00e7\u00e3o e instala\u00e7\u00f5es de vida assistida.<\/li>\n<li data-immersive-translate-paragraph=\"1\" data-immersive-translate-walked=\"4ec3e8cb-c4a5-4ec8-9ecf-ed82a1888c4a\"><strong data-immersive-translate-walked=\"4ec3e8cb-c4a5-4ec8-9ecf-ed82a1888c4a\">Suporte especial para colch\u00f5es:<\/strong>\u00a0As ripas de cama curvas s\u00e3o particularmente adequadas para serem utilizadas com colch\u00f5es especiais, como os que t\u00eam sistemas de apoio por zonas ou os concebidos para estruturas de cama ajust\u00e1veis. A sua capacidade de se adaptar aos contornos destes colch\u00f5es garante um desempenho \u00f3timo e maximiza os benef\u00edcios destes sistemas de sono especializados.<\/li>\n<\/ul>\n<h3 data-immersive-translate-walked=\"4ec3e8cb-c4a5-4ec8-9ecf-ed82a1888c4a\"><strong data-immersive-translate-walked=\"4ec3e8cb-c4a5-4ec8-9ecf-ed82a1888c4a\" data-immersive-translate-paragraph=\"1\">Vantagens da escolha de ripas de cama curvas: Uma experi\u00eancia de sono superior<\/strong><\/h3>\n<p data-immersive-translate-walked=\"4ec3e8cb-c4a5-4ec8-9ecf-ed82a1888c4a\" data-immersive-translate-paragraph=\"1\">As ripas de cama curvas oferecem uma combina\u00e7\u00e3o atraente de benef\u00edcios que as distinguem das ripas planas tradicionais, tornando-as uma escolha superior para pessoas mais exigentes que dormem:<\/p>\n<ul data-immersive-translate-walked=\"4ec3e8cb-c4a5-4ec8-9ecf-ed82a1888c4a\">\n<li data-immersive-translate-walked=\"4ec3e8cb-c4a5-4ec8-9ecf-ed82a1888c4a\" data-immersive-translate-paragraph=\"1\"><strong data-immersive-translate-walked=\"4ec3e8cb-c4a5-4ec8-9ecf-ed82a1888c4a\">Apoio ergon\u00f3mico para o alinhamento da coluna vertebral:<\/strong>\u00a0A carater\u00edstica que define as ripas de cama curvas reside na sua capacidade de se adaptarem \u00e0 curvatura natural da coluna vertebral. Este design ergon\u00f3mico promove o alinhamento correto da coluna vertebral, reduzindo a tens\u00e3o nos m\u00fasculos das costas e nos discos intervertebrais. Ao apoiar as curvas naturais do corpo, as ripas curvas ajudam a aliviar as dores de costas, a reduzir a rigidez e a promover uma postura de sono mais repousante.<\/li>\n<li data-immersive-translate-paragraph=\"1\" data-immersive-translate-walked=\"4ec3e8cb-c4a5-4ec8-9ecf-ed82a1888c4a\"><strong data-immersive-translate-walked=\"4ec3e8cb-c4a5-4ec8-9ecf-ed82a1888c4a\">Al\u00edvio de press\u00e3o melhorado para um sono mais profundo:<\/strong>\u00a0A a\u00e7\u00e3o de flex\u00e3o e contorno suave das ripas curvas da cama proporciona um al\u00edvio direcionado da press\u00e3o, especialmente na regi\u00e3o lombar e em pontos de press\u00e3o como as ancas e os ombros. Ao distribuir o peso do corpo de forma mais homog\u00e9nea pela superf\u00edcie do colch\u00e3o, as ripas curvas minimizam os pontos de press\u00e3o que podem levar a que o corpo se mexa e vire, promovendo um sono mais profundo e repousante.<\/li>\n<li data-immersive-translate-paragraph=\"1\" data-immersive-translate-walked=\"4ec3e8cb-c4a5-4ec8-9ecf-ed82a1888c4a\"><strong data-immersive-translate-walked=\"4ec3e8cb-c4a5-4ec8-9ecf-ed82a1888c4a\">Melhoria da circula\u00e7\u00e3o sangu\u00ednea para o bem-estar geral:<\/strong>\u00a0A natureza din\u00e2mica das ripas curvas da cama, com a sua ligeira elasticidade e capacidade de rea\u00e7\u00e3o ao movimento, tamb\u00e9m pode contribuir para uma melhor circula\u00e7\u00e3o sangu\u00ednea. Ao reduzir a press\u00e3o sobre os vasos sangu\u00edneos, as ripas curvas promovem um fluxo sangu\u00edneo saud\u00e1vel, o que pode beneficiar a sa\u00fade e o bem-estar geral.<\/li>\n<li data-immersive-translate-paragraph=\"1\" data-immersive-translate-walked=\"4ec3e8cb-c4a5-4ec8-9ecf-ed82a1888c4a\"><strong data-immersive-translate-walked=\"4ec3e8cb-c4a5-4ec8-9ecf-ed82a1888c4a\">Melhoria da vida \u00fatil e do desempenho do colch\u00e3o:<\/strong>\u00a0As ripas de cama curvas, com a sua capacidade de distribuir o peso de forma mais uniforme e minimizar os pontos de press\u00e3o, tamb\u00e9m podem contribuir para prolongar a vida \u00fatil do seu colch\u00e3o. Ao reduzir o desgaste em \u00e1reas espec\u00edficas do colch\u00e3o, as ripas curvas ajudam a manter a sua forma e apoio ao longo do tempo, garantindo que tira o m\u00e1ximo partido do seu investimento.<\/li>\n<\/ul>\n<h3 data-immersive-translate-walked=\"4ec3e8cb-c4a5-4ec8-9ecf-ed82a1888c4a\"><strong data-immersive-translate-walked=\"4ec3e8cb-c4a5-4ec8-9ecf-ed82a1888c4a\" data-immersive-translate-paragraph=\"1\">Ripas de cama curvas vs. outros materiais: Uma clara vantagem<\/strong><\/h3>\n<p data-immersive-translate-walked=\"4ec3e8cb-c4a5-4ec8-9ecf-ed82a1888c4a\" data-immersive-translate-paragraph=\"1\">Embora sejam utilizados v\u00e1rios materiais para as ripas de cama, as ripas de cama curvas, normalmente fabricadas em madeira dura, oferecem uma vantagem distinta em rela\u00e7\u00e3o \u00e0s op\u00e7\u00f5es alternativas:<\/p>\n<ul data-immersive-translate-walked=\"4ec3e8cb-c4a5-4ec8-9ecf-ed82a1888c4a\">\n<li data-immersive-translate-walked=\"4ec3e8cb-c4a5-4ec8-9ecf-ed82a1888c4a\" data-immersive-translate-paragraph=\"1\"><strong data-immersive-translate-walked=\"4ec3e8cb-c4a5-4ec8-9ecf-ed82a1888c4a\">Madeiras de lei curvas vs. ripas planas:<\/strong>\u00a0O design curvo \u00e9 inerentemente superior \u00e0s ripas planas em termos de apoio ergon\u00f3mico e al\u00edvio da press\u00e3o. Embora as ripas planas ofere\u00e7am um n\u00edvel b\u00e1sico de apoio, n\u00e3o conseguem igualar o contorno din\u00e2mico e a distribui\u00e7\u00e3o de press\u00e3o direcionada proporcionados pelas ripas curvas.<\/li>\n<li data-immersive-translate-paragraph=\"1\" data-immersive-translate-walked=\"4ec3e8cb-c4a5-4ec8-9ecf-ed82a1888c4a\"><strong data-immersive-translate-walked=\"4ec3e8cb-c4a5-4ec8-9ecf-ed82a1888c4a\">Madeira de lei curva vs. ripas met\u00e1licas:<\/strong>\u00a0Embora as ripas met\u00e1licas possam oferecer pre\u00e7os acess\u00edveis, muitas vezes ficam aqu\u00e9m em termos de conforto, ru\u00eddo e durabilidade. O metal pode ser frio, implac\u00e1vel e propenso a ru\u00eddos de rangidos ou rangidos. As ripas curvas de madeira dura, por outro lado, oferecem uma experi\u00eancia de sono mais quente, mais silenciosa e mais confort\u00e1vel.<\/li>\n<li data-immersive-translate-walked=\"4ec3e8cb-c4a5-4ec8-9ecf-ed82a1888c4a\" data-immersive-translate-paragraph=\"1\"><strong data-immersive-translate-walked=\"4ec3e8cb-c4a5-4ec8-9ecf-ed82a1888c4a\">Madeira de lei curva vs. ripas de contraplacado:<\/strong>\u00a0O contraplacado, embora menos dispendioso do que a madeira maci\u00e7a, n\u00e3o tem a resist\u00eancia, a durabilidade e a resili\u00eancia necess\u00e1rias para as ripas de cama curvas. O contraplacado \u00e9 propenso a deformar-se, a ceder e a delaminar, particularmente sob o stress da flex\u00e3o repetida. As ripas curvas de madeira dura, com a sua for\u00e7a superior e resist\u00eancia \u00e0 deforma\u00e7\u00e3o, proporcionam um desempenho duradouro e mant\u00eam a sua forma ao longo do tempo.<\/li>\n<\/ul>\n<h3 data-immersive-translate-walked=\"4ec3e8cb-c4a5-4ec8-9ecf-ed82a1888c4a\"><strong data-immersive-translate-walked=\"4ec3e8cb-c4a5-4ec8-9ecf-ed82a1888c4a\" data-immersive-translate-paragraph=\"1\">Por que escolher a madeira Yuantuo para suas ripas de cama curvas?<\/strong><\/h3>\n<p data-immersive-translate-walked=\"4ec3e8cb-c4a5-4ec8-9ecf-ed82a1888c4a\" data-immersive-translate-paragraph=\"1\">Na YuanTuo Wood, dedicamo-nos a criar a base para uma experi\u00eancia de sono verdadeiramente excecional. As nossas ripas de cama curvadas representam o nosso compromisso com a qualidade, a manufatura e a satisfa\u00e7\u00e3o do cliente. Eis porque \u00e9 que os clientes mais exigentes escolhem <a href=\"https:\/\/yuantuowood.com\/pt\/about-us\/\">Yuantuo Wood<\/a>:<\/p>\n<ul data-immersive-translate-walked=\"4ec3e8cb-c4a5-4ec8-9ecf-ed82a1888c4a\">\n<li data-immersive-translate-walked=\"4ec3e8cb-c4a5-4ec8-9ecf-ed82a1888c4a\" data-immersive-translate-paragraph=\"1\"><strong data-immersive-translate-walked=\"4ec3e8cb-c4a5-4ec8-9ecf-ed82a1888c4a\">Qualidade sem compromissos e engenharia de precis\u00e3o:<\/strong>\u00a0Obtemos apenas as melhores madeiras nobres de florestas geridas de forma sustent\u00e1vel e utilizamos t\u00e9cnicas de fabrico de ponta para garantir que cada ripa curva cumpre os mais elevados padr\u00f5es de precis\u00e3o e durabilidade. Os nossos rigorosos processos de controlo de qualidade garantem que recebe um produto de qualidade e longevidade excepcionais.<\/li>\n<li data-immersive-translate-paragraph=\"1\" data-immersive-translate-walked=\"4ec3e8cb-c4a5-4ec8-9ecf-ed82a1888c4a\"><strong data-immersive-translate-walked=\"4ec3e8cb-c4a5-4ec8-9ecf-ed82a1888c4a\">Especializa\u00e7\u00e3o em personaliza\u00e7\u00e3o para solu\u00e7\u00f5es \u00e0 medida:<\/strong>\u00a0Compreendemos que cada pessoa que dorme \u00e9 \u00fanica, assim como as suas necessidades de apoio. \u00c9 por isso que oferecemos uma vasta gama de op\u00e7\u00f5es de personaliza\u00e7\u00e3o, incluindo as dimens\u00f5es das ripas, o raio da curva, as esp\u00e9cies de madeira e os acabamentos. A nossa equipa experiente pode trabalhar consigo para desenvolver solu\u00e7\u00f5es \u00e0 medida dos seus requisitos espec\u00edficos, garantindo um ajuste perfeito e um desempenho \u00f3timo para a sua aplica\u00e7\u00e3o.<\/li>\n<li data-immersive-translate-paragraph=\"1\" data-immersive-translate-walked=\"4ec3e8cb-c4a5-4ec8-9ecf-ed82a1888c4a\"><strong data-immersive-translate-walked=\"4ec3e8cb-c4a5-4ec8-9ecf-ed82a1888c4a\">Aprovisionamento sustent\u00e1vel e responsabilidade ambiental:<\/strong>\u00a0Estamos empenhados em pr\u00e1ticas florestais respons\u00e1veis e possu\u00edmos certifica\u00e7\u00f5es como o FSC (Forest Stewardship Council) e o PEFC (Programme for the Endorsement of Forest Certification), garantindo que os nossos produtos de madeira prov\u00eam de florestas bem geridas. Escolher a YuanTuo Wood significa escolher uma empresa que d\u00e1 prioridade \u00e0 sustentabilidade ambiental e minimiza a sua pegada ecol\u00f3gica.<\/li>\n<li data-immersive-translate-paragraph=\"1\" data-immersive-translate-walked=\"4ec3e8cb-c4a5-4ec8-9ecf-ed82a1888c4a\"><strong data-immersive-translate-walked=\"4ec3e8cb-c4a5-4ec8-9ecf-ed82a1888c4a\">Alcance global, experi\u00eancia local e servi\u00e7o excecional:<\/strong>\u00a0Com uma presen\u00e7a global e um profundo conhecimento das diversas necessidades do mercado, a YuanTuo Wood \u00e9 o seu parceiro de confian\u00e7a para ripas de cama curvas. A nossa extensa rede de distribui\u00e7\u00e3o permite-nos entregar os nossos produtos de forma eficiente a clientes em todo o mundo. A nossa equipa dedicada de apoio ao cliente est\u00e1 sempre dispon\u00edvel para prestar assist\u00eancia personalizada, conhecimentos t\u00e9cnicos e garantir a sua total satisfa\u00e7\u00e3o.<\/li>\n<\/ul>\n<h3 data-immersive-translate-walked=\"4ec3e8cb-c4a5-4ec8-9ecf-ed82a1888c4a\"><strong data-immersive-translate-walked=\"4ec3e8cb-c4a5-4ec8-9ecf-ed82a1888c4a\" data-immersive-translate-paragraph=\"1\">Perguntas frequentes (FAQ)<\/strong><\/h3>\n<p data-immersive-translate-walked=\"4ec3e8cb-c4a5-4ec8-9ecf-ed82a1888c4a\"><strong data-immersive-translate-walked=\"4ec3e8cb-c4a5-4ec8-9ecf-ed82a1888c4a\" data-immersive-translate-paragraph=\"1\">1. Que tipo de colch\u00e3o \u00e9 mais adequado para as ripas curvas da cama?<\/strong><\/p>\n<p data-immersive-translate-paragraph=\"1\" data-immersive-translate-walked=\"4ec3e8cb-c4a5-4ec8-9ecf-ed82a1888c4a\">As ripas de cama curvas s\u00e3o compat\u00edveis com uma vasta gama de tipos de colch\u00f5es, incluindo colch\u00f5es de espuma viscoel\u00e1stica, l\u00e1tex, molas internas e colch\u00f5es h\u00edbridos. S\u00e3o particularmente ben\u00e9ficas para colch\u00f5es com sistemas de apoio por zonas, em que a flexibilidade das ripas complementa as zonas de apoio espec\u00edficas do colch\u00e3o, ou para os concebidos para estruturas de cama ajust\u00e1veis, uma vez que as ripas se podem ajustar a diferentes posi\u00e7\u00f5es. No entanto, \u00e9 sempre aconselh\u00e1vel consultar as diretrizes do fabricante do colch\u00e3o relativamente ao espa\u00e7amento e apoio recomendados para as ripas, de modo a assegurar um desempenho \u00f3timo e evitar quaisquer problemas de garantia.<\/p>\n<p data-immersive-translate-walked=\"4ec3e8cb-c4a5-4ec8-9ecf-ed82a1888c4a\"><strong data-immersive-translate-walked=\"4ec3e8cb-c4a5-4ec8-9ecf-ed82a1888c4a\" data-immersive-translate-paragraph=\"1\">2. Como \u00e9 que as ripas curvas da cama afectam o alinhamento da coluna vertebral?<\/strong><\/p>\n<p data-immersive-translate-walked=\"4ec3e8cb-c4a5-4ec8-9ecf-ed82a1888c4a\" data-immersive-translate-paragraph=\"1\">Ao contr\u00e1rio das ripas planas que oferecem um apoio uniforme mas menos adapt\u00e1vel, o design curvo destas ripas permite-lhes atuar como uma s\u00e9rie de molas interligadas, adaptando-se suavemente \u00e0 curvatura natural da sua coluna vertebral. Este design ergon\u00f3mico promove o alinhamento correto da coluna vertebral, independentemente da sua posi\u00e7\u00e3o de dormir, reduzindo a tens\u00e3o sobre os m\u00fasculos das costas e os discos intervertebrais, que s\u00e3o especialmente vulner\u00e1veis ao stress e \u00e0 compress\u00e3o. Ao suportar as curvas naturais do corpo, as ripas curvas ajudam a aliviar as dores de costas, a reduzir a rigidez e a promover uma postura de sono mais repousante.<\/p>\n<p data-immersive-translate-walked=\"4ec3e8cb-c4a5-4ec8-9ecf-ed82a1888c4a\"><strong data-immersive-translate-walked=\"4ec3e8cb-c4a5-4ec8-9ecf-ed82a1888c4a\" data-immersive-translate-paragraph=\"1\">3. As ripas de cama curvas s\u00e3o adequadas para pessoas com problemas de costas?<\/strong><\/p>\n<p data-immersive-translate-walked=\"4ec3e8cb-c4a5-4ec8-9ecf-ed82a1888c4a\" data-immersive-translate-paragraph=\"1\">Embora muitos utilizadores considerem que o design ergon\u00f3mico das ripas de cama curvadas pode contribuir para uma experi\u00eancia de sono mais confort\u00e1vel e de apoio, aliviando potencialmente algum desconforto nas costas, \u00e9 crucial consultar um profissional de sa\u00fade ou um especialista do sono certificado para obter aconselhamento personalizado relativamente a condi\u00e7\u00f5es espec\u00edficas das costas. Eles podem avaliar as suas necessidades individuais, considerando factores como o seu peso, posi\u00e7\u00e3o de dormir e historial m\u00e9dico, para fornecer recomenda\u00e7\u00f5es personalizadas e determinar se as ripas de cama curvas s\u00e3o uma op\u00e7\u00e3o adequada para a sua situa\u00e7\u00e3o.<\/p>\n<p data-immersive-translate-walked=\"4ec3e8cb-c4a5-4ec8-9ecf-ed82a1888c4a\"><strong data-immersive-translate-walked=\"4ec3e8cb-c4a5-4ec8-9ecf-ed82a1888c4a\" data-immersive-translate-paragraph=\"1\">4. Como \u00e9 que instalo as ripas de cama curvas?<\/strong><\/p>\n<p data-immersive-translate-paragraph=\"1\" data-immersive-translate-walked=\"4ec3e8cb-c4a5-4ec8-9ecf-ed82a1888c4a\">Os processos de instala\u00e7\u00e3o podem variar ligeiramente consoante o modelo da estrutura da cama e o design das ripas. No entanto, a instala\u00e7\u00e3o envolve normalmente o posicionamento das ripas dentro das calhas de suporte da estrutura da cama, assegurando que est\u00e3o uniformemente espa\u00e7adas para proporcionar um apoio consistente ao longo do colch\u00e3o e firmemente no lugar para evitar qualquer movimento ou ru\u00eddo. Algumas estruturas de cama podem exigir hardware ou acess\u00f3rios espec\u00edficos, tais como suportes ou tampas de ripas, para a instala\u00e7\u00e3o das ripas. Consulte sempre as instru\u00e7\u00f5es do fabricante da estrutura da cama para obter orienta\u00e7\u00f5es pormenorizadas e para garantir uma instala\u00e7\u00e3o correta e segura.<\/p>\n<p data-immersive-translate-walked=\"4ec3e8cb-c4a5-4ec8-9ecf-ed82a1888c4a\"><strong data-immersive-translate-walked=\"4ec3e8cb-c4a5-4ec8-9ecf-ed82a1888c4a\" data-immersive-translate-paragraph=\"1\">5. Como \u00e9 que limpo e mantenho as minhas ripas de cama curvas para garantir a sua longevidade?<\/strong><\/p>\n<p data-immersive-translate-paragraph=\"1\" data-immersive-translate-walked=\"4ec3e8cb-c4a5-4ec8-9ecf-ed82a1888c4a\">A manuten\u00e7\u00e3o regular \u00e9 fundamental para preservar a qualidade e prolongar a vida \u00fatil das suas ripas de cama curvas. A limpeza regular do p\u00f3 com um pano macio e seco \u00e9 normalmente suficiente para remover o p\u00f3 e os detritos que se podem acumular ao longo do tempo. Para uma limpeza mais profunda, pode humedecer um pano macio com um produto de limpeza suave para madeira, certificando-se de que espreme o excesso de \u00e1gua. Evite utilizar produtos qu\u00edmicos agressivos, produtos de limpeza abrasivos ou \u00e1gua em excesso, uma vez que estes podem danificar o acabamento da madeira, enfraquecendo potencialmente as ripas ou provocando a sua descolora\u00e7\u00e3o. Inspeccione regularmente as ripas para detetar quaisquer sinais de desgaste, tais como fissuras ou lascas, e substitua-as conforme necess\u00e1rio para manter uma superf\u00edcie de sono segura e de apoio.<\/p>","protected":false},"excerpt":{"rendered":"<p>Fabricadas a partir de madeiras nobres, as ripas curvas da cama YuanTuo Wood\u2019 proporcionam um apoio ergon\u00f3mico sem paralelo, adaptando-se \u00e0s curvas naturais do seu corpo\u2019. Proporcionam um maior al\u00edvio da press\u00e3o, promovem o alinhamento da coluna vertebral e melhoram a circula\u00e7\u00e3o sangu\u00ednea, garantindo uma experi\u00eancia de sono repousante. Ideais para mobili\u00e1rio dom\u00e9stico, hotelaria, cuidados de sa\u00fade e apoio especial para colch\u00f5es, as nossas ripas personaliz\u00e1veis garantem durabilidade e conforto duradouro.<\/p>","protected":false},"featured_media":526,"template":"","meta":{"_kad_blocks_custom_css":"","_kad_blocks_head_custom_js":"","_kad_blocks_body_custom_js":"","_kad_blocks_footer_custom_js":"","_kad_post_transparent":"default","_kad_post_title":"","_kad_post_layout":"default","_kad_post_sidebar_id":"","_kad_post_content_style":"default","_kad_post_vertical_padding":"default","_kad_post_feature":"","_kad_post_feature_position":"","_kad_post_header":false,"_kad_post_footer":false,"_kad_post_classname":""},"product_brand":[],"product_cat":[19],"product_tag":[],"class_list":{"0":"post-561","1":"product","2":"type-product","3":"status-publish","4":"has-post-thumbnail","6":"product_cat-bed-slats","8":"first","9":"instock","10":"shipping-taxable","11":"product-type-simple","12":"entry","13":"content-bg","14":"loop-entry"},"taxonomy_info":{"product_cat":[{"value":19,"label":"Bed Slats"}]},"featured_image_src_large":["https:\/\/yuantuowood.com\/wp-content\/uploads\/2024\/08\/Curved-Bed-Slats-1024x683.jpg",1024,683,true],"author_info":[],"comment_info":"","_links":{"self":[{"href":"https:\/\/yuantuowood.com\/pt\/wp-json\/wp\/v2\/product\/561","targetHints":{"allow":["GET"]}}],"collection":[{"href":"https:\/\/yuantuowood.com\/pt\/wp-json\/wp\/v2\/product"}],"about":[{"href":"https:\/\/yuantuowood.com\/pt\/wp-json\/wp\/v2\/types\/product"}],"wp:featuredmedia":[{"embeddable":true,"href":"https:\/\/yuantuowood.com\/pt\/wp-json\/wp\/v2\/media\/526"}],"wp:attachment":[{"href":"https:\/\/yuantuowood.com\/pt\/wp-json\/wp\/v2\/media?parent=561"}],"wp:term":[{"taxonomy":"product_brand","embeddable":true,"href":"https:\/\/yuantuowood.com\/pt\/wp-json\/wp\/v2\/product_brand?post=561"},{"taxonomy":"product_cat","embeddable":true,"href":"https:\/\/yuantuowood.com\/pt\/wp-json\/wp\/v2\/product_cat?post=561"},{"taxonomy":"product_tag","embeddable":true,"href":"https:\/\/yuantuowood.com\/pt\/wp-json\/wp\/v2\/product_tag?post=561"}],"curies":[{"name":"wp","href":"https:\/\/api.w.org\/{rel}","templated":true}]}}