{"id":565,"date":"2024-08-27T05:35:51","date_gmt":"2024-08-27T05:35:51","guid":{"rendered":"https:\/\/slats.easiwin.com\/?post_type=product&#038;p=565"},"modified":"2024-10-28T03:27:55","modified_gmt":"2024-10-28T03:27:55","slug":"custom-strongest-flat-bed-slats-manufacturer","status":"publish","type":"product","link":"https:\/\/yuantuowood.com\/pt\/produto\/custom-strongest-flat-bed-slats-manufacturer\/","title":{"rendered":"Ripas para camas planas"},"content":{"rendered":"<p data-immersive-translate-paragraph=\"1\" data-immersive-translate-walked=\"eadfd9ca-4be7-41a2-96ae-2b04d13aac54\">Uma boa noite de sono \u00e9 uma orquestra de conforto, com cada elemento a desempenhar um papel crucial. Embora os colch\u00f5es ocupem frequentemente o centro das aten\u00e7\u00f5es, a ripa da cama, muitas vezes esquecida, assegura silenciosamente que todo o desempenho decorre sem problemas. <a href=\"https:\/\/en.wikipedia.org\/wiki\/Flat\" target=\"_blank\" rel=\"noopener\">Plano<\/a> As ripas de cama, com a sua simplicidade discreta, durabilidade impressionante e versatilidade not\u00e1vel, proporcionam uma base fi\u00e1vel para uma vasta gama de colch\u00f5es e prefer\u00eancias de sono. Este guia abrangente mergulha no mundo das ripas de cama planas, explorando os seus benef\u00edcios muitas vezes desconhecidos, as suas diversas aplica\u00e7\u00f5es e a raz\u00e3o pela qual a YuanTuo Wood se destaca como um dos principais fornecedores destes componentes essenciais do sistema de sono.<\/p>\n<h3 data-immersive-translate-walked=\"eadfd9ca-4be7-41a2-96ae-2b04d13aac54\" data-immersive-translate-paragraph=\"1\">O que s\u00e3o ripas de cama planas?<\/h3>\n<p data-immersive-translate-paragraph=\"1\" data-immersive-translate-walked=\"eadfd9ca-4be7-41a2-96ae-2b04d13aac54\">As ripas de cama planas s\u00e3o t\u00e1buas r\u00edgidas, normalmente de madeira, estrategicamente colocadas ao longo da largura de uma estrutura de cama para formar uma base de apoio para o seu colch\u00e3o. Ao contr\u00e1rio das bases de cama s\u00f3lidas, que podem reter o calor e a humidade, provocando temperaturas de sono desconfort\u00e1veis e o potencial desenvolvimento de bolor, as ripas planas s\u00e3o concebidas para promover um fluxo de ar ideal por baixo do colch\u00e3o. Esta respirabilidade ajuda a regular a temperatura, criando um ambiente de sono mais higi\u00e9nico e confort\u00e1vel ao evitar a acumula\u00e7\u00e3o de alerg\u00e9nios, bolor e mofo. Para al\u00e9m da ventila\u00e7\u00e3o, as ripas para camas planas s\u00e3o excelentes na distribui\u00e7\u00e3o uniforme do peso, garantindo que o colch\u00e3o mant\u00e9m a sua forma e proporciona um apoio consistente durante toda a sua vida \u00fatil.<\/p>\n<h3 data-immersive-translate-walked=\"eadfd9ca-4be7-41a2-96ae-2b04d13aac54\" data-immersive-translate-paragraph=\"1\">Compreender as ripas para camas planas: Carater\u00edsticas principais<\/h3>\n<div style=\"overflow-x: auto;\">\n<table>\n<tbody>\n<tr>\n<td>Carater\u00edstica<\/td>\n<td>Descri\u00e7\u00e3o<\/td>\n<\/tr>\n<tr>\n<td>Esp\u00e9cies de madeira<\/td>\n<td>\n<div>\n<div>Vidoeiro\/Poplar\/Eucalipto<\/div>\n<\/div>\n<\/td>\n<\/tr>\n<tr>\n<td>Propriedades<\/td>\n<td>\n<div>\n<div>Fortes, dur\u00e1veis, resistentes a deforma\u00e7\u00f5es e fissuras, respir\u00e1veis, promovem a circula\u00e7\u00e3o do ar, f\u00e1ceis de instalar e substituir, leves, econ\u00f3micas, sustent\u00e1veis (provenientes de florestas geridas de forma respons\u00e1vel) - Estas propriedades combinadas fazem das ripas planas uma escolha pr\u00e1tica, fi\u00e1vel e ecol\u00f3gica para uma vasta gama de estruturas de cama e tipos de colch\u00e3o.<\/div>\n<\/div>\n<\/td>\n<\/tr>\n<tr>\n<td>Acabamento da superf\u00edcie<\/td>\n<td>\n<div>\n<div>Natural \/ Com papel decorativo<\/div>\n<\/div>\n<\/td>\n<\/tr>\n<tr>\n<td>Tipo<\/td>\n<td>Plano<\/td>\n<\/tr>\n<tr>\n<td>Dimens\u00f5es<\/td>\n<td>\n<div>\n<div>Comprimento:550-1750mm<br \/>\nLargura:25-170mm<br \/>\nEspessura:6-20mm<\/div>\n<\/div>\n<\/td>\n<\/tr>\n<tr>\n<td>Grau de cola<\/td>\n<td>E0, E1<\/td>\n<\/tr>\n<tr>\n<td>Teor de humidade<\/td>\n<td>8-14%<\/td>\n<\/tr>\n<tr>\n<td>Certificado<\/td>\n<td>\n<div>\n<div>FSC\/ CARB P2\/ EPA<\/div>\n<\/div>\n<\/td>\n<\/tr>\n<\/tbody>\n<\/table>\n<\/div>\n<h3 data-immersive-translate-walked=\"eadfd9ca-4be7-41a2-96ae-2b04d13aac54\" data-immersive-translate-paragraph=\"1\">Aplica\u00e7\u00f5es de l\u00e2minas planas para camas: Fornecendo suporte confi\u00e1vel em todos os setores<\/h3>\n<p data-immersive-translate-walked=\"eadfd9ca-4be7-41a2-96ae-2b04d13aac54\" data-immersive-translate-paragraph=\"1\">A versatilidade e o car\u00e1cter pr\u00e1tico inerentes \u00e0s ripas planas levaram \u00e0 sua ado\u00e7\u00e3o generalizada em v\u00e1rias ind\u00fastrias, indo muito al\u00e9m do mobili\u00e1rio dom\u00e9stico tradicional:<\/p>\n<ul data-immersive-translate-walked=\"eadfd9ca-4be7-41a2-96ae-2b04d13aac54\">\n<li data-immersive-translate-walked=\"eadfd9ca-4be7-41a2-96ae-2b04d13aac54\" data-immersive-translate-paragraph=\"1\"><strong data-immersive-translate-walked=\"eadfd9ca-4be7-41a2-96ae-2b04d13aac54\">Mobili\u00e1rio dom\u00e9stico:<\/strong>\u00a0As ripas de cama planas s\u00e3o um elemento b\u00e1sico em casas de todo o mundo, proporcionando um suporte fi\u00e1vel para colch\u00f5es em quartos de todos os estilos e tamanhos. A sua adaptabilidade a v\u00e1rios designs de estruturas de cama, a facilidade de instala\u00e7\u00e3o e o pre\u00e7o acess\u00edvel fazem delas uma escolha popular para consumidores preocupados com o or\u00e7amento e para quem procura uma solu\u00e7\u00e3o de sono simples mas eficaz.<\/li>\n<li data-immersive-translate-paragraph=\"1\" data-immersive-translate-walked=\"eadfd9ca-4be7-41a2-96ae-2b04d13aac54\"><strong data-immersive-translate-walked=\"eadfd9ca-4be7-41a2-96ae-2b04d13aac54\">Hotelaria e restaura\u00e7\u00e3o:<\/strong>\u00a0A ind\u00fastria hoteleira prospera com mobili\u00e1rio dur\u00e1vel, f\u00e1cil de manter e esteticamente agrad\u00e1vel. As ripas para camas planas, com a sua constru\u00e7\u00e3o robusta, design simples e calor natural, s\u00e3o adequadas para quartos de hotel, dormit\u00f3rios e outros ambientes com muito tr\u00e1fego, onde a durabilidade, a facilidade de substitui\u00e7\u00e3o e o aspeto visual s\u00e3o fundamentais.<\/li>\n<li data-immersive-translate-walked=\"eadfd9ca-4be7-41a2-96ae-2b04d13aac54\" data-immersive-translate-paragraph=\"1\"><strong data-immersive-translate-walked=\"eadfd9ca-4be7-41a2-96ae-2b04d13aac54\" data-immersive-translate-paragraph=\"1\">Projectos de bricolage e camas personalizadas:<\/strong>\u00a0As ripas para camas planas s\u00e3o as favoritas dos entusiastas da bricolage e daqueles que procuram construir estruturas de cama personalizadas, adaptadas ao seu estilo \u00fanico e \u00e0s suas necessidades de espa\u00e7o. Os seus tamanhos prontamente dispon\u00edveis, a facilidade de corte e personaliza\u00e7\u00e3o e o pre\u00e7o acess\u00edvel fazem delas a escolha ideal para criar designs de cama \u00fanicos e personalizados que reflectem gostos e necessidades individuais.<\/li>\n<li data-immersive-translate-paragraph=\"1\" data-immersive-translate-walked=\"eadfd9ca-4be7-41a2-96ae-2b04d13aac54\"><strong data-immersive-translate-walked=\"eadfd9ca-4be7-41a2-96ae-2b04d13aac54\">Substitui\u00e7\u00e3o da base do colch\u00e3o:<\/strong>\u00a0Com o tempo, as bases dos colch\u00f5es podem deteriorar-se, ceder ou ficar danificadas, comprometendo o apoio e o conforto do seu colch\u00e3o. As ripas para camas planas oferecem uma solu\u00e7\u00e3o econ\u00f3mica e pr\u00e1tica para substituir estrados desgastados, proporcionando uma base nova e de apoio para o seu colch\u00e3o e prolongando a sua vida \u00fatil, poupando-lhe dinheiro e melhorando a qualidade do seu sono.<\/li>\n<\/ul>\n<h3 data-immersive-translate-walked=\"eadfd9ca-4be7-41a2-96ae-2b04d13aac54\" data-immersive-translate-paragraph=\"1\">Vantagens da escolha de ripas para camas planas: Simplicidade, durabilidade e versatilidade<\/h3>\n<p data-immersive-translate-walked=\"eadfd9ca-4be7-41a2-96ae-2b04d13aac54\" data-immersive-translate-paragraph=\"1\">As ripas para camas planas oferecem uma combina\u00e7\u00e3o atraente de vantagens que as tornam uma escolha popular para uma vasta gama de travessas, estruturas de camas e aplica\u00e7\u00f5es:<\/p>\n<ul data-immersive-translate-walked=\"eadfd9ca-4be7-41a2-96ae-2b04d13aac54\">\n<li data-immersive-translate-walked=\"eadfd9ca-4be7-41a2-96ae-2b04d13aac54\" data-immersive-translate-paragraph=\"1\"><strong data-immersive-translate-walked=\"eadfd9ca-4be7-41a2-96ae-2b04d13aac54\">Econ\u00f3mica e acess\u00edvel:<\/strong>\u00a0As ripas para camas planas s\u00e3o geralmente mais econ\u00f3micas do que outros sistemas de apoio \u00e0 cama, como as molas de caixa ou as camas de plataforma, o que as torna uma op\u00e7\u00e3o acess\u00edvel para os consumidores preocupados com o or\u00e7amento que se recusam a comprometer o apoio e o conforto.<\/li>\n<li data-immersive-translate-paragraph=\"1\" data-immersive-translate-walked=\"eadfd9ca-4be7-41a2-96ae-2b04d13aac54\"><strong data-immersive-translate-walked=\"eadfd9ca-4be7-41a2-96ae-2b04d13aac54\">Dur\u00e1vel e de longa dura\u00e7\u00e3o:<\/strong>\u00a0Fabricadas a partir de madeiras de lei robustas, escolhidas pela sua for\u00e7a e resili\u00eancia, as ripas para camas planas foram concebidas para resistir ao teste do tempo, mesmo sob as exig\u00eancias nocturnas do sono. A sua constru\u00e7\u00e3o robusta garante que podem suportar um peso consider\u00e1vel sem ceder ou partir, proporcionando uma base fi\u00e1vel para o seu colch\u00e3o durante anos.<\/li>\n<li data-immersive-translate-paragraph=\"1\" data-immersive-translate-walked=\"eadfd9ca-4be7-41a2-96ae-2b04d13aac54\"><strong data-immersive-translate-walked=\"eadfd9ca-4be7-41a2-96ae-2b04d13aac54\">F\u00e1cil de instalar e substituir:<\/strong>\u00a0As ripas planas s\u00e3o incrivelmente f\u00e1ceis de instalar, exigindo normalmente um m\u00ednimo de ferramentas e esfor\u00e7o, o que as torna a escolha ideal para os entusiastas da bricolage e para quem procura uma instala\u00e7\u00e3o sem complica\u00e7\u00f5es. O seu design simples tamb\u00e9m facilita a sua substitui\u00e7\u00e3o, se necess\u00e1rio, minimizando o tempo de inatividade e o inc\u00f3modo caso seja necess\u00e1rio substituir uma l\u00e2mina.<\/li>\n<li data-immersive-translate-paragraph=\"1\" data-immersive-translate-walked=\"eadfd9ca-4be7-41a2-96ae-2b04d13aac54\"><strong data-immersive-translate-walked=\"eadfd9ca-4be7-41a2-96ae-2b04d13aac54\">Promover a circula\u00e7\u00e3o de ar e a higiene:<\/strong>\u00a0O espa\u00e7amento estrategicamente concebido entre as ripas da cama plana permite uma excelente circula\u00e7\u00e3o de ar por baixo do colch\u00e3o, ajudando a regular a temperatura, a dissipar a humidade e a evitar a acumula\u00e7\u00e3o de alerg\u00e9nios, bolor e mofo, contribuindo para um ambiente de sono mais saud\u00e1vel e higi\u00e9nico para uma noite de sono mais refrescante e repousante.<\/li>\n<\/ul>\n<h3 data-immersive-translate-walked=\"eadfd9ca-4be7-41a2-96ae-2b04d13aac54\" data-immersive-translate-paragraph=\"1\">Ripas para camas planas vs. outros materiais: Uma escolha pr\u00e1tica e econ\u00f3mica<\/h3>\n<p data-immersive-translate-walked=\"eadfd9ca-4be7-41a2-96ae-2b04d13aac54\" data-immersive-translate-paragraph=\"1\">Embora existam v\u00e1rios materiais e designs dispon\u00edveis para os suportes de cama, as ripas para camas planas, especialmente as fabricadas em madeira dura, oferecem uma combina\u00e7\u00e3o atraente de praticidade, acessibilidade e durabilidade que \u00e9 dif\u00edcil de igualar:<\/p>\n<ul data-immersive-translate-walked=\"eadfd9ca-4be7-41a2-96ae-2b04d13aac54\">\n<li data-immersive-translate-walked=\"eadfd9ca-4be7-41a2-96ae-2b04d13aac54\" data-immersive-translate-paragraph=\"1\"><strong data-immersive-translate-walked=\"eadfd9ca-4be7-41a2-96ae-2b04d13aac54\">Madeiras de folhosas planas versus ripas met\u00e1licas:<\/strong>\u00a0Embora as ripas de metal possam oferecer uma est\u00e9tica mais elegante e moderna, podem ser propensas a ranger, a dobrar-se com o tempo e a transmitir temperaturas frias para o colch\u00e3o, perturbando potencialmente o sono. As ripas planas de madeira dura, por outro lado, proporcionam uma superf\u00edcie de sono mais silenciosa, mais quente e mais est\u00e1vel, garantindo uma noite de descanso tranquila e confort\u00e1vel.<\/li>\n<li data-immersive-translate-paragraph=\"1\" data-immersive-translate-walked=\"eadfd9ca-4be7-41a2-96ae-2b04d13aac54\"><strong data-immersive-translate-walked=\"eadfd9ca-4be7-41a2-96ae-2b04d13aac54\">Madeiras de folhosas planas vs. ripas de contraplacado:<\/strong>\u00a0O contraplacado, apesar de ser uma op\u00e7\u00e3o menos dispendiosa do que a madeira maci\u00e7a, n\u00e3o tem a for\u00e7a, a durabilidade e a resist\u00eancia \u00e0 deforma\u00e7\u00e3o e \u00e0 flacidez inerentes \u00e0 madeira maci\u00e7a, o que pode comprometer a vida \u00fatil e o suporte do seu colch\u00e3o. As ripas planas de madeira dura s\u00e3o uma op\u00e7\u00e3o mais robusta e duradoura para suportar o seu colch\u00e3o, garantindo um desempenho consistente e longevidade.<\/li>\n<li data-immersive-translate-paragraph=\"1\" data-immersive-translate-walked=\"eadfd9ca-4be7-41a2-96ae-2b04d13aac54\"><strong data-immersive-translate-walked=\"eadfd9ca-4be7-41a2-96ae-2b04d13aac54\">Madeiras de folhosas planas vs. Box Springs:<\/strong>\u00a0As molas em caixa, embora ofere\u00e7am uma solu\u00e7\u00e3o tradicional de apoio \u00e0 cama, podem ser volumosas, pesadas e propensas \u00e0 acumula\u00e7\u00e3o de \u00e1caros, potencialmente exacerbando as alergias e comprometendo a higiene. As ripas planas de madeira dura proporcionam uma alternativa mais simples, leve e higi\u00e9nica, promovendo o fluxo de ar e minimizando a acumula\u00e7\u00e3o de p\u00f3 para um ambiente de sono mais saud\u00e1vel e confort\u00e1vel.<\/li>\n<\/ul>\n<h3 data-immersive-translate-walked=\"eadfd9ca-4be7-41a2-96ae-2b04d13aac54\" data-immersive-translate-paragraph=\"1\">Por que escolher a madeira Yuantuo para suas ripas de cama plana?<\/h3>\n<p data-immersive-translate-walked=\"eadfd9ca-4be7-41a2-96ae-2b04d13aac54\" data-immersive-translate-paragraph=\"1\">Em<a href=\"https:\/\/yuantuowood.com\/pt\/about-us\/\"> Yuantuo Wood<\/a>Na nossa empresa, compreendemos que uma boa noite de sono come\u00e7a com uma base s\u00f3lida, fi\u00e1vel e cuidadosamente elaborada. As nossas ripas para camas planas s\u00e3o fabricadas com precis\u00e3o e cuidado, utilizando apenas as melhores madeiras nobres provenientes de florestas geridas de forma sustent\u00e1vel, reflectindo o nosso compromisso com a qualidade, a sustentabilidade e a satisfa\u00e7\u00e3o do cliente. Eis porque \u00e9 que os clientes mais exigentes de todo o mundo escolhem a YuanTuo Wood para as suas necessidades de ripas para camas planas:<\/p>\n<ul data-immersive-translate-walked=\"eadfd9ca-4be7-41a2-96ae-2b04d13aac54\">\n<li data-immersive-translate-paragraph=\"1\" data-immersive-translate-walked=\"eadfd9ca-4be7-41a2-96ae-2b04d13aac54\"><strong data-immersive-translate-walked=\"eadfd9ca-4be7-41a2-96ae-2b04d13aac54\">Compromisso inabal\u00e1vel com a qualidade:<\/strong>\u00a0Utilizamos as mais modernas t\u00e9cnicas de fabrico e aderimos a rigorosas medidas de controlo de qualidade em todas as etapas do processo de produ\u00e7\u00e3o para garantir que cada ripa de cama plana com o nome YuanTuo Wood cumpre os mais elevados padr\u00f5es de resist\u00eancia, durabilidade e consist\u00eancia. O nosso compromisso inabal\u00e1vel para com a qualidade garante que recebe um produto que proporciona um apoio fi\u00e1vel durante anos, excedendo as suas expectativas e proporcionando tranquilidade.<\/li>\n<li data-immersive-translate-paragraph=\"1\" data-immersive-translate-walked=\"eadfd9ca-4be7-41a2-96ae-2b04d13aac54\"><strong data-immersive-translate-walked=\"eadfd9ca-4be7-41a2-96ae-2b04d13aac54\">Especializa\u00e7\u00e3o em personaliza\u00e7\u00e3o para solu\u00e7\u00f5es \u00e0 medida:<\/strong>\u00a0Reconhecemos que as dimens\u00f5es da estrutura da cama e os requisitos das ripas podem variar muito com base nas necessidades e prefer\u00eancias individuais. \u00c9 por isso que oferecemos uma vasta gama de op\u00e7\u00f5es de personaliza\u00e7\u00e3o, incluindo dimens\u00f5es de ripas, esp\u00e9cies de madeira e acabamentos, permitindo-lhe encontrar a solu\u00e7\u00e3o perfeita para os seus requisitos espec\u00edficos e est\u00e9tica de design. A nossa equipa experiente dedica-se a fornecer solu\u00e7\u00f5es personalizadas que satisfazem as suas especifica\u00e7\u00f5es exactas, garantindo uma combina\u00e7\u00e3o perfeita entre a estrutura da cama e o colch\u00e3o.<\/li>\n<li data-immersive-translate-paragraph=\"1\" data-immersive-translate-walked=\"eadfd9ca-4be7-41a2-96ae-2b04d13aac54\"><strong data-immersive-translate-walked=\"eadfd9ca-4be7-41a2-96ae-2b04d13aac54\">Aprovisionamento sustent\u00e1vel e responsabilidade ambiental:<\/strong>\u00a0Estamos profundamente empenhados em pr\u00e1ticas florestais respons\u00e1veis e possu\u00edmos certifica\u00e7\u00f5es como o FSC (Forest Stewardship Council) e o PEFC (Programme for the Endorsement of Forest Certification), garantindo que os nossos produtos de madeira prov\u00eam de florestas bem geridas e empenhadas em pr\u00e1ticas sustent\u00e1veis. Escolher a YuanTuo Wood significa escolher uma empresa que d\u00e1 prioridade \u00e0 sustentabilidade ambiental e minimiza a sua pegada ecol\u00f3gica, permitindo-lhe dormir descansado sabendo que fez uma escolha respons\u00e1vel.<\/li>\n<li data-immersive-translate-paragraph=\"1\" data-immersive-translate-walked=\"eadfd9ca-4be7-41a2-96ae-2b04d13aac54\"><strong data-immersive-translate-walked=\"eadfd9ca-4be7-41a2-96ae-2b04d13aac54\">Alcance global, experi\u00eancia local e servi\u00e7o excecional:<\/strong>\u00a0Com uma presen\u00e7a global e um profundo conhecimento das diversas necessidades do mercado, a YuanTuo Wood \u00e9 o seu parceiro de confian\u00e7a para ripas planas, independentemente da sua localiza\u00e7\u00e3o no mundo. A nossa extensa rede de distribui\u00e7\u00e3o permite-nos entregar os nossos produtos de forma eficiente a clientes em todo o mundo, garantindo uma entrega atempada e fi\u00e1vel. A nossa equipa dedicada de apoio ao cliente est\u00e1 sempre dispon\u00edvel para prestar assist\u00eancia personalizada, conhecimentos t\u00e9cnicos e garantir a sua total satisfa\u00e7\u00e3o durante toda a sua experi\u00eancia com a YuanTuo Wood.<\/li>\n<\/ul>\n<h3 data-immersive-translate-walked=\"eadfd9ca-4be7-41a2-96ae-2b04d13aac54\" data-immersive-translate-paragraph=\"1\">Perguntas frequentes (FAQ)<\/h3>\n<p data-immersive-translate-walked=\"eadfd9ca-4be7-41a2-96ae-2b04d13aac54\"><strong data-immersive-translate-walked=\"eadfd9ca-4be7-41a2-96ae-2b04d13aac54\" data-immersive-translate-paragraph=\"1\">1. Como \u00e9 que determino o espa\u00e7amento correto das ripas para a minha estrutura de cama e colch\u00e3o?<\/strong><\/p>\n<p data-immersive-translate-paragraph=\"1\" data-immersive-translate-walked=\"eadfd9ca-4be7-41a2-96ae-2b04d13aac54\">O espa\u00e7amento ideal entre ripas para a estrutura da cama e o colch\u00e3o depende de v\u00e1rios factores, incluindo as dimens\u00f5es das ripas, o tipo de colch\u00e3o (espuma viscoel\u00e1stica, l\u00e1tex, molas interiores, etc.) e o n\u00edvel de apoio pretendido. Como orienta\u00e7\u00e3o geral, recomenda-se um espa\u00e7amento de 5 cm a 8 cm entre as ripas para a maioria dos colch\u00f5es. No entanto, \u00e9 sempre melhor consultar as diretrizes do fabricante do colch\u00e3o para obter recomenda\u00e7\u00f5es espec\u00edficas sobre o espa\u00e7amento das ripas, de modo a garantir um apoio ideal, evitar a flacidez prematura e evitar potenciais problemas de garantia.<\/p>\n<p data-immersive-translate-walked=\"eadfd9ca-4be7-41a2-96ae-2b04d13aac54\"><strong data-immersive-translate-walked=\"eadfd9ca-4be7-41a2-96ae-2b04d13aac54\" data-immersive-translate-paragraph=\"1\">2. Posso utilizar as ripas para camas planas com qualquer tipo de colch\u00e3o?<\/strong><\/p>\n<p data-immersive-translate-paragraph=\"1\" data-immersive-translate-walked=\"eadfd9ca-4be7-41a2-96ae-2b04d13aac54\">As ripas para camas planas s\u00e3o compat\u00edveis com uma vasta gama de tipos de colch\u00f5es, incluindo espuma viscoel\u00e1stica, l\u00e1tex, molas internas e colch\u00f5es h\u00edbridos. No entanto, \u00e9 essencial garantir que o espa\u00e7amento das ripas \u00e9 adequado ao seu tipo de colch\u00e3o e que as ripas proporcionam um apoio adequado em toda a superf\u00edcie do colch\u00e3o para evitar a flacidez e manter o conforto. Por exemplo, os colch\u00f5es de espuma viscoel\u00e1stica e de l\u00e1tex podem exigir um espa\u00e7amento entre ripas mais pr\u00f3ximo do que os colch\u00f5es de molas interiores para evitar a flacidez e garantir uma distribui\u00e7\u00e3o adequada do peso.<\/p>\n<p data-immersive-translate-walked=\"eadfd9ca-4be7-41a2-96ae-2b04d13aac54\"><strong data-immersive-translate-walked=\"eadfd9ca-4be7-41a2-96ae-2b04d13aac54\" data-immersive-translate-paragraph=\"1\">3. S\u00e3o necess\u00e1rias ferramentas ou compet\u00eancias especiais para instalar as ripas planas?<\/strong><\/p>\n<p data-immersive-translate-walked=\"eadfd9ca-4be7-41a2-96ae-2b04d13aac54\" data-immersive-translate-paragraph=\"1\">A instala\u00e7\u00e3o de ripas de camas planas \u00e9 normalmente um processo simples que requer o m\u00ednimo de ferramentas e conhecimentos, tornando-o uma tarefa f\u00e1cil para a maioria das pessoas. A maior parte das estruturas de cama s\u00e3o concebidas para uma instala\u00e7\u00e3o f\u00e1cil das ripas, muitas vezes envolvendo simplesmente o posicionamento das ripas nas calhas de suporte ou suportes designados. No entanto, \u00e9 sempre aconselh\u00e1vel consultar as instru\u00e7\u00f5es do fabricante da estrutura da cama para obter orienta\u00e7\u00f5es espec\u00edficas sobre a instala\u00e7\u00e3o das ripas para o seu modelo em particular, de modo a garantir um ajuste seguro e correto.<\/p>\n<p data-immersive-translate-walked=\"eadfd9ca-4be7-41a2-96ae-2b04d13aac54\"><strong data-immersive-translate-walked=\"eadfd9ca-4be7-41a2-96ae-2b04d13aac54\" data-immersive-translate-paragraph=\"1\">4. Como \u00e9 que limpo e mantenho as minhas ripas de cama plana para garantir a sua longevidade?<\/strong><\/p>\n<p data-immersive-translate-walked=\"eadfd9ca-4be7-41a2-96ae-2b04d13aac54\" data-immersive-translate-paragraph=\"1\">A limpeza e manuten\u00e7\u00e3o regulares podem prolongar significativamente a vida \u00fatil das suas ripas de cama plana, preservando o seu aspeto e desempenho durante muitos anos. Limpar o p\u00f3 regularmente com um pano macio e seco \u00e9 normalmente suficiente para remover o p\u00f3 e os detritos. Para uma limpeza mais profunda, pode humedecer um pano macio com um produto de limpeza suave para madeira, certificando-se de que espreme o excesso de \u00e1gua antes de limpar as ripas. Evite utilizar produtos qu\u00edmicos agressivos, produtos de limpeza abrasivos ou \u00e1gua em excesso, uma vez que estes podem danificar o acabamento da madeira e enfraquecer potencialmente as ripas, comprometendo a sua integridade estrutural.<\/p>\n<p data-immersive-translate-walked=\"eadfd9ca-4be7-41a2-96ae-2b04d13aac54\"><strong data-immersive-translate-walked=\"eadfd9ca-4be7-41a2-96ae-2b04d13aac54\" data-immersive-translate-paragraph=\"1\">5. Posso cortar as ripas da cama plana para as adaptar a uma estrutura de cama personalizada?<\/strong><\/p>\n<p data-immersive-translate-walked=\"eadfd9ca-4be7-41a2-96ae-2b04d13aac54\" data-immersive-translate-paragraph=\"1\">Sim, as ripas para camas planas podem ser cortadas \u00e0 medida para se adaptarem a estruturas de cama personalizadas, proporcionando flexibilidade para designs de cama \u00fanicos e projectos de bricolage. No entanto, \u00e9 crucial utilizar equipamento de seguran\u00e7a adequado, como \u00f3culos e luvas de seguran\u00e7a, ao cortar as ripas para se proteger de poss\u00edveis ferimentos. Al\u00e9m disso, certifique-se de que as extremidades cortadas est\u00e3o lisas e sem farpas para evitar danos no seu colch\u00e3o e garantir uma superf\u00edcie de sono segura e confort\u00e1vel. Se n\u00e3o tiver a certeza de cortar as ripas sozinho ou se n\u00e3o tiver as ferramentas necess\u00e1rias, \u00e9 melhor consultar um profissional ou procurar assist\u00eancia numa loja de ferragens local para garantir que o trabalho \u00e9 feito corretamente e em seguran\u00e7a.<\/p>","protected":false},"excerpt":{"rendered":"<p>As ripas de madeira para camas planas YuanTuo oferecem um apoio duradouro e fi\u00e1vel para o colch\u00e3o. Fabricadas a partir de madeiras nobres como a faia e a b\u00e9tula, as nossas ripas promovem uma \u00f3ptima circula\u00e7\u00e3o do ar, evitando o bolor e o mofo. F\u00e1ceis de instalar e compat\u00edveis com v\u00e1rias estruturas de cama, s\u00e3o perfeitas para casas, hot\u00e9is e projectos de bricolage. Escolha a YuanTuo Wood para uma solu\u00e7\u00e3o de sono confort\u00e1vel e sustent\u00e1vel.<\/p>","protected":false},"featured_media":532,"template":"","meta":{"_kad_blocks_custom_css":"","_kad_blocks_head_custom_js":"","_kad_blocks_body_custom_js":"","_kad_blocks_footer_custom_js":"","_kad_post_transparent":"default","_kad_post_title":"","_kad_post_layout":"default","_kad_post_sidebar_id":"","_kad_post_content_style":"default","_kad_post_vertical_padding":"default","_kad_post_feature":"","_kad_post_feature_position":"","_kad_post_header":false,"_kad_post_footer":false,"_kad_post_classname":""},"product_brand":[],"product_cat":[19],"product_tag":[],"class_list":{"0":"post-565","1":"product","2":"type-product","3":"status-publish","4":"has-post-thumbnail","6":"product_cat-bed-slats","8":"first","9":"instock","10":"shipping-taxable","11":"product-type-simple","12":"entry","13":"content-bg","14":"loop-entry"},"taxonomy_info":{"product_cat":[{"value":19,"label":"Bed Slats"}]},"featured_image_src_large":["https:\/\/yuantuowood.com\/wp-content\/uploads\/2024\/08\/Flat-Bed-Slats-1024x683.jpg",1024,683,true],"author_info":[],"comment_info":"","_links":{"self":[{"href":"https:\/\/yuantuowood.com\/pt\/wp-json\/wp\/v2\/product\/565","targetHints":{"allow":["GET"]}}],"collection":[{"href":"https:\/\/yuantuowood.com\/pt\/wp-json\/wp\/v2\/product"}],"about":[{"href":"https:\/\/yuantuowood.com\/pt\/wp-json\/wp\/v2\/types\/product"}],"wp:featuredmedia":[{"embeddable":true,"href":"https:\/\/yuantuowood.com\/pt\/wp-json\/wp\/v2\/media\/532"}],"wp:attachment":[{"href":"https:\/\/yuantuowood.com\/pt\/wp-json\/wp\/v2\/media?parent=565"}],"wp:term":[{"taxonomy":"product_brand","embeddable":true,"href":"https:\/\/yuantuowood.com\/pt\/wp-json\/wp\/v2\/product_brand?post=565"},{"taxonomy":"product_cat","embeddable":true,"href":"https:\/\/yuantuowood.com\/pt\/wp-json\/wp\/v2\/product_cat?post=565"},{"taxonomy":"product_tag","embeddable":true,"href":"https:\/\/yuantuowood.com\/pt\/wp-json\/wp\/v2\/product_tag?post=565"}],"curies":[{"name":"wp","href":"https:\/\/api.w.org\/{rel}","templated":true}]}}