{"id":568,"date":"2024-08-27T06:11:45","date_gmt":"2024-08-27T06:11:45","guid":{"rendered":"https:\/\/slats.easiwin.com\/?post_type=product&#038;p=568"},"modified":"2024-10-28T03:31:27","modified_gmt":"2024-10-28T03:31:27","slug":"bespoke-engineered-veneer-lvl-slat","status":"publish","type":"product","link":"https:\/\/yuantuowood.com\/pt\/produto\/bespoke-engineered-veneer-lvl-slat\/","title":{"rendered":"L\u00e2mina LVL de folheado de engenharia"},"content":{"rendered":"<p>No dom\u00ednio din\u00e2mico da constru\u00e7\u00e3o moderna e do design de mobili\u00e1rio, a procura de materiais de constru\u00e7\u00e3o que combinem na perfei\u00e7\u00e3o uma resist\u00eancia excecional, uma estabilidade inabal\u00e1vel e uma sustentabilidade inabal\u00e1vel atingiu novos patamares. Os produtos de madeira projectada surgiram como uma for\u00e7a transformadora, revolucionando as pr\u00e1ticas de constru\u00e7\u00e3o tradicionais e oferecendo carater\u00edsticas de desempenho superiores em compara\u00e7\u00e3o com a madeira maci\u00e7a convencional. Entre esta nova gera\u00e7\u00e3o de materiais de constru\u00e7\u00e3o, as l\u00e2minas LVL (Laminated Veneer Lumber) s\u00e3o um farol de inova\u00e7\u00e3o, valorizadas pela sua qualidade inigual\u00e1vel, versatilidade not\u00e1vel e compatibilidade ecol\u00f3gica inerente. Estas maravilhas da engenharia est\u00e3o a remodelar a forma como abordamos a constru\u00e7\u00e3o, proporcionando aos arquitectos, construtores e designers uma solu\u00e7\u00e3o fi\u00e1vel, de elevado desempenho e sustent\u00e1vel para um espetro diversificado de aplica\u00e7\u00f5es.<\/p>\n<h3>O que s\u00e3o as l\u00e2minas LVL Engineered Veneer?<\/h3>\n<p>Folheado de engenharia <a href=\"https:\/\/en.wikipedia.org\/wiki\/Laminated_veneer_lumber\" target=\"_blank\" rel=\"noopener\">LVL<\/a> representam o auge da engenharia moderna da madeira, meticulosamente trabalhadas para proporcionar uma combina\u00e7\u00e3o inigual\u00e1vel de resist\u00eancia, estabilidade e consist\u00eancia. O seu processo de fabrico \u00e9 um testemunho de precis\u00e3o e inova\u00e7\u00e3o, envolvendo a coloca\u00e7\u00e3o em camadas de l\u00e2minas de madeira finas e de alta qualidade, meticulosamente dispostas com uma orienta\u00e7\u00e3o de gr\u00e3o paralelo para maximizar a resist\u00eancia e a estabilidade. Estas camadas s\u00e3o depois unidas sob calor e press\u00e3o cuidadosamente controlados, utilizando colas incrivelmente fortes e resistentes \u00e0 humidade, resultando num grande e cont\u00ednuo tarugo de madeira artificial que ultrapassa as limita\u00e7\u00f5es da madeira tradicional em praticamente todos os aspectos.<\/p>\n<p>O percurso de uma ripa LVL come\u00e7a com a sele\u00e7\u00e3o cuidadosa de troncos de madeira dura ou macia de primeira qualidade, normalmente provenientes de florestas geridas de forma sustent\u00e1vel. Estes troncos s\u00e3o depois sujeitos a um processo de descasque rotativo, que os transforma eficazmente em folhas finas de folheado, minimizando o desperd\u00edcio e maximizando a utiliza\u00e7\u00e3o de recursos de madeira valiosos. Ap\u00f3s o descasque, as folhas de folheado s\u00e3o submetidas a um rigoroso processo de classifica\u00e7\u00e3o e triagem para garantir que apenas os folheados da mais alta qualidade, sem defeitos, s\u00e3o selecionados para a produ\u00e7\u00e3o de LVL. Estas l\u00e2minas meticulosamente selecionadas s\u00e3o depois colocadas em camadas precisas numa orienta\u00e7\u00e3o de gr\u00e3o paralelo e coladas sob calor e press\u00e3o ideais para criar o produto final de ripas LVL.<\/p>\n<h3>L\u00e2minas LVL de madeira folheada de engenharia: Especifica\u00e7\u00f5es t\u00e9cnicas<\/h3>\n<div style=\"overflow-x: auto;\">\n<table>\n<tbody>\n<tr>\n<td><strong>Carater\u00edstica<\/strong><\/td>\n<td><strong>Descri\u00e7\u00e3o<\/strong><\/td>\n<\/tr>\n<tr>\n<td>Esp\u00e9cies de madeira<\/td>\n<td>\n<div>\n<div>Vidoeiro\/Poplar\/Eucalipto<\/div>\n<\/div>\n<\/td>\n<\/tr>\n<tr>\n<td>Propriedades<\/td>\n<td>\n<div>\n<div>Rela\u00e7\u00e3o excecional entre resist\u00eancia e peso, estabilidade dimensional superior, qualidade consistente em todo o material, resist\u00eancia excecional \u00e0 deforma\u00e7\u00e3o, tor\u00e7\u00e3o e curvatura, excelente poder de fixa\u00e7\u00e3o dos fixadores e desempenho estrutural previs\u00edvel<\/div>\n<\/div>\n<\/td>\n<\/tr>\n<tr>\n<td>Acabamento da superf\u00edcie<\/td>\n<td>\n<div>\n<div>Com folheado de engenharia<\/div>\n<\/div>\n<\/td>\n<\/tr>\n<tr>\n<td>Tipo<\/td>\n<td>\n<div>\n<div>Apartamento\/ R4000\/ R8000<\/div>\n<\/div>\n<\/td>\n<\/tr>\n<tr>\n<td>Dimens\u00f5es<\/td>\n<td>\n<div>\n<div>Comprimento:550-1750mm<br \/>\nLargura:25-170mm<br \/>\nEspessura:6-20mm<\/div>\n<\/div>\n<\/td>\n<\/tr>\n<tr>\n<td>Grau de cola<\/td>\n<td>E0, E1<\/td>\n<\/tr>\n<tr>\n<td>Teor de humidade<\/td>\n<td>8-14%<\/td>\n<\/tr>\n<tr>\n<td>Certificado<\/td>\n<td>\n<div>\n<div>FSC\/ CARB P2\/ EPA<\/div>\n<\/div>\n<\/td>\n<\/tr>\n<\/tbody>\n<\/table>\n<\/div>\n<h3>Aplica\u00e7\u00f5es de l\u00e2minas LVL de engenharia<\/h3>\n<p>A versatilidade excecional e as carater\u00edsticas de desempenho not\u00e1veis das l\u00e2minas LVL Engineered Veneer impulsionaram a sua ado\u00e7\u00e3o generalizada numa vasta gama de aplica\u00e7\u00f5es, incluindo<\/p>\n<ul>\n<li><strong>Estruturas:<\/strong>\u00a0As l\u00e2minas LVL tornaram-se o padr\u00e3o de ouro para componentes estruturais cr\u00edticos, tais como vigas, cabe\u00e7alhos, vigas, caibros e colunas. A sua elevada rela\u00e7\u00e3o resist\u00eancia\/peso, a excecional estabilidade dimensional e a resist\u00eancia superior \u00e0 deforma\u00e7\u00e3o, tor\u00e7\u00e3o e curvatura fazem delas a escolha ideal para aplica\u00e7\u00f5es estruturais exigentes em que a fiabilidade e o desempenho a longo prazo s\u00e3o fundamentais.<\/li>\n<li><strong>Componentes de janelas e portas:<\/strong>\u00a0A estabilidade dimensional e a integridade estrutural das ripas LVL tornam-nas excecionalmente adequadas para a constru\u00e7\u00e3o de janelas e portas. S\u00e3o habitualmente utilizadas para cabe\u00e7alhos, soleiras e ombreiras, proporcionando uma estrutura robusta e est\u00e1vel que garante um funcionamento suave e um desempenho duradouro, mesmo em condi\u00e7\u00f5es ambientais dif\u00edceis.<\/li>\n<li><strong>Fabrico de m\u00f3veis:<\/strong>\u00a0A ind\u00fastria do mobili\u00e1rio adoptou as ripas LVL pela sua capacidade de criar pe\u00e7as de mobili\u00e1rio fortes, est\u00e1veis e esteticamente agrad\u00e1veis. Desde estruturas robustas de cadeiras e mesas a suportes de cama robustos e unidades de prateleiras duradouras, as ripas LVL fornecem a espinha dorsal do mobili\u00e1rio que \u00e9 constru\u00eddo para durar.<\/li>\n<li><strong>Embalagem e acondicionamento:<\/strong>\u00a0Quando se trata de aplica\u00e7\u00f5es de embalagem e acondicionamento para trabalhos pesados, as ripas LVL oferecem a for\u00e7a, a durabilidade e a resist\u00eancia \u00e0 humidade necess\u00e1rias para proteger bens valiosos durante o transporte e o armazenamento. A sua capacidade para suportar o impacto e resistir aos elementos torna-as ideais para ambientes de expedi\u00e7\u00e3o exigentes.<\/li>\n<li><strong>Andaimes e cofragens:<\/strong>\u00a0A ind\u00fastria da constru\u00e7\u00e3o depende fortemente da capacidade de suporte de carga e da resist\u00eancia \u00e0 humidade das ripas LVL para pranchas de andaimes e cofragem de bet\u00e3o. A sua for\u00e7a e estabilidade inerentes garantem uma plataforma de trabalho segura e fi\u00e1vel para as equipas de constru\u00e7\u00e3o, enquanto a sua resist\u00eancia \u00e0 humidade lhes permite suportar os rigores dos locais de constru\u00e7\u00e3o ao ar livre.<\/li>\n<li><strong>Setor dos transportes:<\/strong>\u00a0As ripas LVL est\u00e3o a ser cada vez mais utilizadas no sector dos transportes, especialmente na constru\u00e7\u00e3o de pavimentos para cami\u00f5es e reboques. A sua elevada rela\u00e7\u00e3o for\u00e7a\/peso, durabilidade e resist\u00eancia ao desgaste tornam-nas ideais para suportar as exig\u00eancias de cargas pesadas e utiliza\u00e7\u00e3o frequente.<\/li>\n<\/ul>\n<h3>Vantagens das l\u00e2minas LVL de engenharia<\/h3>\n<p>As l\u00e2minas LVL Engineered Veneer oferecem um conjunto atraente de vantagens em rela\u00e7\u00e3o \u00e0 madeira tradicional e a outros materiais de constru\u00e7\u00e3o, tornando-as uma escolha superior para uma vasta gama de aplica\u00e7\u00f5es:<\/p>\n<ul>\n<li><strong>Resist\u00eancia e estabilidade excepcionais:<\/strong>\u00a0A constru\u00e7\u00e3o de folheados em camadas e a orienta\u00e7\u00e3o paralela do gr\u00e3o das ripas LVL resultam num produto com uma resist\u00eancia e estabilidade dimensional excepcionais, superando a madeira maci\u00e7a tradicional em flex\u00e3o, tens\u00e3o e compress\u00e3o. Esta resist\u00eancia e estabilidade superiores permitem v\u00e3os mais longos, utiliza\u00e7\u00e3o reduzida de material e maior flexibilidade de design.<\/li>\n<li><strong>Consist\u00eancia inabal\u00e1vel:<\/strong>\u00a0Ao contr\u00e1rio da madeira natural, que apresenta uma variabilidade inerente \u00e0 sua resist\u00eancia e estabilidade, as ripas LVL s\u00e3o fabricadas segundo normas rigorosas, garantindo uma qualidade e um desempenho consistentes de uma ripa para outra. Esta previsibilidade \u00e9 crucial para aplica\u00e7\u00f5es estruturais em que a fiabilidade \u00e9 fundamental.<\/li>\n<li><strong>Resist\u00eancia \u00e0 deforma\u00e7\u00e3o, tor\u00e7\u00e3o e curvatura:<\/strong>\u00a0As ripas LVL apresentam uma resist\u00eancia excecional ao empeno, \u00e0 tor\u00e7\u00e3o e \u00e0 curvatura, que s\u00e3o problemas comuns na madeira tradicional devido \u00e0s flutua\u00e7\u00f5es de humidade e \u00e0s tens\u00f5es internas. Esta estabilidade dimensional assegura uma integridade estrutural a longo prazo, minimiza as dispendiosas devolu\u00e7\u00f5es e reduz o desperd\u00edcio de material.<\/li>\n<li><strong>Disponibilidade em tamanhos grandes:<\/strong>\u00a0As ripas LVL podem ser fabricadas em tamanhos significativamente maiores do que a madeira tradicional, permitindo v\u00e3os mais largos, menor necessidade de juntas e maior flexibilidade de design. Isto \u00e9 particularmente vantajoso para projectos de grande escala e aplica\u00e7\u00f5es em que o suporte estrutural ininterrupto \u00e9 essencial.<\/li>\n<li><strong>Amigo do ambiente:<\/strong>\u00a0As ripas LVL Engineered Veneer oferecem uma escolha de material de constru\u00e7\u00e3o sustent\u00e1vel, uma vez que s\u00e3o fabricadas a partir de recursos de madeira de origem sustent\u00e1vel. A utiliza\u00e7\u00e3o eficiente da madeira no processo de descasque do folheado minimiza os res\u00edduos e reduz a press\u00e3o sobre as florestas.<\/li>\n<\/ul>\n<h3>L\u00e2minas LVL de folheado de engenharia vs. madeira serrada tradicional<\/h3>\n<table>\n<thead>\n<tr>\n<th>Carater\u00edstica<\/th>\n<th>L\u00e2minas LVL de madeira folheada de engenharia<\/th>\n<th>Madeira tradicional<\/th>\n<\/tr>\n<\/thead>\n<tbody>\n<tr>\n<td><strong>For\u00e7a<\/strong><\/td>\n<td>Rela\u00e7\u00e3o resist\u00eancia\/peso significativamente mais elevada, permitindo v\u00e3os mais longos e uma menor utiliza\u00e7\u00e3o de material<\/td>\n<td>Menor rela\u00e7\u00e3o resist\u00eancia\/peso, limitando o comprimento dos v\u00e3os e exigindo mais material<\/td>\n<\/tr>\n<tr>\n<td><strong>Estabilidade<\/strong><\/td>\n<td>Estabilidade dimensional excecional, resistindo \u00e0 deforma\u00e7\u00e3o, tor\u00e7\u00e3o e curvatura ao longo do tempo<\/td>\n<td>Suscet\u00edvel de deforma\u00e7\u00e3o, tor\u00e7\u00e3o e curvatura devido a flutua\u00e7\u00f5es de humidade e tens\u00f5es internas<\/td>\n<\/tr>\n<tr>\n<td><strong>Consist\u00eancia<\/strong><\/td>\n<td>Qualidade e desempenho consistentes de l\u00e2mina para l\u00e2mina devido a processos de fabrico controlados<\/td>\n<td>Variabilidade inerente da resist\u00eancia e estabilidade devido \u00e0s carater\u00edsticas naturais da madeira<\/td>\n<\/tr>\n<tr>\n<td><strong>Tamanho Disponibilidade<\/strong><\/td>\n<td>Dispon\u00edvel em tamanhos maiores, reduzindo a necessidade de juntas e aumentando a flexibilidade do design<\/td>\n<td>Limitada pelo tamanho da \u00e1rvore, exigindo juntas para v\u00e3os maiores e limitando as op\u00e7\u00f5es de conce\u00e7\u00e3o<\/td>\n<\/tr>\n<tr>\n<td><strong>Custo<\/strong><\/td>\n<td>Custo inicial geralmente mais elevado, mas frequentemente compensado pela redu\u00e7\u00e3o dos custos de m\u00e3o de obra e de material a longo prazo, devido ao aumento da efici\u00eancia e \u00e0 redu\u00e7\u00e3o dos res\u00edduos<\/td>\n<td>Geralmente, o custo inicial \u00e9 mais baixo, mas pode implicar custos de m\u00e3o de obra e de material mais elevados ao longo do tempo, devido ao aumento dos requisitos de material, ao desperd\u00edcio e \u00e0 possibilidade de rechamadas<\/td>\n<\/tr>\n<tr>\n<td><strong>Sustentabilidade<\/strong><\/td>\n<td>Mais sustent\u00e1vel devido \u00e0 utiliza\u00e7\u00e3o eficiente dos recursos de madeira, \u00e0 utiliza\u00e7\u00e3o de madeira de origem sustent\u00e1vel e \u00e0 redu\u00e7\u00e3o da produ\u00e7\u00e3o de res\u00edduos<\/td>\n<td>Menos sustent\u00e1vel devido ao potencial de produ\u00e7\u00e3o de res\u00edduos e \u00e0 depend\u00eancia de pr\u00e1ticas de colheita n\u00e3o sustent\u00e1veis<\/td>\n<\/tr>\n<\/tbody>\n<\/table>\n<h3>Por que escolher a madeira YuanTuo para l\u00e2minas LVL folheadas?<\/h3>\n<p>No panorama competitivo dos produtos de madeira projectada, a YuanTuo Wood destaca-se como um farol de qualidade, inova\u00e7\u00e3o e compromisso com o cliente. As nossas l\u00e2minas de LVL Engineered Veneer incorporam estes valores fundamentais, oferecendo uma solu\u00e7\u00e3o de constru\u00e7\u00e3o superior em que pode confiar para os seus projectos mais exigentes. Eis porque \u00e9 que construtores, arquitectos e designers exigentes de todo o mundo escolhem <a href=\"https:\/\/yuantuowood.com\/pt\/about-us\/\">Yuantuo Wood<\/a>:<\/p>\n<ul>\n<li><strong>Qualidade sem compromissos:<\/strong>\u00a0Na YuanTuo Wood, a qualidade n\u00e3o \u00e9 apenas um objetivo; \u00e9 um compromisso inabal\u00e1vel que permeia todos os aspectos da nossa opera\u00e7\u00e3o. Come\u00e7amos com a sele\u00e7\u00e3o de l\u00e2minas de qualidade superior provenientes de florestas geridas de forma respons\u00e1vel e utilizamos processos de fabrico de \u00faltima gera\u00e7\u00e3o para garantir que as nossas l\u00e2minas LVL cumprem ou excedem consistentemente as normas mais rigorosas da ind\u00fastria em termos de resist\u00eancia, estabilidade e desempenho.<\/li>\n<li><strong>Op\u00e7\u00f5es de personaliza\u00e7\u00e3o \u00e0 medida:<\/strong>\u00a0Compreendemos que cada projeto \u00e9 \u00fanico, com requisitos espec\u00edficos e considera\u00e7\u00f5es de design. \u00c9 por isso que oferecemos uma gama abrangente de op\u00e7\u00f5es de personaliza\u00e7\u00e3o para as nossas l\u00e2minas LVL Engineered Veneer. Quer necessite de tamanhos, graus, tratamentos ou acabamentos espec\u00edficos, a nossa equipa de especialistas trabalhar\u00e1 em estreita colabora\u00e7\u00e3o consigo para fornecer um produto que satisfa\u00e7a exatamente as especifica\u00e7\u00f5es do seu projeto.<\/li>\n<li><strong>Experi\u00eancia t\u00e9cnica inigual\u00e1vel:<\/strong>\u00a0A nossa equipa \u00e9 composta por profissionais experientes da ind\u00fastria, incluindo engenheiros experientes, cientistas da madeira e especialistas t\u00e9cnicos, que possuem um conhecimento profundo dos produtos de madeira e das suas aplica\u00e7\u00f5es. Estamos prontamente dispon\u00edveis para fornecer apoio t\u00e9cnico especializado e orienta\u00e7\u00e3o durante todo o ciclo de vida do seu projeto, desde as consultas iniciais de design e sele\u00e7\u00e3o de produtos at\u00e9 \u00e0 assist\u00eancia na instala\u00e7\u00e3o e resolu\u00e7\u00e3o de problemas no local.<\/li>\n<li><strong>Gest\u00e3o das nossas florestas:<\/strong>\u00a0Na YuanTuo Wood, acreditamos em ser administradores respons\u00e1veis dos recursos preciosos do nosso planeta. Estamos profundamente empenhados em pr\u00e1ticas florestais sustent\u00e1veis e num abastecimento respons\u00e1vel, assegurando que a madeira que utilizamos prov\u00e9m de florestas bem geridas que s\u00e3o colhidas de uma forma ambientalmente respons\u00e1vel. O nosso compromisso com a sustentabilidade estende-se a todas as nossas opera\u00e7\u00f5es, desde o abastecimento at\u00e9 ao fabrico, minimizando o nosso impacto ambiental em todas as fases.<\/li>\n<li><strong>Pre\u00e7os competitivos e valor:<\/strong>\u00a0Acreditamos que os produtos de madeira de alta qualidade devem ser acess\u00edveis a todos, e n\u00e3o apenas a um grupo restrito. \u00c9 por isso que oferecemos pre\u00e7os competitivos nas nossas l\u00e2minas de LVL Engineered Veneer sem comprometer a qualidade, o desempenho ou a sustentabilidade que definem a nossa marca. Estamos empenhados em oferecer aos nossos clientes o melhor valor poss\u00edvel, fornecendo produtos excepcionais a um pre\u00e7o justo e competitivo.<\/li>\n<\/ul>\n<h3>Perguntas frequentes (FAQ)<\/h3>\n<p><strong>1. Quais s\u00e3o as principais vantagens da utiliza\u00e7\u00e3o de l\u00e2minas de LVL Engineered Veneer em vez de vigas de madeira maci\u00e7a em aplica\u00e7\u00f5es estruturais, e como \u00e9 que essas vantagens se traduzem em benef\u00edcios reais para os construtores e propriet\u00e1rios de casas?<\/strong><\/p>\n<p>As ripas LVL Engineered Veneer oferecem v\u00e1rias vantagens importantes em rela\u00e7\u00e3o \u00e0s vigas de madeira maci\u00e7a em aplica\u00e7\u00f5es estruturais. Em primeiro lugar, as ripas LVL apresentam uma rela\u00e7\u00e3o resist\u00eancia\/peso significativamente mais elevada, o que significa que podem suportar cargas mais pesadas em v\u00e3os mais longos, utilizando menos material. Isto traduz-se em benef\u00edcios reais para os construtores, incluindo custos de material reduzidos, tempos de instala\u00e7\u00e3o mais r\u00e1pidos e maior flexibilidade de design. Para os propriet\u00e1rios de casas, significa estruturas mais fortes e mais est\u00e1veis, menos propensas a problemas como soalhos desca\u00eddos ou tectos rachados.<\/p>\n<p>Em segundo lugar, as ripas LVL s\u00e3o muito mais est\u00e1veis do ponto de vista dimensional do que a madeira maci\u00e7a, resistindo \u00e0 deforma\u00e7\u00e3o, tor\u00e7\u00e3o e curvatura ao longo do tempo. Esta estabilidade assegura uma integridade estrutural a longo prazo, minimizando o risco de dispendiosas chamadas de retorno para os construtores e proporcionando aos propriet\u00e1rios a tranquilidade de saberem que as suas casas foram constru\u00eddas para durar.<\/p>\n<p>Por \u00faltimo, as ripas LVL s\u00e3o fabricadas segundo normas rigorosas, garantindo uma qualidade e um desempenho consistentes de uma ripa para outra, ao contr\u00e1rio da variabilidade inerente encontrada na madeira natural. Esta previsibilidade simplifica o processo de conce\u00e7\u00e3o para os construtores e assegura um n\u00edvel mais elevado de qualidade e consist\u00eancia na estrutura final para os propriet\u00e1rios.<\/p>\n<p><strong>2. As l\u00e2minas Engineered Veneer LVL s\u00e3o adequadas para aplica\u00e7\u00f5es exteriores, onde podem ser expostas \u00e0 humidade e \u00e0s intemp\u00e9ries, ou s\u00e3o principalmente recomendadas para uso interior?<\/strong><\/p>\n<p>Embora as ripas Engineered Veneer LVL ofere\u00e7am uma boa resist\u00eancia inerente \u00e0 humidade em compara\u00e7\u00e3o com a madeira tradicional, s\u00e3o normalmente recomendadas para aplica\u00e7\u00f5es interiores onde n\u00e3o est\u00e3o diretamente expostas aos elementos. A exposi\u00e7\u00e3o prolongada \u00e0 humidade pode provocar incha\u00e7o, apodrecimento e outros danos relacionados com a humidade.<\/p>\n<p>No entanto, para aplica\u00e7\u00f5es exteriores em que as ripas LVL estejam expostas \u00e0 humidade e \u00e0s intemp\u00e9ries, \u00e9 crucial consultar a nossa equipa t\u00e9cnica para discutir os tratamentos e medidas de prote\u00e7\u00e3o adequados. Podemos recomendar tratamentos e revestimentos espec\u00edficos que podem melhorar a resist\u00eancia \u00e0s intemp\u00e9ries das ripas LVL, tornando-as adequadas para determinadas aplica\u00e7\u00f5es exteriores.<\/p>\n<p><strong>3. Qual \u00e9 o tempo de vida t\u00edpico das l\u00e2minas de LVL Engineered Veneer quando corretamente instaladas e mantidas, e que factores podem influenciar a sua longevidade?<\/strong><\/p>\n<p>As ripas LVL Engineered Veneer, quando corretamente instaladas e mantidas, podem proporcionar d\u00e9cadas de desempenho estrutural fi\u00e1vel. A sua for\u00e7a excecional, estabilidade e resist\u00eancia \u00e0 deteriora\u00e7\u00e3o garantem uma longa vida \u00fatil, tornando-as um investimento sensato para qualquer projeto de constru\u00e7\u00e3o.<\/p>\n<p>V\u00e1rios factores podem influenciar a vida \u00fatil das ripas LVL, incluindo:<\/p>\n<ul>\n<li><strong>Qualidade de instala\u00e7\u00e3o:<\/strong>\u00a0A instala\u00e7\u00e3o correta \u00e9 crucial para garantir o desempenho a longo prazo das ripas LVL. Devem ser instaladas de acordo com as recomenda\u00e7\u00f5es do fabricante, utilizando fixadores e t\u00e9cnicas adequadas.<\/li>\n<li><strong>Condi\u00e7\u00f5es ambientais:<\/strong>\u00a0As ripas LVL t\u00eam um melhor desempenho em ambientes secos e com temperatura controlada. A exposi\u00e7\u00e3o prolongada \u00e0 humidade, a temperaturas extremas ou \u00e0 radia\u00e7\u00e3o UV pode reduzir o seu tempo de vida \u00fatil.<\/li>\n<li><strong>Manuten\u00e7\u00e3o:<\/strong>\u00a0A inspe\u00e7\u00e3o e manuten\u00e7\u00e3o regulares podem ajudar a identificar e resolver problemas potenciais numa fase inicial, prolongando a vida \u00fatil das ripas LVL.<\/li>\n<\/ul>\n<p><strong>4. \u00c9 poss\u00edvel cortar e moldar as l\u00e2minas de LVL Engineered Veneer no local utilizando ferramentas de carpintaria normais, ou s\u00e3o necess\u00e1rios equipamentos e conhecimentos especializados?<\/strong><\/p>\n<p>Sim, as l\u00e2minas de LVL podem ser cortadas e moldadas no local utilizando ferramentas normais para trabalhar madeira, tais como serras circulares, serras de recortes e berbequins. No entanto, \u00e9 crucial seguir as precau\u00e7\u00f5es de seguran\u00e7a adequadas e utilizar l\u00e2minas de corte apropriadas, especificamente concebidas para produtos de madeira projectada.<\/p>\n<p>A nossa equipa t\u00e9cnica pode fornecer orienta\u00e7\u00f5es sobre as t\u00e9cnicas de corte recomendadas, medidas de seguran\u00e7a e sele\u00e7\u00e3o adequada de l\u00e2minas para garantir modifica\u00e7\u00f5es seguras e eficientes no local.<\/p>\n<p><strong>5. A YuanTuo Wood oferece servi\u00e7os de apoio t\u00e9cnico para ajudar arquitectos, construtores e designers na conce\u00e7\u00e3o, especifica\u00e7\u00e3o e instala\u00e7\u00e3o das suas l\u00e2minas LVL Engineered Veneer?<\/strong><\/p>\n<p>Com certeza! Na YuanTuo Wood, acreditamos em fornecer um apoio abrangente aos nossos valiosos clientes. A nossa equipa de engenheiros experientes e peritos t\u00e9cnicos est\u00e1 prontamente dispon\u00edvel para fornecer orienta\u00e7\u00e3o e apoio especializados ao longo do ciclo de vida do seu projeto, desde as consultas iniciais de conce\u00e7\u00e3o e sele\u00e7\u00e3o de produtos at\u00e9 \u00e0 assist\u00eancia \u00e0 instala\u00e7\u00e3o no local e resolu\u00e7\u00e3o de problemas.<\/p>\n<p>Podemos ajudar com:<\/p>\n<ul>\n<li><strong>Sele\u00e7\u00e3o de produtos:<\/strong>\u00a0Ajudamo-lo a escolher o produto de ripas LVL adequado \u00e0 sua aplica\u00e7\u00e3o espec\u00edfica e aos seus requisitos de design.<\/li>\n<li><strong>Assist\u00eancia \u00e0 conce\u00e7\u00e3o:<\/strong>\u00a0Fornecimento de orienta\u00e7\u00e3o e apoio t\u00e9cnico durante a fase de projeto, incluindo c\u00e1lculos de carga, tabelas de v\u00e3os e pormenores de liga\u00e7\u00e3o.<\/li>\n<li><strong>Guia de instala\u00e7\u00e3o:<\/strong>\u00a0Oferecer apoio \u00e0 instala\u00e7\u00e3o no local ou remota para garantir t\u00e9cnicas de instala\u00e7\u00e3o corretas e resolver quaisquer desafios t\u00e9cnicos.<\/li>\n<li><strong>Resolu\u00e7\u00e3o de problemas:<\/strong>\u00a0Ajudar a resolver quaisquer problemas t\u00e9cnicos ou quest\u00f5es que possam surgir durante ou ap\u00f3s a instala\u00e7\u00e3o.<\/li>\n<\/ul>","protected":false},"excerpt":{"rendered":"<p>As ripas LVL Engineered Veneer s\u00e3o uma solu\u00e7\u00e3o de constru\u00e7\u00e3o sustent\u00e1vel, est\u00e1vel e de elevada resist\u00eancia, ideal para uma vasta gama de aplica\u00e7\u00f5es estruturais e de design. Fabricadas a partir de l\u00e2minas de madeira em camadas, oferecem uma rela\u00e7\u00e3o for\u00e7a\/peso excecional, estabilidade dimensional e resist\u00eancia \u00e0 deforma\u00e7\u00e3o, tor\u00e7\u00e3o e curvatura. Ideais para vigas, cabeceiras, vigas, mobili\u00e1rio e muito mais, as ripas LVL proporcionam um desempenho superior e sustentabilidade em compara\u00e7\u00e3o com a madeira tradicional.<\/p>","protected":false},"featured_media":531,"template":"","meta":{"_kad_blocks_custom_css":"","_kad_blocks_head_custom_js":"","_kad_blocks_body_custom_js":"","_kad_blocks_footer_custom_js":"","_kad_post_transparent":"default","_kad_post_title":"","_kad_post_layout":"default","_kad_post_sidebar_id":"","_kad_post_content_style":"default","_kad_post_vertical_padding":"default","_kad_post_feature":"","_kad_post_feature_position":"","_kad_post_header":false,"_kad_post_footer":false,"_kad_post_classname":""},"product_brand":[],"product_cat":[20],"product_tag":[],"class_list":{"0":"post-568","1":"product","2":"type-product","3":"status-publish","4":"has-post-thumbnail","6":"product_cat-lvl-slats","8":"first","9":"instock","10":"shipping-taxable","11":"product-type-simple","12":"entry","13":"content-bg","14":"loop-entry"},"taxonomy_info":{"product_cat":[{"value":20,"label":"LVL Slats"}]},"featured_image_src_large":["https:\/\/yuantuowood.com\/wp-content\/uploads\/2024\/08\/Engineered-Veneer-LVL-Slats-1024x683.jpg",1024,683,true],"author_info":[],"comment_info":"","_links":{"self":[{"href":"https:\/\/yuantuowood.com\/pt\/wp-json\/wp\/v2\/product\/568","targetHints":{"allow":["GET"]}}],"collection":[{"href":"https:\/\/yuantuowood.com\/pt\/wp-json\/wp\/v2\/product"}],"about":[{"href":"https:\/\/yuantuowood.com\/pt\/wp-json\/wp\/v2\/types\/product"}],"wp:featuredmedia":[{"embeddable":true,"href":"https:\/\/yuantuowood.com\/pt\/wp-json\/wp\/v2\/media\/531"}],"wp:attachment":[{"href":"https:\/\/yuantuowood.com\/pt\/wp-json\/wp\/v2\/media?parent=568"}],"wp:term":[{"taxonomy":"product_brand","embeddable":true,"href":"https:\/\/yuantuowood.com\/pt\/wp-json\/wp\/v2\/product_brand?post=568"},{"taxonomy":"product_cat","embeddable":true,"href":"https:\/\/yuantuowood.com\/pt\/wp-json\/wp\/v2\/product_cat?post=568"},{"taxonomy":"product_tag","embeddable":true,"href":"https:\/\/yuantuowood.com\/pt\/wp-json\/wp\/v2\/product_tag?post=568"}],"curies":[{"name":"wp","href":"https:\/\/api.w.org\/{rel}","templated":true}]}}